{"id":33134,"date":"2024-01-25T13:50:42","date_gmt":"2024-01-25T13:50:42","guid":{"rendered":"https:\/\/educare.design\/?post_type=product&#038;p=33134"},"modified":"2026-04-07T18:49:44","modified_gmt":"2026-04-07T18:49:44","slug":"nihilist-penguin","status":"publish","type":"product","link":"https:\/\/educare.design\/it\/shop\/nihilist-penguin\/","title":{"rendered":"Pinguino Nichilista"},"content":{"rendered":"<div id=\"fws_6a00ca4c7ed7a\"  data-column-margin=\"default\" data-midnight=\"dark\"  class=\"wpb_row vc_row-fluid vc_row\"  style=\"padding-top: 0px; padding-bottom: 0px; \"><div class=\"row-bg-wrap\" data-bg-animation=\"none\" data-bg-animation-delay=\"\" data-bg-overlay=\"false\"><div class=\"inner-wrap row-bg-layer\" ><div class=\"row-bg viewport-desktop\"  style=\"\"><\/div><\/div><\/div><div class=\"row_col_wrap_12 col span_12 dark left\">\n\t<div  class=\"vc_col-sm-12 wpb_column column_container vc_column_container col no-extra-padding inherit_tablet inherit_phone flex_gap_desktop_10px\"  data-padding-pos=\"all\" data-has-bg-color=\"false\" data-bg-color=\"\" data-bg-opacity=\"1\" data-animation=\"\" data-delay=\"0\" >\n\t\t<div class=\"vc_column-inner\" >\n\t\t\t<div class=\"wpb_wrapper\">\n\t\t\t\t\n<div class=\"wpb_text_column wpb_content_element\" >\n\t<p>Categoria:<br \/>\n<em><a href=\"https:\/\/educare.design\/it\/cat\/pop-art\/\" target=\"_blank\" rel=\"noopener\">Pop Art &amp; Astratti<\/a><\/em><br \/>\nSpesso esposto insieme a:<br \/>\n<em><a href=\"https:\/\/educare.design\/it\/shop\/get-adjusted\/\" target=\"_blank\" rel=\"noopener\">Get Adjusted!<\/a><\/em><\/p>\n<p>Disponibili come <a href=\"https:\/\/educare.design\/it\/posters\/\" target=\"_blank\" rel=\"noopener\">stampe poster<\/a> (<em>cornici non incluse<\/em>), <a href=\"https:\/\/educare.design\/it\/stampe-su-tela\/\" target=\"_blank\" rel=\"noopener\">stampe su tela<\/a> (<em>con cornici integrate<\/em>), e stampa fai-da-te <a href=\"https:\/\/educare.design\/it\/digital-pdf-files\/\" target=\"_blank\" rel=\"noopener\">file PDF<\/a>. Sfoglia la galleria immagini per vedere le opzioni disponibili per quest\u2019opera, incl. <a href=\"https:\/\/educare.design\/it\/sizes-types\/\" target=\"_blank\" rel=\"noopener\">tipi e dimensioni<\/a>, posizionamento del logo opzionale e le dieci versioni linguistiche! \ud83c\udf81 <em>Un regalo silenziosamente brillante per il collega che comprende sia la struttura che l\u2019ironia\u2026<\/em><\/p>\n<p><span style=\"color: #488693;\"><strong>\u2605\u2605\u2605\u2605\u2605<\/strong><\/span> <em>\"Poster di grande qualit\u00e0, tempi di risposta e servizio rapidi, contatto fantastico!\".<\/em> - \ud83c\udde9\ud83c\uddea <a href=\"https:\/\/www.trustpilot.com\/review\/educare.design\" target=\"_blank\" rel=\"noopener\">Doctor Lemke<\/a><\/p>\n<\/div>\n\n\n\n\n\t\t\t<\/div> \n\t\t<\/div>\n\t<\/div> \n<\/div><\/div>","protected":false},"excerpt":{"rendered":"<p>Un\u2019opera asciutta e intelligente, ispirata al tono documentaristico e spietato del \u201cPinguino Nichilista\u201d di Werner Herzog, in cui un pinguino solitario si allontana dalla colonia, apparentemente spinto da un impulso inspiegabile, dirigendosi verso il vasto e indifferente nulla. La narrazione \u00e8 solenne. L\u2019esito sembra inevitabile. Nessuno sa perch\u00e9 <em>\u2026 finch\u00e9 la seconda nuvoletta non ribalta tutto.<\/em><\/p>\n<p>L\u2019assurdit\u00e0 silenziosa nasce dal contrasto. La narrazione grandiosa e fatalistica si scontra con una spiegazione del tutto pratica. L\u2019umorismo \u00e8 sottile e asciutto \u2014 quello che premia l\u2019attenzione invece di richiederla. Non \u00e8 comicit\u00e0 rumorosa. \u00c8 ironia atmosferica.<\/p>\n<p>Esposta in sala d\u2019attesa, nello studio di consulenza o nell\u2019area trattamento, quest\u2019opera aggiunge carattere senza creare confusione. Comunica intelligenza e sicurezza; la capacit\u00e0 di apprezzare l\u2019umorismo senza compromettere la professionalit\u00e0. I pazienti la notano. Alcuni sorridono subito. Altri si fermano, leggono due volte\u2026 e poi sorridono.<\/p>\n<p><strong>Rendila personale!<\/strong><br \/>\nNell\u2019opera, il testo \"<span style=\"color: #c48b2c;\"><strong>NOME DELLA TUA CLINICA<\/strong><\/span>\" verr\u00e0 sostituito con il nome reale della tua clinica, permettendo al tuo studio di diventare parte integrante della narrazione. <em>Ti contatteremo dopo l\u2019acquisto per coordinare la personalizzazione.<\/em><\/p>\n<p><a href=\"https:\/\/youtu.be\/YKN2sIKpb9M\"><img loading=\"lazy\" decoding=\"async\" class=\"alignleft size-full wp-image-17589\" src=\"https:\/\/educare.design\/wp-content\/uploads\/2023\/12\/youtube-logo.png\" alt=\"\" width=\"55\" height=\"22\" \/><\/a>Guarda questa opera d'arte <a href=\"https:\/\/youtu.be\/YKN2sIKpb9M\" target=\"_blank\" rel=\"noopener\">qui<\/a> su Youtube.<\/p>\n<p>\ud83c\uddec\ud83c\udde7 <a href=\"https:\/\/educare.design\/wp-content\/uploads\/2026\/02\/Nihilist-Penguin_english.jpg\" target=\"_blank\" rel=\"noopener\">View more details of the English version.<\/a><br \/>\n\ud83c\uddee\ud83c\uddf9 <a href=\"https:\/\/educare.design\/wp-content\/uploads\/2026\/02\/Nihilist-Penguin_italian.jpg\" target=\"_blank\" rel=\"noopener\">Vedi i dettagli della versione italiana.<\/a><br \/>\n\ud83c\uddea\ud83c\uddf8 <a href=\"https:\/\/educare.design\/wp-content\/uploads\/2026\/02\/Nihilist-Penguin_spanish.jpg\" target=\"_blank\" rel=\"noopener\">Ver detalles de la versi\u00f3n en espa\u00f1ol.<\/a><br \/>\n\ud83c\udde9\ud83c\uddea <a href=\"https:\/\/educare.design\/wp-content\/uploads\/2026\/02\/Nihilist-Penguin_german.jpg\" target=\"_blank\" rel=\"noopener\">Details zur deutschen Version anzeigen.<\/a><br \/>\n\ud83c\uddeb\ud83c\uddf7 <a href=\"https:\/\/educare.design\/wp-content\/uploads\/2026\/02\/Nihilist-Penguin_french.jpg\" target=\"_blank\" rel=\"noopener\">Voir les d\u00e9tails de la version fran\u00e7aise.<\/a><br \/>\n\ud83c\uddf3\ud83c\uddf1 <a href=\"https:\/\/educare.design\/wp-content\/uploads\/2026\/02\/Nihilist-Penguin_dutch.jpg\" target=\"_blank\" rel=\"noopener\">Bekijk details van de Nederlandse versie.<\/a><br \/>\n\ud83c\uddf5\ud83c\uddf9 <a href=\"https:\/\/educare.design\/wp-content\/uploads\/2026\/02\/Nihilist-Penguin_portuguese.jpg\" target=\"_blank\" rel=\"noopener\">Veja mais detalhes da vers\u00e3o portuguesa.<\/a><br \/>\n\ud83c\uddf8\ud83c\uddea <a href=\"https:\/\/educare.design\/wp-content\/uploads\/2026\/02\/Nihilist-Penguin_svensk.jpg\" target=\"_blank\" rel=\"noopener\">Se fler detaljer om den svenska versionen.<\/a><br \/>\n\ud83c\uddf3\ud83c\uddf4 <a href=\"https:\/\/educare.design\/wp-content\/uploads\/2026\/02\/Nihilist-Penguin_norsk.jpg\" target=\"_blank\" rel=\"noopener\">Se flere detaljer om den norske versjonen.<\/a><br \/>\n\ud83c\udde9\ud83c\uddf0 <a href=\"https:\/\/educare.design\/wp-content\/uploads\/2026\/02\/Nihilist-Penguin_dansk.jpg\" target=\"_blank\" rel=\"noopener\">Se flere detaljer fra den danske version.<\/a><\/p>\n<p><strong>Integralo nel tuo studio!<\/strong><br \/>\n<strong>\u2b07<\/strong> Ordina qui.<\/p>","protected":false},"featured_media":33655,"template":"","meta":{"_acf_changed":false},"product_brand":[],"product_cat":[452,546],"product_tag":[],"class_list":{"0":"post-33134","1":"product","2":"type-product","3":"status-publish","4":"has-post-thumbnail","6":"product_cat-pop-art","7":"product_cat-universal","9":"first","10":"instock","11":"shipping-taxable","12":"purchasable","13":"product-type-variable","14":"has-default-attributes"},"acf":[],"jetpack_sharing_enabled":true,"_links":{"self":[{"href":"https:\/\/educare.design\/it\/wp-json\/wp\/v2\/product\/33134","targetHints":{"allow":["GET"]}}],"collection":[{"href":"https:\/\/educare.design\/it\/wp-json\/wp\/v2\/product"}],"about":[{"href":"https:\/\/educare.design\/it\/wp-json\/wp\/v2\/types\/product"}],"wp:featuredmedia":[{"embeddable":true,"href":"https:\/\/educare.design\/it\/wp-json\/wp\/v2\/media\/33655"}],"wp:attachment":[{"href":"https:\/\/educare.design\/it\/wp-json\/wp\/v2\/media?parent=33134"}],"wp:term":[{"taxonomy":"product_brand","embeddable":true,"href":"https:\/\/educare.design\/it\/wp-json\/wp\/v2\/product_brand?post=33134"},{"taxonomy":"product_cat","embeddable":true,"href":"https:\/\/educare.design\/it\/wp-json\/wp\/v2\/product_cat?post=33134"},{"taxonomy":"product_tag","embeddable":true,"href":"https:\/\/educare.design\/it\/wp-json\/wp\/v2\/product_tag?post=33134"}],"curies":[{"name":"wp","href":"https:\/\/api.w.org\/{rel}","templated":true}]}}