{"id":27575,"date":"2024-10-10T15:47:58","date_gmt":"2024-10-10T15:47:58","guid":{"rendered":"https:\/\/educare.design\/?post_type=product&#038;p=27575"},"modified":"2026-04-07T08:21:27","modified_gmt":"2026-04-07T08:21:27","slug":"trigger-points-miofasciali-set-tavole-anatomiche","status":"publish","type":"product","link":"https:\/\/educare.design\/it\/shop\/the-myofascial-trigger-points\/","title":{"rendered":"Il Set dei Trigger Point Miofasciali"},"content":{"rendered":"<div id=\"fws_69ffa64624570\"  data-column-margin=\"default\" data-midnight=\"dark\"  class=\"wpb_row vc_row-fluid vc_row\"  style=\"padding-top: 0px; padding-bottom: 0px; \"><div class=\"row-bg-wrap\" data-bg-animation=\"none\" data-bg-animation-delay=\"\" data-bg-overlay=\"false\"><div class=\"inner-wrap row-bg-layer\" ><div class=\"row-bg viewport-desktop\"  style=\"\"><\/div><\/div><\/div><div class=\"row_col_wrap_12 col span_12 dark left\">\n\t<div  class=\"vc_col-sm-12 wpb_column column_container vc_column_container col no-extra-padding inherit_tablet inherit_phone flex_gap_desktop_10px\"  data-padding-pos=\"all\" data-has-bg-color=\"false\" data-bg-color=\"\" data-bg-opacity=\"1\" data-animation=\"\" data-delay=\"0\" >\n\t\t<div class=\"vc_column-inner\" >\n\t\t\t<div class=\"wpb_wrapper\">\n\t\t\t\t\n<div class=\"wpb_text_column wpb_content_element\" >\n\t<p>Parte di:<br \/>\n<a href=\"https:\/\/educare.design\/it\/item\/musculoskeletal\/\" target=\"_blank\" rel=\"noopener\"><em>Movimento &amp; Muscoli<\/em><\/a><br \/>\nRilevante anche per:<br \/>\n<a href=\"https:\/\/educare.design\/it\/item\/nervous-system\/\" target=\"_blank\" rel=\"noopener\"><em>Neuro &amp; Regolazione<\/em><\/a><br \/>\nSpesso esposto insieme a:<br \/>\n<em><a href=\"https:\/\/educare.design\/it\/shop\/anatomica-colonna-vertebrale\/\" target=\"_blank\" rel=\"noopener\">La Colonna Vertebrale<\/a><\/em>, <em><a href=\"https:\/\/educare.design\/it\/shop\/anatomica-nervi-spinali\/\" target=\"_blank\" rel=\"noopener\">I Nervi Spinali<\/a><\/em><\/p>\n<p>Disponibili come <a href=\"https:\/\/educare.design\/it\/posters\/\" target=\"_blank\" rel=\"noopener\">stampe poster<\/a> (<em>cornici non incluse<\/em>), <a href=\"https:\/\/educare.design\/it\/stampe-su-tela\/\" target=\"_blank\" rel=\"noopener\">stampe su tela<\/a> (<em>con cornici integrate<\/em>), e stampa fai-da-te <a href=\"https:\/\/educare.design\/it\/digital-pdf-files\/\" target=\"_blank\" rel=\"noopener\">file PDF<\/a>. Sfoglia la galleria immagini per vedere le opzioni disponibili per quest\u2019opera, incl. <a href=\"https:\/\/educare.design\/it\/sizes-types\/\" target=\"_blank\" rel=\"noopener\">tipi e dimensioni<\/a>, posizionamento opzionale di nome o sito web, e le dieci versioni linguistiche!<\/p>\n<p><span style=\"color: #488693;\"><strong>\u2605\u2605\u2605\u2605\u2605<\/strong><\/span> <em>\u201c\u00a1Excelente servicio, muy recomendable!\u201d<\/em> \u2013 \ud83c\uddea\ud83c\uddf8 <a href=\"https:\/\/moz-chiro.com\/\" target=\"_blank\" rel=\"noopener\">MOZAIC Chiropractic<\/a><\/p>\n<\/div>\n\n\n\n\n\t\t\t<\/div> \n\t\t<\/div>\n\t<\/div> \n<\/div><\/div>","protected":false},"excerpt":{"rendered":"<p><strong>Set MTrP di 2.<\/strong><br \/>\nUn sistema visivo strutturato in modo clinico per identificare i trigger point miofasciali con chiarezza e precisione. Questo set di due tavole mappa i trigger point miofasciali pi\u00f9 comunemente riscontrati in tutto il corpo, integrando l\u2019anatomia muscolare con punti numerati chiaramente visibili in vista anteriore e posteriore. Piuttosto che presentare i trigger point in modo isolato, il layout collega ogni punto direttamente al muscolo associato \u2014 consentendo un orientamento visivo rapido durante la valutazione e la spiegazione.<\/p>\n<p>Il set \u00e8 suddiviso in: <strong>Parte Superiore del Corpo (Anteriore e Posteriore) e Parte Inferiore del Corpo (Anteriore e Posteriore)<\/strong>. \u00c8 progettato per funzionare come un sistema di riferimento completo ed \u00e8 pertanto venduto esclusivamente come set di due.<\/p>\n<p>I Trigger Point Miofasciali (MTrP) sono aree discrete e iperirritabili all\u2019interno di bande tese del muscolo scheletrico. Sono comunemente associati a dolorabilit\u00e0 locale, rigidit\u00e0, limitazione del range di movimento e tipici schemi di dolore riferito. Possono svilupparsi in seguito a sovraccarico, stress ripetitivo, posture scorrette, trauma o contrattura muscolare prolungata. Le tavole distinguono chiaramente le regioni anatomiche mantenendo semplicit\u00e0 visiva \u2014 risultando efficaci come:<\/p>\n<p><em>Riferimento per il professionista durante la valutazione.<br \/>\nStrumento educativo per il paziente.<br \/>\nSupporto didattico in ambito di terapia manuale.<\/em><\/p>\n<p>I trigger point attivi possono generare dolore spontaneo o riferito, mentre quelli latenti rimangono silenti fino alla palpazione. Mappando visivamente queste differenze nei gruppi muscolari funzionali, il set supporta una spiegazione strutturata del dolore riferito, degli squilibri muscolari e dei pattern da sovraccarico.<\/p>\n<p>Esposto in clinica, il set diventa un potente ponte comunicativo. Permette al paziente di comprendere come un disturbo locale possa essere collegato a tensioni muscolari in altre aree del corpo. Piuttosto che parlare in modo astratto di \u201ctensione\u201d o \u201ctrigger point\u201d, l\u2019opera fornisce un contesto anatomico che rafforza la credibilit\u00e0 clinica e migliora il flusso della consultazione. \u00c8 un sistema di riferimento MTrP pratico e completo, progettato per supportare una valutazione precisa, spiegazioni pi\u00f9 chiare e un dialogo clinico meglio informato.<\/p>\n<p><strong>Personalizzazione gratuita con il nome della tua clinica.<\/strong><br \/>\nPer questa opera d'arte offriamo di aggiungere gratuitamente il nome della tua clinica (o l'indirizzo del sito web)! Il nome andr\u00e0 al posto dell'attuale sottotitolo sull'opera d'arte; guarda un'illustrazione di questo nella galleria di immagini.<\/p>\n<p><strong>Edizione Nera.<\/strong><br \/>\nQuesto chart \u00e8 disponibile anche in una speciale edizione nera, visibile nell\u2019anteprima della galleria immagini.<\/p>\n<p><a href=\"https:\/\/youtu.be\/D4-ED0E2tUU\"><img loading=\"lazy\" decoding=\"async\" class=\"alignleft size-full wp-image-17589\" src=\"https:\/\/educare.design\/wp-content\/uploads\/2023\/12\/youtube-logo.png\" alt=\"\" width=\"55\" height=\"22\" \/><\/a>Visualizza questo set <a href=\"https:\/\/youtu.be\/D4-ED0E2tUU\" target=\"_blank\" rel=\"noopener\">qui<\/a> e <a href=\"https:\/\/youtu.be\/6-6RpUdF7Zc\" target=\"_blank\" rel=\"noopener\">qui<\/a> su Youtube.<\/p>\n<p>\ud83c\uddec\ud83c\udde7 <a href=\"https:\/\/educare.design\/wp-content\/uploads\/2025\/02\/00_trigger-points-set.jpg\" target=\"_blank\" rel=\"noopener\">View more details of the English version.<\/a><br \/>\n\ud83c\uddee\ud83c\uddf9 <a href=\"https:\/\/educare.design\/wp-content\/uploads\/2025\/02\/00_trigger-points-set_italian.jpg\" target=\"_blank\" rel=\"noopener\">Vedi i dettagli della versione italiana.<\/a><br \/>\n\ud83c\uddea\ud83c\uddf8 <a href=\"https:\/\/educare.design\/wp-content\/uploads\/2025\/02\/00_trigger-points-set_spanish.jpg\" target=\"_blank\" rel=\"noopener\">Ver detalles de la versi\u00f3n en espa\u00f1ol.<\/a><br \/>\n\ud83c\udde9\ud83c\uddea <a href=\"https:\/\/educare.design\/wp-content\/uploads\/2025\/02\/00_trigger-points-set_german.jpg\" target=\"_blank\" rel=\"noopener\">Details zur deutschen Version anzeigen.<\/a><br \/>\n\ud83c\uddeb\ud83c\uddf7 <a href=\"https:\/\/educare.design\/wp-content\/uploads\/2025\/02\/00_trigger-points-set_french.jpg\" target=\"_blank\" rel=\"noopener\">Voir les d\u00e9tails de la version fran\u00e7aise.<\/a><br \/>\n\ud83c\uddf3\ud83c\uddf1 <a href=\"https:\/\/educare.design\/wp-content\/uploads\/2024\/10\/00_trigger-points-set_dutch.jpg\" target=\"_blank\" rel=\"noopener\">Bekijk details van de Nederlandse versie.<\/a><br \/>\n\ud83c\uddf5\ud83c\uddf9 <a href=\"https:\/\/educare.design\/wp-content\/uploads\/2025\/04\/00_trigger-points-set_portuguese.jpg\" target=\"_blank\" rel=\"noopener\">Veja mais detalhes da vers\u00e3o portuguesa.<\/a><br \/>\n\ud83c\uddf8\ud83c\uddea <a href=\"https:\/\/educare.design\/wp-content\/uploads\/2025\/04\/00_trigger-points-set_svensk.jpg\" target=\"_blank\" rel=\"noopener\">Se fler detaljer om den svenska versionen.<\/a><br \/>\n\ud83c\uddf3\ud83c\uddf4 <a href=\"https:\/\/educare.design\/wp-content\/uploads\/2025\/04\/00_trigger-points-set_norsk.jpg\" target=\"_blank\" rel=\"noopener\">Se flere detaljer om den norske versjonen.<\/a><br \/>\n\ud83c\udde9\ud83c\uddf0 <a href=\"https:\/\/educare.design\/wp-content\/uploads\/2025\/04\/00_trigger-points-set_dansk.jpg\" target=\"_blank\" rel=\"noopener\">Se flere detaljer fra den danske version.<\/a><\/p>\n<p><strong>Integralo nel tuo studio!<\/strong><br \/>\n<strong>\u2b07<\/strong> Ordina qui.<\/p>","protected":false},"featured_media":27608,"template":"","meta":{"_acf_changed":false},"product_brand":[],"product_cat":[47],"product_tag":[501,502],"class_list":{"0":"post-27575","1":"product","2":"type-product","3":"status-publish","4":"has-post-thumbnail","6":"product_cat-anatomy","7":"product_tag-musculoskeletal","8":"product_tag-nervous-system","10":"first","11":"instock","12":"shipping-taxable","13":"purchasable","14":"product-type-variable","15":"has-default-attributes"},"acf":[],"jetpack_sharing_enabled":true,"_links":{"self":[{"href":"https:\/\/educare.design\/it\/wp-json\/wp\/v2\/product\/27575","targetHints":{"allow":["GET"]}}],"collection":[{"href":"https:\/\/educare.design\/it\/wp-json\/wp\/v2\/product"}],"about":[{"href":"https:\/\/educare.design\/it\/wp-json\/wp\/v2\/types\/product"}],"wp:featuredmedia":[{"embeddable":true,"href":"https:\/\/educare.design\/it\/wp-json\/wp\/v2\/media\/27608"}],"wp:attachment":[{"href":"https:\/\/educare.design\/it\/wp-json\/wp\/v2\/media?parent=27575"}],"wp:term":[{"taxonomy":"product_brand","embeddable":true,"href":"https:\/\/educare.design\/it\/wp-json\/wp\/v2\/product_brand?post=27575"},{"taxonomy":"product_cat","embeddable":true,"href":"https:\/\/educare.design\/it\/wp-json\/wp\/v2\/product_cat?post=27575"},{"taxonomy":"product_tag","embeddable":true,"href":"https:\/\/educare.design\/it\/wp-json\/wp\/v2\/product_tag?post=27575"}],"curies":[{"name":"wp","href":"https:\/\/api.w.org\/{rel}","templated":true}]}}