{"id":14907,"date":"2024-12-12T13:31:36","date_gmt":"2024-12-12T13:31:36","guid":{"rendered":"https:\/\/educare.design\/?post_type=product&#038;p=14907"},"modified":"2026-04-07T07:32:06","modified_gmt":"2026-04-07T07:32:06","slug":"mappa-del-dolore-sclerotomi-tavola-anatomica","status":"publish","type":"product","link":"https:\/\/educare.design\/it\/shop\/sclerotomes-pain-map\/","title":{"rendered":"Mappa del Dolore degli Sclerotomi"},"content":{"rendered":"<div id=\"fws_69ff9467a06ca\"  data-column-margin=\"default\" data-midnight=\"dark\"  class=\"wpb_row vc_row-fluid vc_row\"  style=\"padding-top: 0px; padding-bottom: 0px; \"><div class=\"row-bg-wrap\" data-bg-animation=\"none\" data-bg-animation-delay=\"\" data-bg-overlay=\"false\"><div class=\"inner-wrap row-bg-layer\" ><div class=\"row-bg viewport-desktop\"  style=\"\"><\/div><\/div><\/div><div class=\"row_col_wrap_12 col span_12 dark left\">\n\t<div  class=\"vc_col-sm-12 wpb_column column_container vc_column_container col no-extra-padding inherit_tablet inherit_phone flex_gap_desktop_10px\"  data-padding-pos=\"all\" data-has-bg-color=\"false\" data-bg-color=\"\" data-bg-opacity=\"1\" data-animation=\"\" data-delay=\"0\" >\n\t\t<div class=\"vc_column-inner\" >\n\t\t\t<div class=\"wpb_wrapper\">\n\t\t\t\t\n<div class=\"wpb_text_column wpb_content_element\" >\n\t<p>Parte di:<br \/>\n<a href=\"https:\/\/educare.design\/it\/item\/nervous-system\/\" target=\"_blank\" rel=\"noopener\"><em>Neuro &amp; Regolazione<\/em><\/a><br \/>\nRilevante anche per:<br \/>\n<a href=\"https:\/\/educare.design\/it\/item\/spine-structure\/\" target=\"_blank\" rel=\"noopener\"><em>Colonna &amp; Struttura<\/em><\/a><br \/>\nSpesso esposto insieme a:<br \/>\n<em><a href=\"https:\/\/educare.design\/it\/shop\/sciatic-nerve-pain\/\" target=\"_blank\" rel=\"noopener\">Sciatica Quick Guide<\/a>,<\/em> <em><a href=\"https:\/\/educare.design\/it\/shop\/set-tavole-anatomiche-riflessologia\/\" target=\"_blank\" rel=\"noopener\">Set di Tavole di Riflessologia<\/a><\/em><\/p>\n<p>Disponibili come <a href=\"https:\/\/educare.design\/it\/posters\/\" target=\"_blank\" rel=\"noopener\">stampe poster<\/a> (<em>cornici non incluse<\/em>), <a href=\"https:\/\/educare.design\/it\/stampe-su-tela\/\" target=\"_blank\" rel=\"noopener\">stampe su tela<\/a> (<em>con cornici integrate<\/em>), <a href=\"https:\/\/educare.design\/it\/rollup-banners\/\" target=\"_blank\" rel=\"noopener\">banner rollup<\/a>, e versione da stampare autonomamente <a href=\"https:\/\/educare.design\/it\/digital-pdf-files\/\" target=\"_blank\" rel=\"noopener\">file PDF<\/a>. Sfoglia la galleria immagini per vedere le opzioni disponibili per quest\u2019opera, incl. <a href=\"https:\/\/educare.design\/it\/sizes-types\/\" target=\"_blank\" rel=\"noopener\">tipi e dimensioni<\/a>, posizionamento facoltativo del logo e le dieci versioni linguistiche!<\/p>\n<p><span style=\"color: #488693;\"><strong>\u2605\u2605\u2605\u2605\u2605<\/strong><\/span> <em>\u201c\u2026la qualit\u00e0 stabilir\u00e0 uno standard pi\u00f9 elevato per l\u2019educazione dei pazienti\u201d.<\/em> - \ud83c\uddfa\ud83c\uddf8 <a href=\"https:\/\/www.eyerlychirofl.com\/\" target=\"_blank\" rel=\"noopener\">Eyerly Chiro Florida<\/a><\/p>\n<\/div>\n\n\n\n\n\t\t\t<\/div> \n\t\t<\/div>\n\t<\/div> \n<\/div><\/div>","protected":false},"excerpt":{"rendered":"<p>Questa tavola presenta i pattern di dolore sclerotomico come un riferimento segmentale chiaro e codificato a colori, collegando i livelli spinali alle zone di irradiazione scheletrica profonda. Invece di concentrarsi sulla pelle (dermatomi) o sui muscoli (miotomi), evidenzia come l\u2019irritazione delle strutture spinali possa manifestarsi come dolore diffuso, spesso poco localizzato.<\/p>\n<p>Ogni regione mappata corrisponde a uno specifico livello vertebrale, organizzato secondo una logica verticale che riflette il ragionamento clinico dai segmenti cervicali a quelli sacrali. Il sistema di sovrapposizione esagonale raggruppa visivamente le aree correlate senza sovraccaricare l\u2019anatomia, permettendo di riconoscere i pattern a colpo d\u2019occhio.<\/p>\n<p>Poich\u00e9 il dolore sclerotomico \u00e8 frequentemente frainteso \u2014 presentandosi come dolore profondo, senso di pressione o irradiazione non dermatomale \u2014 questa visualizzazione diventa particolarmente utile durante la valutazione. Aiuta a chiarire perch\u00e9 i sintomi possano non seguire distribuzioni muscolari o cutanee evidenti e come una disfunzione strutturale possa generare pattern di irradiazione pi\u00f9 ampi.<\/p>\n<p>Esposta nella tua clinica o studio, diventa un punto di riferimento per la spiegazione. Invece di descrivere l\u2019irradiazione segmentale in modo astratto, puoi indicare direttamente le regioni mappate e mostrare come l\u2019irritazione spinale possa proiettarsi oltre il livello immediato di disfunzione. Il risultato \u00e8 una comprensione pi\u00f9 chiara da parte del paziente e una maggiore credibilit\u00e0 clinica.<\/p>\n<p><a href=\"https:\/\/youtu.be\/C3uP1_0IiXs\"><img loading=\"lazy\" decoding=\"async\" class=\"alignleft size-full wp-image-17589\" src=\"https:\/\/educare.design\/wp-content\/uploads\/2023\/12\/youtube-logo.png\" alt=\"\" width=\"55\" height=\"22\" \/><\/a>Visualizza questo <a href=\"https:\/\/youtu.be\/C3uP1_0IiXs\" target=\"_blank\" rel=\"noopener\">qui<\/a> su Youtube.<\/p>\n<p>\ud83c\uddec\ud83c\udde7 <a href=\"https:\/\/educare.design\/wp-content\/uploads\/2023\/12\/english_sclerotomes.jpg\" target=\"_blank\" rel=\"noopener\">View more details of the English version.<\/a><br \/>\n\ud83c\uddee\ud83c\uddf9 <a href=\"https:\/\/educare.design\/wp-content\/uploads\/2023\/12\/italian_sclerotomes.jpg\" target=\"_blank\" rel=\"noopener\">Vedi i dettagli della versione italiana.<\/a><br \/>\n\ud83c\uddea\ud83c\uddf8 <a href=\"https:\/\/educare.design\/wp-content\/uploads\/2023\/12\/spanish_sclerotomes.jpg\" target=\"_blank\" rel=\"noopener\">Ver detalles de la versi\u00f3n en espa\u00f1ol.<\/a><br \/>\n\ud83c\udde9\ud83c\uddea <a href=\"https:\/\/educare.design\/wp-content\/uploads\/2023\/12\/german_sclerotomes.jpg\" target=\"_blank\" rel=\"noopener\">Details zur deutschen Version anzeigen.<\/a><br \/>\n\ud83c\uddeb\ud83c\uddf7 <a href=\"https:\/\/educare.design\/wp-content\/uploads\/2023\/12\/french_sclerotomes.jpg\" target=\"_blank\" rel=\"noopener\">Voir les d\u00e9tails de la version fran\u00e7aise.<\/a><br \/>\n\ud83c\uddf3\ud83c\uddf1 <a href=\"https:\/\/educare.design\/wp-content\/uploads\/2023\/12\/dutch_sclerotomes.jpg\" target=\"_blank\" rel=\"noopener\">Bekijk details van de Nederlandse versie.<\/a><br \/>\n\ud83c\uddf5\ud83c\uddf9 <a href=\"https:\/\/educare.design\/wp-content\/uploads\/2023\/12\/portuguese_sclerotomes.jpg\" target=\"_blank\" rel=\"noopener\">Veja mais detalhes da vers\u00e3o portuguesa.<\/a><br \/>\n\ud83c\uddf8\ud83c\uddea <a href=\"https:\/\/educare.design\/wp-content\/uploads\/2023\/12\/svensk_sclerotomes.jpg\" target=\"_blank\" rel=\"noopener\">Se fler detaljer om den svenska versionen.<\/a><br \/>\n\ud83c\uddf3\ud83c\uddf4 <a href=\"https:\/\/educare.design\/wp-content\/uploads\/2023\/12\/norsk_sclerotomes.jpg\" target=\"_blank\" rel=\"noopener\">Se flere detaljer om den norske versjonen.<\/a><br \/>\n\ud83c\udde9\ud83c\uddf0 <a href=\"https:\/\/educare.design\/wp-content\/uploads\/2023\/12\/dansk_sclerotomes.jpg\" target=\"_blank\" rel=\"noopener\">Se flere detaljer fra den danske version.<\/a><\/p>\n<p><strong>Integralo nel tuo studio!<\/strong><br \/>\n<strong>\u2b07<\/strong> Ordina qui.<\/p>","protected":false},"featured_media":14930,"template":"","meta":{"_acf_changed":false},"product_brand":[],"product_cat":[47],"product_tag":[502,504],"class_list":{"0":"post-14907","1":"product","2":"type-product","3":"status-publish","4":"has-post-thumbnail","6":"product_cat-anatomy","7":"product_tag-nervous-system","8":"product_tag-spine-structure","10":"first","11":"instock","12":"shipping-taxable","13":"purchasable","14":"product-type-variable","15":"has-default-attributes"},"acf":[],"jetpack_sharing_enabled":true,"_links":{"self":[{"href":"https:\/\/educare.design\/it\/wp-json\/wp\/v2\/product\/14907","targetHints":{"allow":["GET"]}}],"collection":[{"href":"https:\/\/educare.design\/it\/wp-json\/wp\/v2\/product"}],"about":[{"href":"https:\/\/educare.design\/it\/wp-json\/wp\/v2\/types\/product"}],"wp:featuredmedia":[{"embeddable":true,"href":"https:\/\/educare.design\/it\/wp-json\/wp\/v2\/media\/14930"}],"wp:attachment":[{"href":"https:\/\/educare.design\/it\/wp-json\/wp\/v2\/media?parent=14907"}],"wp:term":[{"taxonomy":"product_brand","embeddable":true,"href":"https:\/\/educare.design\/it\/wp-json\/wp\/v2\/product_brand?post=14907"},{"taxonomy":"product_cat","embeddable":true,"href":"https:\/\/educare.design\/it\/wp-json\/wp\/v2\/product_cat?post=14907"},{"taxonomy":"product_tag","embeddable":true,"href":"https:\/\/educare.design\/it\/wp-json\/wp\/v2\/product_tag?post=14907"}],"curies":[{"name":"wp","href":"https:\/\/api.w.org\/{rel}","templated":true}]}}