{"id":35366,"date":"2022-05-30T13:23:05","date_gmt":"2022-05-30T13:23:05","guid":{"rendered":"https:\/\/educare.design\/?post_type=product&#038;p=35366"},"modified":"2026-05-08T14:11:12","modified_gmt":"2026-05-08T14:11:12","slug":"breathing-mechanics-and-exercises-set","status":"publish","type":"product","link":"https:\/\/educare.design\/fr\/shop\/breathing-mechanics-and-exercises-set\/","title":{"rendered":"Set M\u00e9canique de la Respiration et Exercices"},"content":{"rendered":"<div id=\"fws_69ffa7d8709a5\"  data-column-margin=\"default\" data-midnight=\"dark\"  class=\"wpb_row vc_row-fluid vc_row\"  style=\"padding-top: 0px; padding-bottom: 0px; \"><div class=\"row-bg-wrap\" data-bg-animation=\"none\" data-bg-animation-delay=\"\" data-bg-overlay=\"false\"><div class=\"inner-wrap row-bg-layer\" ><div class=\"row-bg viewport-desktop\"  style=\"\"><\/div><\/div><\/div><div class=\"row_col_wrap_12 col span_12 dark left\">\n\t<div  class=\"vc_col-sm-12 wpb_column column_container vc_column_container col no-extra-padding inherit_tablet inherit_phone flex_gap_desktop_10px\"  data-padding-pos=\"all\" data-has-bg-color=\"false\" data-bg-color=\"\" data-bg-opacity=\"1\" data-animation=\"\" data-delay=\"0\" >\n\t\t<div class=\"vc_column-inner\" >\n\t\t\t<div class=\"wpb_wrapper\">\n\t\t\t\t\n<div class=\"wpb_text_column wpb_content_element\" >\n\t<p>Cat\u00e9gorie :<br \/>\n<em><a href=\"https:\/\/educare.design\/fr\/cat\/sets-on-sale\/\" target=\"_blank\" rel=\"noopener\">Ensembles en Vente<\/a><\/em><br \/>\nSouvent associ\u00e9 \u00e0 :<br \/>\n<em><a href=\"https:\/\/educare.design\/fr\/shop\/pelvic-floor-system\/\" target=\"_blank\" rel=\"noopener\">Syst\u00e8me du Plancher Pelvien<\/a><\/em><\/p>\n<p>Les Ensembles en Promotion sont disponibles uniquement en <a href=\"https:\/\/educare.design\/fr\/posters\/\" target=\"_blank\" rel=\"noopener\">affiches imprim\u00e9es<\/a> et <a href=\"https:\/\/educare.design\/fr\/impressions-sur-toile\/\" target=\"_blank\" rel=\"noopener\">impressions sur toile<\/a>. Consultez les pages produits individuelles pour les options linguistiques. \u26a0\ufe0f Remarque : <em>les Ensembles en Promotion ne peuvent pas \u00eatre achet\u00e9s avec des codes de r\u00e9duction, et les \u0153uvres incluses ne peuvent pas \u00eatre \u00e9chang\u00e9es.<\/em><\/p>\n<p><span style=\"color: #488693;\"><strong>\u2605\u2605\u2605\u2605\u2605<\/strong><\/span> <em>\u201cThey work incredibly well with patients \u2014 I\u2019m really glad I found these!\u201d<\/em> - \ud83c\udde9\ud83c\uddea <a href=\"https:\/\/www.trainerette.com\/\" target=\"_blank\" rel=\"noopener\">Trainerette.com<\/a><\/p>\n<\/div>\n\n\n\n\n\t\t\t<\/div> \n\t\t<\/div>\n\t<\/div> \n<\/div><\/div>","protected":false},"excerpt":{"rendered":"<p><span style=\"color: #b30885;\"><strong>\u00c9conomisez 25% sur ce set.<\/strong><\/span><br \/>\nLe Set M\u00e9canique de la Respiration et Exercices combine deux planches compl\u00e9mentaires pour les cabinets : <a href=\"https:\/\/educare.design\/fr\/shop\/mechanics-of-breathing\/\" target=\"_blank\">M\u00e9canique de la Respiration<\/a> et <a href=\"https:\/\/educare.design\/fr\/shop\/breathing-exercises\/\" target=\"_blank\">Exercices de Respiration<\/a>.<\/p>\n<p>Ensemble, elles cr\u00e9ent un parcours clair d\u2019\u00e9ducation du patient. La M\u00e9canique de la Respiration explique comment un seul souffle se d\u00e9place dans le corps \u2014 des voies respiratoires, des c\u00f4tes et du diaphragme jusqu\u2019\u00e0 la pression du tronc et \u00e0 la r\u00e9ponse du plancher pelvien. Exercices de Respiration propose ensuite aux patients des fa\u00e7ons simples de pratiquer ces m\u00eames concepts gr\u00e2ce \u00e0 la respiration costale, la longue expiration, le rel\u00e2chement du plancher pelvien et l\u2019expiration pendant l\u2019effort.<\/p>\n<p>Le set est con\u00e7u pour les cabinets qui souhaitent expliquer la respiration comme quelque chose de plus large que la simple \u201crespiration profonde\u201d. Il pr\u00e9sente la respiration comme un syst\u00e8me corporel coordonn\u00e9 impliquant le mouvement des c\u00f4tes, le mouvement du diaphragme, le contr\u00f4le de la pression, la relaxation et le soutien du mouvement.<\/p>\n<p>Cela rend le set particuli\u00e8rement utile en physioth\u00e9rapie, ost\u00e9opathie, chiropraxie, sant\u00e9 pelvienne, Pilates, r\u00e9\u00e9ducation, wellness et cabinets multidisciplinaires. Il peut soutenir les \u00e9changes autour de la respiration superficielle, du blocage respiratoire, des restrictions costales, de la posture, des tensions, du contr\u00f4le de la pression, de la conscience du plancher pelvien et de la confiance dans le mouvement.<\/p>\n<p>Utilis\u00e9es ensemble, les deux planches aident les patients \u00e0 comprendre d\u2019abord comment fonctionne la respiration, puis \u00e0 pratiquer des exercices simples qui soutiennent une respiration plus calme, des mouvements plus faciles et une meilleure conscience corporelle.<\/p>\n<p><strong>Personnalisation gratuite avec le nom de votre clinique.<\/strong><br \/>\nPour ce set, nous proposons d\u2019ajouter gratuitement votre nom (ou site web). Le nom sera plac\u00e9 sous le titre \u00ab Gonstead Listings \u00bb sur le deuxi\u00e8me poster ; des exemples sont visibles dans la galerie d\u2019images.<\/p>\n<p><a href=\"https:\/\/youtu.be\/G2635AZ__C8\"><img loading=\"lazy\" decoding=\"async\" class=\"alignleft size-full wp-image-17589\" src=\"https:\/\/educare.design\/wp-content\/uploads\/2023\/12\/youtube-logo.png\" alt=\"\" width=\"55\" height=\"22\" \/><\/a>Voir cet ensemble <a href=\"https:\/\/youtu.be\/G2635AZ__C8\" target=\"_blank\" rel=\"noopener\">ici<\/a> sur YouTube.<\/p>\n<p><strong>\u00c9dition Noire.<\/strong><br \/>\nCet ensemble est \u00e9galement disponible dans une \u00c9dition Noire sp\u00e9ciale, visible dans la galerie d\u2019images.<\/p>\n<p><strong>Int\u00e9grez-le \u00e0 votre cabinet!<\/strong><br \/>\n<strong>\u2b07<\/strong> Commandez ici.<\/p>","protected":false},"featured_media":35326,"template":"","meta":{"_acf_changed":false},"product_brand":[],"product_cat":[505],"product_tag":[],"class_list":{"0":"post-35366","1":"product","2":"type-product","3":"status-publish","4":"has-post-thumbnail","6":"product_cat-sets-on-sale","8":"first","9":"instock","10":"sale","11":"shipping-taxable","12":"purchasable","13":"product-type-variable","14":"has-default-attributes"},"acf":[],"jetpack_sharing_enabled":true,"_links":{"self":[{"href":"https:\/\/educare.design\/fr\/wp-json\/wp\/v2\/product\/35366","targetHints":{"allow":["GET"]}}],"collection":[{"href":"https:\/\/educare.design\/fr\/wp-json\/wp\/v2\/product"}],"about":[{"href":"https:\/\/educare.design\/fr\/wp-json\/wp\/v2\/types\/product"}],"wp:featuredmedia":[{"embeddable":true,"href":"https:\/\/educare.design\/fr\/wp-json\/wp\/v2\/media\/35326"}],"wp:attachment":[{"href":"https:\/\/educare.design\/fr\/wp-json\/wp\/v2\/media?parent=35366"}],"wp:term":[{"taxonomy":"product_brand","embeddable":true,"href":"https:\/\/educare.design\/fr\/wp-json\/wp\/v2\/product_brand?post=35366"},{"taxonomy":"product_cat","embeddable":true,"href":"https:\/\/educare.design\/fr\/wp-json\/wp\/v2\/product_cat?post=35366"},{"taxonomy":"product_tag","embeddable":true,"href":"https:\/\/educare.design\/fr\/wp-json\/wp\/v2\/product_tag?post=35366"}],"curies":[{"name":"wp","href":"https:\/\/api.w.org\/{rel}","templated":true}]}}