{"id":33134,"date":"2024-01-25T13:50:42","date_gmt":"2024-01-25T13:50:42","guid":{"rendered":"https:\/\/educare.design\/?post_type=product&#038;p=33134"},"modified":"2026-04-07T18:49:44","modified_gmt":"2026-04-07T18:49:44","slug":"nihilist-penguin","status":"publish","type":"product","link":"https:\/\/educare.design\/fr\/shop\/nihilist-penguin\/","title":{"rendered":"Le Pingouin Nihiliste"},"content":{"rendered":"<div id=\"fws_6a00bc522fcb1\"  data-column-margin=\"default\" data-midnight=\"dark\"  class=\"wpb_row vc_row-fluid vc_row\"  style=\"padding-top: 0px; padding-bottom: 0px; \"><div class=\"row-bg-wrap\" data-bg-animation=\"none\" data-bg-animation-delay=\"\" data-bg-overlay=\"false\"><div class=\"inner-wrap row-bg-layer\" ><div class=\"row-bg viewport-desktop\"  style=\"\"><\/div><\/div><\/div><div class=\"row_col_wrap_12 col span_12 dark left\">\n\t<div  class=\"vc_col-sm-12 wpb_column column_container vc_column_container col no-extra-padding inherit_tablet inherit_phone flex_gap_desktop_10px\"  data-padding-pos=\"all\" data-has-bg-color=\"false\" data-bg-color=\"\" data-bg-opacity=\"1\" data-animation=\"\" data-delay=\"0\" >\n\t\t<div class=\"vc_column-inner\" >\n\t\t\t<div class=\"wpb_wrapper\">\n\t\t\t\t\n<div class=\"wpb_text_column wpb_content_element\" >\n\t<p>Cat\u00e9gorie :<br \/>\n<em><a href=\"https:\/\/educare.design\/fr\/cat\/pop-art\/\" target=\"_blank\" rel=\"noopener\">Pop Art et Abstraits<\/a><\/em><br \/>\nSouvent associ\u00e9 \u00e0 :<br \/>\n<em><a href=\"https:\/\/educare.design\/fr\/shop\/get-adjusted\/\" target=\"_blank\" rel=\"noopener\">Get Adjusted!<\/a><\/em><\/p>\n<p>Disponible en <a href=\"https:\/\/educare.design\/fr\/posters\/\" target=\"_blank\" rel=\"noopener\">affiches imprim\u00e9es<\/a> (<em>cadres non inclus<\/em>), <a href=\"https:\/\/educare.design\/fr\/impressions-sur-toile\/\" target=\"_blank\" rel=\"noopener\">impressions sur toile<\/a> (<em>avec cadres int\u00e9gr\u00e9s<\/em>), et version \u00e0 imprimer soi-m\u00eame <a href=\"https:\/\/educare.design\/fr\/fichiers-pdf-numeriques\/\" target=\"_blank\" rel=\"noopener\">Fichiers PDF<\/a>. Parcourez la galerie d\u2019images pour d\u00e9couvrir les options disponibles pour cette \u0153uvre, incl. <a href=\"https:\/\/educare.design\/fr\/sizes-types\/\" target=\"_blank\" rel=\"noopener\">types et tailles<\/a>, emplacement de logo en option et les dix versions linguistiques ! \ud83c\udf81 <em>Un cadeau discr\u00e8tement brillant pour le coll\u00e8gue qui comprend \u00e0 la fois la structure et l\u2019ironie\u2026<\/em><\/p>\n<p><span style=\"color: #488693;\"><strong>\u2605\u2605\u2605\u2605\u2605<\/strong><\/span> <em>\u201cGreat quality posters, fast response time and service, awesome contact!\u201d<\/em> - \ud83c\udde9\ud83c\uddea <a href=\"https:\/\/www.trustpilot.com\/review\/educare.design\" target=\"_blank\" rel=\"noopener\">Doctor Lemke<\/a><\/p>\n<\/div>\n\n\n\n\n\t\t\t<\/div> \n\t\t<\/div>\n\t<\/div> \n<\/div><\/div>","protected":false},"excerpt":{"rendered":"<p>Une \u0153uvre sobre et intelligente, inspir\u00e9e du ton documentaire aust\u00e8re du \u00ab Pingouin Nihiliste \u00bb de Werner Herzog, o\u00f9 un pingouin solitaire s\u2019\u00e9loigne de la colonie, apparemment saisi d\u2019une impulsion inexplicable, se dirigeant vers le vaste vide indiff\u00e9rent. La narration est solennelle. L\u2019issue semble in\u00e9vitable. Nul ne sait pourquoi <em>\u2026 jusqu\u2019\u00e0 ce que la seconde bulle red\u00e9finisse tout.<\/em><\/p>\n<p>L\u2019absurdit\u00e9 discr\u00e8te na\u00eet du contraste. La narration grandiose et fataliste se heurte \u00e0 une explication enti\u00e8rement pratique. L\u2019humour est subtil et sec \u2014 celui qui r\u00e9compense l\u2019attention plut\u00f4t que de la solliciter. Ce n\u2019est pas une com\u00e9die bruyante. C\u2019est une ironie atmosph\u00e9rique.<\/p>\n<p>Expos\u00e9e en salle d\u2019attente, en cabinet de consultation ou en espace de traitement, cette \u0153uvre apporte du caract\u00e8re sans encombrer l\u2019environnement. Elle exprime intelligence et assurance ; la capacit\u00e9 d\u2019appr\u00e9cier l\u2019humour sans compromettre le professionnalisme. Les patients la remarquent. Certains sourient imm\u00e9diatement. D\u2019autres s\u2019arr\u00eatent, relisent\u2026 puis sourient.<\/p>\n<p><strong>Personnalisez-la!<\/strong><br \/>\nSur l\u2019\u0153uvre, le texte \u00ab<span style=\"color: #c48b2c;\"><strong>NOM DE VOTRE CLINIQUE<\/strong><\/span>\u00bb sera remplac\u00e9 par le nom r\u00e9el de votre cabinet, permettant \u00e0 votre structure de devenir partie int\u00e9grante de la narration. <em>Nous vous contacterons apr\u00e8s l\u2019achat pour coordonner la personnalisation.<\/em><\/p>\n<p><a href=\"https:\/\/youtu.be\/YKN2sIKpb9M\"><img loading=\"lazy\" decoding=\"async\" class=\"alignleft size-full wp-image-17589\" src=\"https:\/\/educare.design\/wp-content\/uploads\/2023\/12\/youtube-logo.png\" alt=\"\" width=\"55\" height=\"22\" \/><\/a>Voir cette oeuvre <a href=\"https:\/\/youtu.be\/YKN2sIKpb9M\" target=\"_blank\" rel=\"noopener\">ici<\/a> sur YouTube.<\/p>\n<p>\ud83c\uddec\ud83c\udde7 <a href=\"https:\/\/educare.design\/wp-content\/uploads\/2026\/02\/Nihilist-Penguin_english.jpg\" target=\"_blank\" rel=\"noopener\">View more details of the English version.<\/a><br \/>\n\ud83c\uddee\ud83c\uddf9 <a href=\"https:\/\/educare.design\/wp-content\/uploads\/2026\/02\/Nihilist-Penguin_italian.jpg\" target=\"_blank\" rel=\"noopener\">Vedi i dettagli della versione italiana.<\/a><br \/>\n\ud83c\uddea\ud83c\uddf8 <a href=\"https:\/\/educare.design\/wp-content\/uploads\/2026\/02\/Nihilist-Penguin_spanish.jpg\" target=\"_blank\" rel=\"noopener\">Ver detalles de la versi\u00f3n en espa\u00f1ol.<\/a><br \/>\n\ud83c\udde9\ud83c\uddea <a href=\"https:\/\/educare.design\/wp-content\/uploads\/2026\/02\/Nihilist-Penguin_german.jpg\" target=\"_blank\" rel=\"noopener\">Details zur deutschen Version anzeigen.<\/a><br \/>\n\ud83c\uddeb\ud83c\uddf7 <a href=\"https:\/\/educare.design\/wp-content\/uploads\/2026\/02\/Nihilist-Penguin_french.jpg\" target=\"_blank\" rel=\"noopener\">Voir les d\u00e9tails de la version fran\u00e7aise.<\/a><br \/>\n\ud83c\uddf3\ud83c\uddf1 <a href=\"https:\/\/educare.design\/wp-content\/uploads\/2026\/02\/Nihilist-Penguin_dutch.jpg\" target=\"_blank\" rel=\"noopener\">Bekijk details van de Nederlandse versie.<\/a><br \/>\n\ud83c\uddf5\ud83c\uddf9 <a href=\"https:\/\/educare.design\/wp-content\/uploads\/2026\/02\/Nihilist-Penguin_portuguese.jpg\" target=\"_blank\" rel=\"noopener\">Veja mais detalhes da vers\u00e3o portuguesa.<\/a><br \/>\n\ud83c\uddf8\ud83c\uddea <a href=\"https:\/\/educare.design\/wp-content\/uploads\/2026\/02\/Nihilist-Penguin_svensk.jpg\" target=\"_blank\" rel=\"noopener\">Se fler detaljer om den svenska versionen.<\/a><br \/>\n\ud83c\uddf3\ud83c\uddf4 <a href=\"https:\/\/educare.design\/wp-content\/uploads\/2026\/02\/Nihilist-Penguin_norsk.jpg\" target=\"_blank\" rel=\"noopener\">Se flere detaljer om den norske versjonen.<\/a><br \/>\n\ud83c\udde9\ud83c\uddf0 <a href=\"https:\/\/educare.design\/wp-content\/uploads\/2026\/02\/Nihilist-Penguin_dansk.jpg\" target=\"_blank\" rel=\"noopener\">Voir les d\u00e9tails de la version fran\u00e7aise.<\/a><\/p>\n<p><strong>Int\u00e9grez-le \u00e0 votre cabinet!<\/strong><br \/>\n<strong>\u2b07<\/strong> Commandez ici.<\/p>","protected":false},"featured_media":33655,"template":"","meta":{"_acf_changed":false},"product_brand":[],"product_cat":[452,546],"product_tag":[],"class_list":{"0":"post-33134","1":"product","2":"type-product","3":"status-publish","4":"has-post-thumbnail","6":"product_cat-pop-art","7":"product_cat-universal","9":"first","10":"instock","11":"shipping-taxable","12":"purchasable","13":"product-type-variable","14":"has-default-attributes"},"acf":[],"jetpack_sharing_enabled":true,"_links":{"self":[{"href":"https:\/\/educare.design\/fr\/wp-json\/wp\/v2\/product\/33134","targetHints":{"allow":["GET"]}}],"collection":[{"href":"https:\/\/educare.design\/fr\/wp-json\/wp\/v2\/product"}],"about":[{"href":"https:\/\/educare.design\/fr\/wp-json\/wp\/v2\/types\/product"}],"wp:featuredmedia":[{"embeddable":true,"href":"https:\/\/educare.design\/fr\/wp-json\/wp\/v2\/media\/33655"}],"wp:attachment":[{"href":"https:\/\/educare.design\/fr\/wp-json\/wp\/v2\/media?parent=33134"}],"wp:term":[{"taxonomy":"product_brand","embeddable":true,"href":"https:\/\/educare.design\/fr\/wp-json\/wp\/v2\/product_brand?post=33134"},{"taxonomy":"product_cat","embeddable":true,"href":"https:\/\/educare.design\/fr\/wp-json\/wp\/v2\/product_cat?post=33134"},{"taxonomy":"product_tag","embeddable":true,"href":"https:\/\/educare.design\/fr\/wp-json\/wp\/v2\/product_tag?post=33134"}],"curies":[{"name":"wp","href":"https:\/\/api.w.org\/{rel}","templated":true}]}}