{"id":32771,"date":"2025-12-18T14:51:20","date_gmt":"2025-12-18T14:51:20","guid":{"rendered":"https:\/\/educare.design\/?post_type=product&#038;p=32771"},"modified":"2026-04-18T10:53:31","modified_gmt":"2026-04-18T10:53:31","slug":"poor-postural-control","status":"publish","type":"product","link":"https:\/\/educare.design\/fr\/shop\/poor-postural-control\/","title":{"rendered":"Contr\u00f4le Postural Insuffisant"},"content":{"rendered":"<div id=\"fws_69fa184f5f415\"  data-column-margin=\"default\" data-midnight=\"dark\"  class=\"wpb_row vc_row-fluid vc_row\"  style=\"padding-top: 0px; padding-bottom: 0px; \"><div class=\"row-bg-wrap\" data-bg-animation=\"none\" data-bg-animation-delay=\"\" data-bg-overlay=\"false\"><div class=\"inner-wrap row-bg-layer\" ><div class=\"row-bg viewport-desktop\"  style=\"\"><\/div><\/div><\/div><div class=\"row_col_wrap_12 col span_12 dark left\">\n\t<div  class=\"vc_col-sm-12 wpb_column column_container vc_column_container col no-extra-padding inherit_tablet inherit_phone flex_gap_desktop_10px\"  data-padding-pos=\"all\" data-has-bg-color=\"false\" data-bg-color=\"\" data-bg-opacity=\"1\" data-animation=\"\" data-delay=\"0\" >\n\t\t<div class=\"vc_column-inner\" >\n\t\t\t<div class=\"wpb_wrapper\">\n\t\t\t\t\n<div class=\"wpb_text_column wpb_content_element\" >\n\t<p>Fait partie de :<br \/>\n<a href=\"https:\/\/educare.design\/fr\/item\/musculoskeletal\/\" target=\"_blank\" rel=\"noopener\"><em>Mouvement &amp; Muscles<\/em><\/a><br \/>\n\u00c9galement pertinent pour :<br \/>\n<em><a href=\"https:\/\/educare.design\/fr\/item\/spine-structure\/\" target=\"_blank\" rel=\"noopener\">Colonne &amp; Structure<\/a><\/em><br \/>\nSouvent associ\u00e9 \u00e0 :<br \/>\n<em><a href=\"https:\/\/educare.design\/fr\/shop\/gait-cycle-and-kinetic-chain\/\" target=\"_blank\" rel=\"noopener\">Le Cycle de la Marche et la Cha\u00eene Cin\u00e9tique<\/a><\/em>, <em><a href=\"https:\/\/educare.design\/fr\/shop\/poor-postural-control\/\" target=\"_blank\" rel=\"noopener\">Contr\u00f4le Postural Insuffisant<\/a><\/em><\/p>\n<p>Disponible en <a href=\"https:\/\/educare.design\/fr\/posters\/\" target=\"_blank\" rel=\"noopener\">affiches imprim\u00e9es<\/a> (<em>cadres non inclus<\/em>), <a href=\"https:\/\/educare.design\/fr\/impressions-sur-toile\/\" target=\"_blank\" rel=\"noopener\">impressions sur toile<\/a> (<em>avec cadres int\u00e9gr\u00e9s<\/em>), et version \u00e0 imprimer soi-m\u00eame <a href=\"https:\/\/educare.design\/fr\/fichiers-pdf-numeriques\/\" target=\"_blank\" rel=\"noopener\">Fichiers PDF<\/a>. Parcourez la galerie d\u2019images pour d\u00e9couvrir les options disponibles pour cette \u0153uvre, incl. <a href=\"https:\/\/educare.design\/fr\/sizes-types\/\" target=\"_blank\" rel=\"noopener\">types et tailles<\/a>, emplacement optionnel du nom ou du site web, ainsi que les dix versions linguistiques !<\/p>\n<p><span style=\"color: #488693;\"><strong>\u2605\u2605\u2605\u2605\u2605<\/strong><\/span> <em>\u201cGreat material! Awesome customer service! Highly recommend!\u201d<\/em> - \ud83c\udf10 <a href=\"https:\/\/maps.app.goo.gl\/ghJAiBdKq7BsMDQ98\" target=\"_blank\" rel=\"noopener\">Revue de Google<\/a><\/p>\n<\/div>\n\n\n\n\n\t\t\t<\/div> \n\t\t<\/div>\n\t<\/div> \n<\/div><\/div>","protected":false},"excerpt":{"rendered":"<p>Strat\u00e9gies compensatoires et sch\u00e9mas de surcharge accrue. La planche Contr\u00f4le Postural Insuffisant est une affiche clinique claire et orient\u00e9e patient, con\u00e7ue pour aider les cabinets \u00e0 expliquer pourquoi inconfort, tensions et sympt\u00f4mes r\u00e9currents apparaissent \u2014 m\u00eame lorsque la douleur semble \u00e9loign\u00e9e de sa cause initiale. Plut\u00f4t que de pr\u00e9senter la posture comme \u00ab bonne ou mauvaise \u00bb, cette planche met l\u2019accent sur la mani\u00e8re dont le corps compense lorsque l\u2019\u00e9quilibre, la mobilit\u00e9 ou le contr\u00f4le diminuent. Elle illustre comment une r\u00e9partition alt\u00e9r\u00e9e des charges et des strat\u00e9gies compensatoires peuvent augmenter la contrainte sur les articulations, les muscles et le syst\u00e8me nerveux, cr\u00e9ant un effet domino dans l\u2019ensemble du corps.<\/p>\n<p><strong>Ce poster est un outil de communication, et non une simple affiche d\u2019anatomie.<\/strong> Il aide les praticiens et les patients \u00e0 partager un m\u00eame rep\u00e8re visuel lorsqu\u2019ils abordent la posture, les compensations et les sch\u00e9mas de sympt\u00f4mes, favorisant ainsi une compr\u00e9hension plus claire et des \u00e9changes cliniques plus efficaces.<\/p>\n<p><strong>Pourquoi les cliniques utilisent ce poster.<\/strong><br \/>\nRend les compensations visibles. <em>Montre clairement comment les sch\u00e9mas de surcharge se d\u00e9veloppent lorsque le corps s\u2019appuie sur la compensation plut\u00f4t que sur un contr\u00f4le efficace.<\/em><br \/>\nExplique les sympt\u00f4mes au-del\u00e0 de la zone douloureuse. <em>Aide les patients \u00e0 comprendre pourquoi la douleur peut appara\u00eetre loin de la v\u00e9ritable source du d\u00e9s\u00e9quilibre.<\/em><br \/>\nSoutient une \u00e9ducation posturale moderne et non culpabilisante. <em>Met l\u2019accent sur l\u2019adaptation et la gestion des charges, plut\u00f4t que sur la faute ou des r\u00e8gles d\u2019alignement rigides.<\/em><\/p>\n<p><strong>Le compl\u00e9ment id\u00e9al du poster \u00ab Bon Contr\u00f4le Postural \u00bb.<\/strong><br \/>\nCe poster est con\u00e7u pour \u00eatre utilis\u00e9 aux c\u00f4t\u00e9s de <a href=\"https:\/\/educare.design\/fr\/shop\/good-postural-control\/\" target=\"_blank\" rel=\"noopener\">Bon Contr\u00f4le Postural<\/a>Ensemble, les deux posters cr\u00e9ent un contraste p\u00e9dagogique puissant : l\u2019un illustre des strat\u00e9gies posturales efficaces, l\u2019autre met en \u00e9vidence des sch\u00e9mas compensatoires et une augmentation des contraintes. Utilis\u00e9s en duo, ils aident les patients \u00e0 comprendre clairement \u00e0 la fois \u00e0 quoi ressemble une posture efficace et comment les compensations se d\u00e9veloppent lorsque le contr\u00f4le est r\u00e9duit.<\/p>\n<p><strong>Con\u00e7u pour fonctionner avec le poster \u00ab Cycle de la Marche \u00bb.<\/strong><br \/>\nLe poster Bon Contr\u00f4le Postural s\u2019int\u00e8gre parfaitement avec <a href=\"https:\/\/educare.design\/fr\/shop\/gait-cycle-and-kinetic-chain\/\" target=\"_blank\" rel=\"noopener\">The Gait Cycle &amp; Kinetic Chain<\/a> Alors que le poster de la marche explique comment le mouvement se d\u00e9ploie dans le temps, ce poster montre comment une mauvaise gestion des charges peut alt\u00e9rer la qualit\u00e9 du mouvement et augmenter les contraintes lors de la marche et des activit\u00e9s quotidiennes. Ensemble, ils soutiennent des explications claires sur les compensations posturales, les inefficacit\u00e9s de la marche, les probl\u00e8mes de transfert de charge et les sch\u00e9mas de contraintes le long de la cha\u00eene cin\u00e9tique.<\/p>\n<p><strong>Id\u00e9al pour :<\/strong><br \/>\nCliniques chiropratiques (DC), cliniques ost\u00e9opathiques (DO), cabinets de physioth\u00e9rapie (PT), et cliniques orient\u00e9es vers le mouvement et la r\u00e9\u00e9ducation.<\/p>\n<p><strong>Personnalisation gratuite avec le nom de votre clinique.<\/strong><br \/>\nPour cette \u0153uvre, nous vous proposons d\u2019ajouter gratuitement le nom de votre clinique (ou l\u2019adresse de votre site Web) ! Le nom remplacera le sous-titre actuel de l\u2019\u0153uvre ; consultez une illustration de celui-ci dans la galerie d\u2019images.<\/p>\n<p><a href=\"https:\/\/youtu.be\/mkLXgtN27XU\"><img loading=\"lazy\" decoding=\"async\" class=\"alignleft size-full wp-image-17589\" src=\"https:\/\/educare.design\/wp-content\/uploads\/2023\/12\/youtube-logo.png\" alt=\"\" width=\"55\" height=\"22\" \/><\/a>Voir ce graphique <a href=\"https:\/\/youtu.be\/mkLXgtN27XU\" target=\"_blank\" rel=\"noopener\">ici<\/a> sur YouTube.<\/p>\n<p><strong>\u00c9dition Noire.<\/strong><br \/>\nCe chart est \u00e9galement disponible en \u00e9dition noire sp\u00e9ciale, visible dans la galerie d\u2019images.<\/p>\n<p>\ud83d\udd25 Cette \u0153uvre fait partie d'un ensemble avec une remise de 25 %, comme on le voit <a href=\"https:\/\/educare.design\/fr\/shop\/postural-control-set\/\" target=\"_blank\" rel=\"noopener\">ici<\/a>.<\/p>\n<p>\ud83c\uddec\ud83c\udde7 <a href=\"https:\/\/educare.design\/wp-content\/uploads\/2025\/12\/english-Poor-Postural-Control.jpg\" target=\"_blank\" rel=\"noopener\">View more details of the English version.<\/a><br \/>\n\ud83c\uddee\ud83c\uddf9 <a href=\"https:\/\/educare.design\/wp-content\/uploads\/2025\/12\/italian-Poor-Postural-Control.jpg\" target=\"_blank\" rel=\"noopener\">Vedi i dettagli della versione italiana.<\/a><br \/>\n\ud83c\uddea\ud83c\uddf8 <a href=\"https:\/\/educare.design\/wp-content\/uploads\/2025\/12\/spanish-Poor-Postural-Control.jpg\" target=\"_blank\" rel=\"noopener\">Ver detalles de la versi\u00f3n en espa\u00f1ol.<\/a><br \/>\n\ud83c\udde9\ud83c\uddea <a href=\"https:\/\/educare.design\/wp-content\/uploads\/2025\/12\/german-Poor-Postural-Control.jpg\" target=\"_blank\" rel=\"noopener\">Details zur deutschen Version anzeigen.<\/a><br \/>\n\ud83c\uddeb\ud83c\uddf7 <a href=\"https:\/\/educare.design\/wp-content\/uploads\/2025\/12\/french-Poor-Postural-Control.jpg\" target=\"_blank\" rel=\"noopener\">Voir les d\u00e9tails de la version fran\u00e7aise.<\/a><br \/>\n\ud83c\uddf3\ud83c\uddf1 <a href=\"https:\/\/educare.design\/wp-content\/uploads\/2025\/12\/dutch-Poor-Postural-Control.jpg\" target=\"_blank\" rel=\"noopener\">Bekijk details van de Nederlandse versie.<\/a><br \/>\n\ud83c\uddf5\ud83c\uddf9 <a href=\"https:\/\/educare.design\/wp-content\/uploads\/2025\/12\/portuguese-Poor-Postural-Control.jpg\" target=\"_blank\" rel=\"noopener\">Veja mais detalhes da vers\u00e3o portuguesa.<\/a><br \/>\n\ud83c\uddf8\ud83c\uddea <a href=\"https:\/\/educare.design\/wp-content\/uploads\/2025\/12\/svensk-Poor-Postural-Control.jpg\" target=\"_blank\" rel=\"noopener\">Se fler detaljer om den svenska versionen.<\/a><br \/>\n\ud83c\uddf3\ud83c\uddf4 <a href=\"https:\/\/educare.design\/wp-content\/uploads\/2025\/12\/norsk-Poor-Postural-Control.jpg\" target=\"_blank\" rel=\"noopener\">Se flere detaljer om den norske versjonen.<\/a><br \/>\n\ud83c\udde9\ud83c\uddf0 <a href=\"https:\/\/educare.design\/wp-content\/uploads\/2025\/12\/dansk-Poor-Postural-Control.jpg\" target=\"_blank\" rel=\"noopener\">Se flere detaljer af den danske version.<\/a><\/p>\n<p><strong>Int\u00e9grez-le \u00e0 votre cabinet!<\/strong><br \/>\n<strong>\u2b07<\/strong> Commandez ici.<\/p>","protected":false},"featured_media":32792,"template":"","meta":{"_acf_changed":false},"product_brand":[],"product_cat":[47],"product_tag":[501,504],"class_list":{"0":"post-32771","1":"product","2":"type-product","3":"status-publish","4":"has-post-thumbnail","6":"product_cat-anatomy","7":"product_tag-musculoskeletal","8":"product_tag-spine-structure","10":"first","11":"instock","12":"shipping-taxable","13":"purchasable","14":"product-type-variable","15":"has-default-attributes"},"acf":[],"jetpack_sharing_enabled":true,"_links":{"self":[{"href":"https:\/\/educare.design\/fr\/wp-json\/wp\/v2\/product\/32771","targetHints":{"allow":["GET"]}}],"collection":[{"href":"https:\/\/educare.design\/fr\/wp-json\/wp\/v2\/product"}],"about":[{"href":"https:\/\/educare.design\/fr\/wp-json\/wp\/v2\/types\/product"}],"wp:featuredmedia":[{"embeddable":true,"href":"https:\/\/educare.design\/fr\/wp-json\/wp\/v2\/media\/32792"}],"wp:attachment":[{"href":"https:\/\/educare.design\/fr\/wp-json\/wp\/v2\/media?parent=32771"}],"wp:term":[{"taxonomy":"product_brand","embeddable":true,"href":"https:\/\/educare.design\/fr\/wp-json\/wp\/v2\/product_brand?post=32771"},{"taxonomy":"product_cat","embeddable":true,"href":"https:\/\/educare.design\/fr\/wp-json\/wp\/v2\/product_cat?post=32771"},{"taxonomy":"product_tag","embeddable":true,"href":"https:\/\/educare.design\/fr\/wp-json\/wp\/v2\/product_tag?post=32771"}],"curies":[{"name":"wp","href":"https:\/\/api.w.org\/{rel}","templated":true}]}}