{"id":32135,"date":"2025-10-29T09:45:57","date_gmt":"2025-10-29T09:45:57","guid":{"rendered":"https:\/\/educare.design\/?post_type=product&#038;p=32135"},"modified":"2026-04-18T18:22:11","modified_gmt":"2026-04-18T18:22:11","slug":"menopause-andropause","status":"publish","type":"product","link":"https:\/\/educare.design\/fr\/shop\/menopause-andropause\/","title":{"rendered":"Menopause and Andropause"},"content":{"rendered":"<div id=\"fws_6a09c22377939\"  data-column-margin=\"default\" data-midnight=\"dark\"  class=\"wpb_row vc_row-fluid vc_row\"  style=\"padding-top: 0px; padding-bottom: 0px; \"><div class=\"row-bg-wrap\" data-bg-animation=\"none\" data-bg-animation-delay=\"\" data-bg-overlay=\"false\"><div class=\"inner-wrap row-bg-layer\" ><div class=\"row-bg viewport-desktop\"  style=\"\"><\/div><\/div><\/div><div class=\"row_col_wrap_12 col span_12 dark left\">\n\t<div  class=\"vc_col-sm-12 wpb_column column_container vc_column_container col no-extra-padding inherit_tablet inherit_phone flex_gap_desktop_10px\"  data-padding-pos=\"all\" data-has-bg-color=\"false\" data-bg-color=\"\" data-bg-opacity=\"1\" data-animation=\"\" data-delay=\"0\" >\n\t\t<div class=\"vc_column-inner\" >\n\t\t\t<div class=\"wpb_wrapper\">\n\t\t\t\t\n<div class=\"wpb_text_column wpb_content_element\" >\n\t<p>Fait partie de :<br \/>\n<em><a href=\"https:\/\/educare.design\/fr\/item\/reproductive-health\/\" target=\"_blank\" rel=\"noopener\">Sant\u00e9 Reproductive<\/a><\/em><br \/>\n\u00c9galement pertinent pour :<br \/>\n<a href=\"https:\/\/educare.design\/fr\/item\/organs-physiology\/\" target=\"_blank\" rel=\"noopener\"><em>Organes &amp; Physiologie<\/em><\/a><br \/>\nSouvent associ\u00e9 \u00e0 :<br \/>\n<em><a href=\"https:\/\/educare.design\/fr\/shop\/puberty\/\" target=\"_blank\" rel=\"noopener\">Pubert\u00e9<\/a><\/em>, <em><a href=\"https:\/\/educare.design\/fr\/shop\/fibromyalgie-systeme-hormonal-nerveux-planche-anatomique\/\" target=\"_blank\" rel=\"noopener\">Fibromyalgie avec Connexions Hormonales et Nerveuses<\/a><\/em><\/p>\n<p>Disponible en <a href=\"https:\/\/educare.design\/fr\/posters\/\" target=\"_blank\" rel=\"noopener\">affiches imprim\u00e9es<\/a> (<em>cadres non inclus<\/em>), <a href=\"https:\/\/educare.design\/fr\/impressions-sur-toile\/\" target=\"_blank\" rel=\"noopener\">impressions sur toile<\/a> (<em>avec cadres int\u00e9gr\u00e9s<\/em>), et version \u00e0 imprimer soi-m\u00eame <a href=\"https:\/\/educare.design\/fr\/fichiers-pdf-numeriques\/\" target=\"_blank\" rel=\"noopener\">Fichiers PDF<\/a>. Parcourez la galerie d\u2019images pour d\u00e9couvrir les options disponibles pour cette \u0153uvre, incl. <a href=\"https:\/\/educare.design\/fr\/sizes-types\/\" target=\"_blank\" rel=\"noopener\">types et tailles<\/a>, emplacement optionnel du nom ou du site web, ainsi que les dix versions linguistiques !<\/p>\n<p><span style=\"color: #488693;\"><strong>\u2605\u2605\u2605\u2605\u2605<\/strong><\/span> <em>\u201cFast and accurate delivery. Very good experience!\u201d<\/em> - \ud83c\udde7\ud83c\uddea <a href=\"https:\/\/uk.trustpilot.com\/reviews\/6901c13093be075b9c5b313b\" target=\"_blank\" rel=\"noopener\">Raphael Degey<\/a><\/p>\n<\/div>\n\n\n\n\n\t\t\t<\/div> \n\t\t<\/div>\n\t<\/div> \n<\/div><\/div>","protected":false},"excerpt":{"rendered":"<p>Ce poster anatomique offre une vue claire et harmonieuse des changements hormonaux chez les femmes et les hommes \u00e0 la moiti\u00e9 de la vie \u2014 une r\u00e9f\u00e9rence visuelle qui allie pr\u00e9cision m\u00e9dicale et compr\u00e9hension du patient. Sur la gauche, l\u2019anatomie f\u00e9minine illustre la transition de la m\u00e9nopause : la diminution progressive des \u0153strog\u00e8nes et de la progest\u00e9rone et son impact sur la temp\u00e9rature corporelle, la densit\u00e9 osseuse, le sommeil et l\u2019humeur. \u00c0 droite, l\u2019anatomie masculine montre la baisse progressive li\u00e9e \u00e0 l\u2019\u00e2ge de la testost\u00e9rone et du DHEA, expliquant comment ces changements affectent la force musculaire, l\u2019\u00e9nergie, la libido et la stabilit\u00e9 \u00e9motionnelle.<\/p>\n<p>Au centre, un Index Hormonal commun compare les principales hormones du corps \u2014 des \u0153strog\u00e8nes et de la testost\u00e9rone \u00e0 la thyro\u00efde, l\u2019hormone de croissance et le cortisol \u2014 en soulignant leurs fonctions principales et leurs interconnexions. Chaque syst\u00e8me est clairement illustr\u00e9 et cod\u00e9 par couleur, facilitant la compr\u00e9hension des liens entre sympt\u00f4mes, glandes et syst\u00e8mes corporels.\n\nCon\u00e7u comme outil \u00e9ducatif et r\u00e9f\u00e9rence clinique, ce poster aide les professionnels \u00e0 expliquer les concepts hormonaux complexes d\u2019un seul regard. Id\u00e9al pour les consultations, les salles de cours et les centres de bien-\u00eatre o\u00f9 clart\u00e9 et confiance sont essentielles. Il allie expertise m\u00e9dicale, design moderne et calme visuel \u2014 faisant de cette \u0153uvre la r\u00e9f\u00e9rence incontournable sur la m\u00e9nopause et l\u2019andropause.<\/p>\n<p class=\"translation-block\">Pr\u00e9sent\u00e9e avec la <a href=\"https:\/\/educare.design\/fr\/shop\/puberty\/\" target=\"_blank\">Planche Anatomique de la Pubert\u00e9<\/a>, elle forme un r\u00e9cit visuel harmonieux de l\u2019\u00e9volution hormonale humaine \u2014 de l\u2019\u00e9veil du syst\u00e8me endocrinien \u00e0 sa transformation progressive \u00e0 l\u2019\u00e2ge m\u00fbr.<\/p>\n<p><strong>Personnalisation gratuite avec le nom de votre clinique.<\/strong><br \/>\nPour cette \u0153uvre, nous vous proposons d\u2019ajouter gratuitement le nom de votre clinique (ou l\u2019adresse de votre site Web) ! Le nom remplacera le sous-titre actuel de l\u2019\u0153uvre ; consultez une illustration de celui-ci dans la galerie d\u2019images.<\/p>\n<p><a href=\"https:\/\/youtu.be\/dsR147eFNXc\"><img loading=\"lazy\" decoding=\"async\" class=\"alignleft size-full wp-image-17589\" src=\"https:\/\/educare.design\/wp-content\/uploads\/2023\/12\/youtube-logo.png\" alt=\"\" width=\"55\" height=\"22\" \/><\/a>Voir ce graphique <a href=\"https:\/\/youtu.be\/dsR147eFNXc\" target=\"_blank\" rel=\"noopener\">ici<\/a> sur YouTube.<\/p>\n<p><strong>\u00c9dition Noire.<\/strong><br \/>\nCe chart est \u00e9galement disponible en \u00e9dition noire sp\u00e9ciale, visible dans la galerie d\u2019images.<\/p>\n<p>\ud83c\uddec\ud83c\udde7 <a href=\"https:\/\/educare.design\/wp-content\/uploads\/2025\/10\/Menopause-Andropause_english.jpg\" target=\"_blank\" rel=\"noopener\">View more details of the English version.<\/a><br \/>\n\ud83c\uddee\ud83c\uddf9 <a href=\"https:\/\/educare.design\/wp-content\/uploads\/2025\/10\/Menopause-Andropause_italian.jpg\" target=\"_blank\" rel=\"noopener\">Vedi i dettagli della versione italiana.<\/a><br \/>\n\ud83c\uddea\ud83c\uddf8 <a href=\"https:\/\/educare.design\/wp-content\/uploads\/2025\/10\/Menopause-Andropause_spanish.jpg\" target=\"_blank\" rel=\"noopener\">Ver detalles de la versi\u00f3n en espa\u00f1ol.<\/a><br \/>\n\ud83c\udde9\ud83c\uddea <a href=\"https:\/\/educare.design\/wp-content\/uploads\/2025\/10\/Menopause-Andropause_german.jpg\" target=\"_blank\" rel=\"noopener\">Details zur deutschen Version anzeigen.<\/a><br \/>\n\ud83c\uddeb\ud83c\uddf7 <a href=\"https:\/\/educare.design\/wp-content\/uploads\/2025\/10\/Menopause-Andropause_french.jpg\" target=\"_blank\" rel=\"noopener\">Voir les d\u00e9tails de la version fran\u00e7aise.<\/a><br \/>\n\ud83c\uddf3\ud83c\uddf1 <a href=\"https:\/\/educare.design\/wp-content\/uploads\/2025\/10\/Menopause-Andropause_dutch.jpg\" target=\"_blank\" rel=\"noopener\">Bekijk details van de Nederlandse versie.<\/a><br \/>\n\ud83c\uddf5\ud83c\uddf9 <a href=\"https:\/\/educare.design\/wp-content\/uploads\/2025\/10\/Menopause-Andropause_portuguese.jpg\" target=\"_blank\" rel=\"noopener\">Veja mais detalhes da vers\u00e3o portuguesa.<\/a><br \/>\n\ud83c\uddf8\ud83c\uddea <a href=\"https:\/\/educare.design\/wp-content\/uploads\/2025\/10\/Menopause-Andropause_svensk.jpg\" target=\"_blank\" rel=\"noopener\">Se fler detaljer om den svenska versionen.<\/a><br \/>\n\ud83c\uddf3\ud83c\uddf4 <a href=\"https:\/\/educare.design\/wp-content\/uploads\/2025\/10\/Menopause-Andropause_norsk.jpg\" target=\"_blank\" rel=\"noopener\">Se flere detaljer om den norske versjonen.<\/a><br \/>\n\ud83c\udde9\ud83c\uddf0 <a href=\"https:\/\/educare.design\/wp-content\/uploads\/2025\/10\/Menopause-Andropause_dansk.jpg\" target=\"_blank\" rel=\"noopener\">Se flere detaljer af den danske version.<\/a><\/p>\n<p><strong>Int\u00e9grez-le \u00e0 votre cabinet!<\/strong><br \/>\n<strong>\u2b07<\/strong> Commandez ici.<\/p>","protected":false},"featured_media":32134,"template":"","meta":{"_acf_changed":false},"product_brand":[],"product_cat":[47],"product_tag":[531,496],"class_list":{"0":"post-32135","1":"product","2":"type-product","3":"status-publish","4":"has-post-thumbnail","6":"product_cat-anatomy","7":"product_tag-organs-physiology","8":"product_tag-reproductive-health","10":"first","11":"instock","12":"shipping-taxable","13":"purchasable","14":"product-type-variable","15":"has-default-attributes"},"acf":[],"jetpack_sharing_enabled":true,"_links":{"self":[{"href":"https:\/\/educare.design\/fr\/wp-json\/wp\/v2\/product\/32135","targetHints":{"allow":["GET"]}}],"collection":[{"href":"https:\/\/educare.design\/fr\/wp-json\/wp\/v2\/product"}],"about":[{"href":"https:\/\/educare.design\/fr\/wp-json\/wp\/v2\/types\/product"}],"wp:featuredmedia":[{"embeddable":true,"href":"https:\/\/educare.design\/fr\/wp-json\/wp\/v2\/media\/32134"}],"wp:attachment":[{"href":"https:\/\/educare.design\/fr\/wp-json\/wp\/v2\/media?parent=32135"}],"wp:term":[{"taxonomy":"product_brand","embeddable":true,"href":"https:\/\/educare.design\/fr\/wp-json\/wp\/v2\/product_brand?post=32135"},{"taxonomy":"product_cat","embeddable":true,"href":"https:\/\/educare.design\/fr\/wp-json\/wp\/v2\/product_cat?post=32135"},{"taxonomy":"product_tag","embeddable":true,"href":"https:\/\/educare.design\/fr\/wp-json\/wp\/v2\/product_tag?post=32135"}],"curies":[{"name":"wp","href":"https:\/\/api.w.org\/{rel}","templated":true}]}}