{"id":29562,"date":"2022-05-01T06:11:46","date_gmt":"2022-05-01T06:11:46","guid":{"rendered":"https:\/\/educare.design\/?post_type=product&#038;p=29562"},"modified":"2026-04-14T15:27:24","modified_gmt":"2026-04-14T15:27:24","slug":"better-care-set-1","status":"publish","type":"product","link":"https:\/\/educare.design\/fr\/shop\/better-care-set-1\/","title":{"rendered":"Ensemble Messages de Sant\u00e9 (3)"},"content":{"rendered":"<div id=\"fws_69ffb7be7e2a5\"  data-column-margin=\"default\" data-midnight=\"dark\"  class=\"wpb_row vc_row-fluid vc_row\"  style=\"padding-top: 0px; padding-bottom: 0px; \"><div class=\"row-bg-wrap\" data-bg-animation=\"none\" data-bg-animation-delay=\"\" data-bg-overlay=\"false\"><div class=\"inner-wrap row-bg-layer\" ><div class=\"row-bg viewport-desktop\"  style=\"\"><\/div><\/div><\/div><div class=\"row_col_wrap_12 col span_12 dark left\">\n\t<div  class=\"vc_col-sm-12 wpb_column column_container vc_column_container col no-extra-padding inherit_tablet inherit_phone flex_gap_desktop_10px\"  data-padding-pos=\"all\" data-has-bg-color=\"false\" data-bg-color=\"\" data-bg-opacity=\"1\" data-animation=\"\" data-delay=\"0\" >\n\t\t<div class=\"vc_column-inner\" >\n\t\t\t<div class=\"wpb_wrapper\">\n\t\t\t\t\n<div class=\"wpb_text_column wpb_content_element\" >\n\t<p>Cat\u00e9gorie :<br \/>\n<em><a href=\"https:\/\/educare.design\/fr\/cat\/sets-on-sale\/\" target=\"_blank\" rel=\"noopener\">Ensembles en Vente<\/a><\/em><br \/>\nSouvent associ\u00e9 \u00e0 :<br \/>\n<em><a href=\"https:\/\/educare.design\/fr\/shop\/evaluation-posturale-scoliose-planche-anatomique\/\" target=\"_blank\">\u00c9valuation Posturale et Scoliose<\/a><\/em><\/p>\n<p>Les Ensembles en Promotion sont disponibles uniquement en <a href=\"https:\/\/educare.design\/fr\/posters\/\" target=\"_blank\" rel=\"noopener\">affiches imprim\u00e9es<\/a> et <a href=\"https:\/\/educare.design\/fr\/impressions-sur-toile\/\" target=\"_blank\" rel=\"noopener\">impressions sur toile<\/a>. Consultez les pages produits individuelles pour les options linguistiques. \u26a0\ufe0f Remarque : <em>les Ensembles en Promotion ne peuvent pas \u00eatre achet\u00e9s avec des codes de r\u00e9duction, et les \u0153uvres incluses ne peuvent pas \u00eatre \u00e9chang\u00e9es.<\/em><\/p>\n<p><span style=\"color: #488693;\"><strong>\u2605\u2605\u2605\u2605\u2605<\/strong><\/span> <em>\u201cFast and professional, very stylish material!! Thank you.\u201d<\/em> - \ud83c\uddec\ud83c\udde7 <a href=\"https:\/\/alivechiropractic.co.uk\/\" target=\"_blank\" rel=\"noopener\">Alive Chiropractic<\/a><\/p>\n<\/div>\n\n\n\n\n\t\t\t<\/div> \n\t\t<\/div>\n\t<\/div> \n<\/div><\/div>","protected":false},"excerpt":{"rendered":"<p><span style=\"color: #b30885;\"><strong>\u00c9conomisez 25 % sur cet ensemble de 3.<\/strong><\/span><br \/>\nUne collection clinique motivante et visuellement forte construite autour d\u2019un message simple : le progr\u00e8s commence quelque part. Ce set de trois affiches \u2013 <a href=\"https:\/\/educare.design\/fr\/shop\/pas-encore-2\/\" target=\"_blank\">Pas Encore\u2026 (1)<\/a>, <a href=\"https:\/\/educare.design\/fr\/shop\/not-yet-2\/\" target=\"_blank\">Pas Encore\u2026 (2)<\/a>, et <a href=\"https:\/\/educare.design\/fr\/shop\/pas-encore-3\/\" target=\"_blank\">Pas Encore\u2026 (3)<\/a> \u2013 offre un encouragement clair et confiant dans un format visuellement marquant, con\u00e7u pour les espaces th\u00e9rapeutiques modernes.<\/p>\n<p>Chaque \u0153uvre associe une imagerie athl\u00e9tique puissante \u00e0 un message concis et tourn\u00e9 vers l\u2019avenir \u2014 renfor\u00e7ant l\u2019id\u00e9e que l\u2019am\u00e9lioration est possible, m\u00eame si elle n\u2019a pas encore eu lieu. Le ton est optimiste, direct et orient\u00e9 vers l\u2019action, id\u00e9al pour salles de consultation, espaces d\u2019entra\u00eenement et zones d\u2019accueil. Le texte garde le message net et motivant. Les compositions photographiques cr\u00e9ent un impact \u00e9motionnel. Ensemble, elles instaurent une atmosph\u00e8re clinique positive qui motive sans moraliser.<\/p>\n<p>R\u00e9unies, les trois \u0153uvres forment une pr\u00e9sentation dynamique de sensibilisation qui renforce l\u2019engagement des patients, encourage l\u2019implication et apporte une \u00e9nergie visuelle affirm\u00e9e \u00e0 votre environnement clinique.<\/p>\n<p><a href=\"https:\/\/youtu.be\/hp2yBAQDiZI\"><img loading=\"lazy\" decoding=\"async\" class=\"alignleft size-full wp-image-17589\" src=\"https:\/\/educare.design\/wp-content\/uploads\/2023\/12\/youtube-logo.png\" alt=\"\" width=\"55\" height=\"22\" \/><\/a>Voir cet ensemble <a href=\"https:\/\/youtu.be\/hp2yBAQDiZI\" target=\"_blank\" rel=\"noopener\">ici<\/a> sur YouTube.<\/p>\n<p><strong>Int\u00e9grez cet ensemble \u00e0 votre cabinet.<\/strong><br \/>\n<strong>\u2b07<\/strong> Commandez ici.<\/p>","protected":false},"featured_media":29427,"template":"","meta":{"_acf_changed":false},"product_brand":[],"product_cat":[505],"product_tag":[],"class_list":{"0":"post-29562","1":"product","2":"type-product","3":"status-publish","4":"has-post-thumbnail","6":"product_cat-sets-on-sale","8":"first","9":"instock","10":"sale","11":"shipping-taxable","12":"purchasable","13":"product-type-variable","14":"has-default-attributes"},"acf":[],"jetpack_sharing_enabled":true,"_links":{"self":[{"href":"https:\/\/educare.design\/fr\/wp-json\/wp\/v2\/product\/29562","targetHints":{"allow":["GET"]}}],"collection":[{"href":"https:\/\/educare.design\/fr\/wp-json\/wp\/v2\/product"}],"about":[{"href":"https:\/\/educare.design\/fr\/wp-json\/wp\/v2\/types\/product"}],"wp:featuredmedia":[{"embeddable":true,"href":"https:\/\/educare.design\/fr\/wp-json\/wp\/v2\/media\/29427"}],"wp:attachment":[{"href":"https:\/\/educare.design\/fr\/wp-json\/wp\/v2\/media?parent=29562"}],"wp:term":[{"taxonomy":"product_brand","embeddable":true,"href":"https:\/\/educare.design\/fr\/wp-json\/wp\/v2\/product_brand?post=29562"},{"taxonomy":"product_cat","embeddable":true,"href":"https:\/\/educare.design\/fr\/wp-json\/wp\/v2\/product_cat?post=29562"},{"taxonomy":"product_tag","embeddable":true,"href":"https:\/\/educare.design\/fr\/wp-json\/wp\/v2\/product_tag?post=29562"}],"curies":[{"name":"wp","href":"https:\/\/api.w.org\/{rel}","templated":true}]}}