{"id":29052,"date":"2025-04-18T12:29:35","date_gmt":"2025-04-18T12:29:35","guid":{"rendered":"https:\/\/educare.design\/?post_type=product&#038;p=29052"},"modified":"2026-04-19T17:02:13","modified_gmt":"2026-04-19T17:02:13","slug":"systeme-digestif-structure-tractus-gastro-intestinal","status":"publish","type":"product","link":"https:\/\/educare.design\/fr\/shop\/digestive-system\/","title":{"rendered":"Syst\u00e8me Digestif et Structure du Tractus Gastro-intestinal"},"content":{"rendered":"<div id=\"fws_6a00bb95cbbf1\"  data-column-margin=\"default\" data-midnight=\"dark\"  class=\"wpb_row vc_row-fluid vc_row\"  style=\"padding-top: 0px; padding-bottom: 0px; \"><div class=\"row-bg-wrap\" data-bg-animation=\"none\" data-bg-animation-delay=\"\" data-bg-overlay=\"false\"><div class=\"inner-wrap row-bg-layer\" ><div class=\"row-bg viewport-desktop\"  style=\"\"><\/div><\/div><\/div><div class=\"row_col_wrap_12 col span_12 dark left\">\n\t<div  class=\"vc_col-sm-12 wpb_column column_container vc_column_container col no-extra-padding inherit_tablet inherit_phone flex_gap_desktop_10px\"  data-padding-pos=\"all\" data-has-bg-color=\"false\" data-bg-color=\"\" data-bg-opacity=\"1\" data-animation=\"\" data-delay=\"0\" >\n\t\t<div class=\"vc_column-inner\" >\n\t\t\t<div class=\"wpb_wrapper\">\n\t\t\t\t\n<div class=\"wpb_text_column wpb_content_element\" >\n\t<p>Fait partie de :<br \/>\n<em><a href=\"https:\/\/educare.design\/fr\/item\/organs-physiology\/\" target=\"_blank\" rel=\"noopener\">Organes &amp; Physiologie<\/a><\/em><br \/>\nSouvent associ\u00e9 \u00e0 :<br \/>\n<em><a href=\"https:\/\/educare.design\/fr\/shop\/abdominal-quadrants\/\" target=\"_blank\">Les 9 R\u00e9gions Abdominales<\/a><\/em>, <em><a href=\"https:\/\/educare.design\/fr\/shop\/the-immune-system\/\" target=\"_blank\">Le Syst\u00e8me Immunitaire<\/a><\/em><\/p>\n<p>Disponible en <a href=\"https:\/\/educare.design\/fr\/posters\/\" target=\"_blank\" rel=\"noopener\">affiches imprim\u00e9es<\/a> (<em>cadres non inclus<\/em>), <a href=\"https:\/\/educare.design\/fr\/impressions-sur-toile\/\" target=\"_blank\" rel=\"noopener\">impressions sur toile<\/a> (<em>avec cadres int\u00e9gr\u00e9s<\/em>), et version \u00e0 imprimer soi-m\u00eame <a href=\"https:\/\/educare.design\/fr\/fichiers-pdf-numeriques\/\" target=\"_blank\" rel=\"noopener\">Fichiers PDF<\/a>. Parcourez la galerie d\u2019images pour d\u00e9couvrir les options disponibles pour cette \u0153uvre, incl. <a href=\"https:\/\/educare.design\/fr\/sizes-types\/\" target=\"_blank\" rel=\"noopener\">types et tailles<\/a>, emplacement optionnel du nom ou du site web, ainsi que les dix versions linguistiques !<\/p>\n<p><span style=\"color: #488693;\"><strong>\u2605\u2605\u2605\u2605\u2605<\/strong><\/span> <em>\u201cThe quality of the prints is outstanding \u2014 they look amazing and perfectly capture every intricate detail.\u201d<\/em> - \ud83c\uddec\ud83c\udde7 <a href=\"https:\/\/www.google.com\/maps\/contrib\/109662105465006803331\/reviews?authuser=6&amp;hl=en-GB\" target=\"_blank\" rel=\"noopener\">Anna Hugill<\/a><\/p>\n<\/div>\n\n\n\n\n\t\t\t<\/div> \n\t\t<\/div>\n\t<\/div> \n<\/div><\/div>","protected":false},"excerpt":{"rendered":"<p>Structure, Absorption et Fonction Digestive Coordonn\u00e9e : une remarquable Planche Anatomique du syst\u00e8me digestif pr\u00e9sentant le tractus gastro-intestinal comme un processus dynamique et s\u00e9quentiel, et non comme une simple liste d\u2019organes. De l\u2019ingestion \u00e0 l\u2019absorption des nutriments et \u00e0 l\u2019\u00e9limination, la planche illustre comment la structure permet la fonction \u00e0 chaque \u00e9tape de la digestion.<\/p>\n<p>L\u2019illustration centrale repr\u00e9sente avec pr\u00e9cision le foie, l\u2019estomac, la v\u00e9sicule biliaire, le pancr\u00e9as, le duod\u00e9num, l\u2019intestin gr\u00eale et le c\u00f4lon en continuit\u00e9 anatomique. Des structures telles que la flexure spl\u00e9nique, le c\u00f4lon transverse, le c\u00f4lon sigmo\u00efde et le rectum sont positionn\u00e9es dans leur contexte, permettant d\u2019expliquer motilit\u00e9, temps de transit et fonctions r\u00e9gionales.<\/p>\n<p>Des vues en coupe d\u00e9taill\u00e9es apportent de la profondeur sans surcharge. L\u2019intestin gr\u00eale est repr\u00e9sent\u00e9 avec ses couches musculaires longitudinale et circulaire, sa muqueuse et sa sous-muqueuse. Les agrandissements des plis intestinaux, des villosit\u00e9s et des cellules \u00e9pith\u00e9liales avec microvillosit\u00e9s montrent comment l\u2019augmentation de surface permet une absorption efficace des nutriments. Les composantes vasculaires et lymphatiques soulignent le lien direct entre digestion, circulation syst\u00e9mique et fonction immunitaire. La planche facilite des explications structur\u00e9es. Ballonnements, reflux, constipation, malabsorption ou inconfort abdominal peuvent \u00eatre replac\u00e9s dans leur contexte anatomique et physiologique. Les patients comprennent comment bile, enzymes, p\u00e9ristaltisme et absorption agissent de mani\u00e8re coordonn\u00e9e.<\/p>\n<p>L\u2019\u00e9quilibre entre clart\u00e9 et d\u00e9tail en fait un outil de communication clinique utilisable en consultation, en \u00e9ducation nutritionnelle et dans les approches fond\u00e9es sur les syst\u00e8mes. Id\u00e9ale pour cabinets chiropratiques, ost\u00e9opathiques, de physioth\u00e9rapie, m\u00e9decine fonctionnelle, gastroent\u00e9rologie et formation m\u00e9dicale.<\/p>\n<p><strong>Personnalisation gratuite avec le nom de votre clinique.<\/strong><br \/>\nPour cette \u0153uvre, nous vous proposons d\u2019ajouter gratuitement le nom de votre clinique (ou l\u2019adresse de votre site Web) ! Le nom remplacera le sous-titre actuel de l\u2019\u0153uvre ; consultez une illustration de celui-ci dans la galerie d\u2019images.<\/p>\n<p><a href=\"https:\/\/youtu.be\/wGM4BMeHMU4\"><img loading=\"lazy\" decoding=\"async\" class=\"alignleft size-full wp-image-17589\" src=\"https:\/\/educare.design\/wp-content\/uploads\/2023\/12\/youtube-logo.png\" alt=\"\" width=\"55\" height=\"22\" \/><\/a>Voir ce graphique <a href=\"https:\/\/youtu.be\/wGM4BMeHMU4\" target=\"_blank\" rel=\"noopener\">ici<\/a> sur YouTube.<\/p>\n<p><strong>\u00c9dition Noire.<\/strong><br \/>\nCe chart est \u00e9galement disponible en \u00e9dition noire sp\u00e9ciale, visible dans la galerie d\u2019images.<\/p>\n<p>\ud83d\udd25 Cette \u0153uvre fait partie d'un ensemble avec une remise de 25 %, comme on le voit <a href=\"https:\/\/educare.design\/fr\/shop\/anatomy-set-1\/\" target=\"_blank\" rel=\"noopener\">ici<\/a>.<\/p>\n<p>\ud83c\uddec\ud83c\udde7 <a href=\"https:\/\/educare.design\/wp-content\/uploads\/2025\/04\/english_Digestive-System.jpg\" target=\"_blank\" rel=\"noopener\">View more details of the English version.<\/a><br \/>\n\ud83c\uddee\ud83c\uddf9 <a href=\"https:\/\/educare.design\/wp-content\/uploads\/2025\/04\/italian_Digestive-System.jpg\" target=\"_blank\" rel=\"noopener\">Vedi i dettagli della versione italiana.<\/a><br \/>\n\ud83c\uddea\ud83c\uddf8 <a href=\"https:\/\/educare.design\/wp-content\/uploads\/2025\/04\/spanish_Digestive-System.jpg\" target=\"_blank\" rel=\"noopener\">Ver detalles de la versi\u00f3n en espa\u00f1ol.<\/a><br \/>\n\ud83c\udde9\ud83c\uddea <a href=\"https:\/\/educare.design\/wp-content\/uploads\/2025\/04\/german_Digestive-System.jpg\" target=\"_blank\" rel=\"noopener\">Details zur deutschen Version anzeigen.<\/a><br \/>\n\ud83c\uddeb\ud83c\uddf7 <a href=\"https:\/\/educare.design\/wp-content\/uploads\/2025\/04\/french_Digestive-System.jpg\" target=\"_blank\" rel=\"noopener\">Voir les d\u00e9tails de la version fran\u00e7aise.<\/a><br \/>\n\ud83c\uddf3\ud83c\uddf1 <a href=\"https:\/\/educare.design\/wp-content\/uploads\/2025\/04\/dutch_Digestive-System.jpg\" target=\"_blank\" rel=\"noopener\">Bekijk details van de Nederlandse versie.<\/a><br \/>\n\ud83c\uddf5\ud83c\uddf9 <a href=\"https:\/\/educare.design\/wp-content\/uploads\/2025\/04\/portuguese_Digestive-System.jpg\" target=\"_blank\" rel=\"noopener\">Veja mais detalhes da vers\u00e3o portuguesa.<\/a><br \/>\n\ud83c\uddf8\ud83c\uddea <a href=\"https:\/\/educare.design\/wp-content\/uploads\/2025\/04\/svensk_Digestive-System.jpg\" target=\"_blank\" rel=\"noopener\">Se fler detaljer om den svenska versionen.<\/a><br \/>\n\ud83c\uddf3\ud83c\uddf4 <a href=\"https:\/\/educare.design\/wp-content\/uploads\/2025\/04\/norsk_Digestive-System.jpg\" target=\"_blank\" rel=\"noopener\">Se flere detaljer om den norske versjonen.<\/a><br \/>\n\ud83c\udde9\ud83c\uddf0 <a href=\"https:\/\/educare.design\/wp-content\/uploads\/2025\/04\/dansk_Digestive-System.jpg\" target=\"_blank\" rel=\"noopener\">Se flere detaljer af den danske version.<\/a><\/p>\n<p><strong>Int\u00e9grez-le \u00e0 votre cabinet!<\/strong><br \/>\n<strong>\u2b07<\/strong> Commandez ici.<\/p>","protected":false},"featured_media":29244,"template":"","meta":{"_acf_changed":false},"product_brand":[],"product_cat":[47],"product_tag":[531],"class_list":{"0":"post-29052","1":"product","2":"type-product","3":"status-publish","4":"has-post-thumbnail","6":"product_cat-anatomy","7":"product_tag-organs-physiology","9":"first","10":"instock","11":"shipping-taxable","12":"purchasable","13":"product-type-variable","14":"has-default-attributes"},"acf":[],"jetpack_sharing_enabled":true,"_links":{"self":[{"href":"https:\/\/educare.design\/fr\/wp-json\/wp\/v2\/product\/29052","targetHints":{"allow":["GET"]}}],"collection":[{"href":"https:\/\/educare.design\/fr\/wp-json\/wp\/v2\/product"}],"about":[{"href":"https:\/\/educare.design\/fr\/wp-json\/wp\/v2\/types\/product"}],"wp:featuredmedia":[{"embeddable":true,"href":"https:\/\/educare.design\/fr\/wp-json\/wp\/v2\/media\/29244"}],"wp:attachment":[{"href":"https:\/\/educare.design\/fr\/wp-json\/wp\/v2\/media?parent=29052"}],"wp:term":[{"taxonomy":"product_brand","embeddable":true,"href":"https:\/\/educare.design\/fr\/wp-json\/wp\/v2\/product_brand?post=29052"},{"taxonomy":"product_cat","embeddable":true,"href":"https:\/\/educare.design\/fr\/wp-json\/wp\/v2\/product_cat?post=29052"},{"taxonomy":"product_tag","embeddable":true,"href":"https:\/\/educare.design\/fr\/wp-json\/wp\/v2\/product_tag?post=29052"}],"curies":[{"name":"wp","href":"https:\/\/api.w.org\/{rel}","templated":true}]}}