{"id":27256,"date":"2025-02-08T17:49:14","date_gmt":"2025-02-08T17:49:14","guid":{"rendered":"https:\/\/educare.design\/?post_type=product&#038;p=27256"},"modified":"2026-04-07T06:26:21","modified_gmt":"2026-04-07T06:26:21","slug":"anatomique-systeme-nerveux-autonome","status":"publish","type":"product","link":"https:\/\/educare.design\/fr\/shop\/the-autonomic-nervous-system\/","title":{"rendered":"Le Syst\u00e8me Nerveux Autonome"},"content":{"rendered":"<div id=\"fws_69ff73d365c82\"  data-column-margin=\"default\" data-midnight=\"dark\"  class=\"wpb_row vc_row-fluid vc_row\"  style=\"padding-top: 0px; padding-bottom: 0px; \"><div class=\"row-bg-wrap\" data-bg-animation=\"none\" data-bg-animation-delay=\"\" data-bg-overlay=\"false\"><div class=\"inner-wrap row-bg-layer\" ><div class=\"row-bg viewport-desktop\"  style=\"\"><\/div><\/div><\/div><div class=\"row_col_wrap_12 col span_12 dark left\">\n\t<div  class=\"vc_col-sm-12 wpb_column column_container vc_column_container col no-extra-padding inherit_tablet inherit_phone flex_gap_desktop_10px\"  data-padding-pos=\"all\" data-has-bg-color=\"false\" data-bg-color=\"\" data-bg-opacity=\"1\" data-animation=\"\" data-delay=\"0\" >\n\t\t<div class=\"vc_column-inner\" >\n\t\t\t<div class=\"wpb_wrapper\">\n\t\t\t\t\n<div class=\"wpb_text_column wpb_content_element\" >\n\t<p>Fait partie de :<br \/>\n<a href=\"https:\/\/educare.design\/fr\/item\/nervous-system\/\" target=\"_blank\" rel=\"noopener\"><em>Neuro &amp; R\u00e9gulation<\/em><\/a><br \/>\n\u00c9galement pertinent pour :<br \/>\n<a href=\"https:\/\/educare.design\/fr\/item\/spine-structure\/\" target=\"_blank\" rel=\"noopener\"><em>Colonne &amp; Structure<\/em><\/a><br \/>\nSouvent associ\u00e9 \u00e0 :<br \/>\n<em><a href=\"https:\/\/educare.design\/fr\/shop\/anatomique-nerfs-spinaux\/\" target=\"_blank\" rel=\"noopener\">Les Nerfs Spinaux<\/a><\/em>, <em><a href=\"https:\/\/educare.design\/fr\/shop\/tableau-anatomique-hernie-discale\/\" target=\"_blank\" rel=\"noopener\">La Hernie Discale<\/a><\/em><\/p>\n<p>Disponible en <a href=\"https:\/\/educare.design\/fr\/posters\/\" target=\"_blank\" rel=\"noopener\">affiches imprim\u00e9es<\/a> (<em>cadres non inclus<\/em>), <a href=\"https:\/\/educare.design\/fr\/impressions-sur-toile\/\" target=\"_blank\" rel=\"noopener\">impressions sur toile<\/a> (<em>avec cadres int\u00e9gr\u00e9s<\/em>), et version \u00e0 imprimer soi-m\u00eame <a href=\"https:\/\/educare.design\/fr\/fichiers-pdf-numeriques\/\" target=\"_blank\" rel=\"noopener\">Fichiers PDF<\/a>. Parcourez la galerie d\u2019images pour d\u00e9couvrir les options disponibles pour cette \u0153uvre, incl. <a href=\"https:\/\/educare.design\/fr\/sizes-types\/\" target=\"_blank\" rel=\"noopener\">types et tailles<\/a>, emplacement optionnel du nom ou du site web, ainsi que les dix versions linguistiques !<\/p>\n<p>\ud83d\udca1 <strong>Consultez <a href=\"https:\/\/educare.design\/fr\/insight\/\" target=\"_blank\" rel=\"noopener\">Insight<\/a> pour lire l\u2019article :<\/strong><br \/>\n<a href=\"https:\/\/educare.design\/fr\/understanding-the-autonomic-nervous-system\/\" target=\"_blank\" rel=\"noopener\">Understanding the Autonomic Nervous System<\/a>.<\/p>\n<p><span style=\"color: #488693;\"><strong>\u2605\u2605\u2605\u2605\u2605<\/strong><\/span> <em>\u201cVery happy with my purchase and the image! Greetings and all the best from Sao Paulo, Brazil.\u201d<\/em> \u2013 \ud83c\udde7\ud83c\uddf7 <a href=\"https:\/\/www.myquiro.com.br\/saiba-mais\" target=\"_blank\" rel=\"noopener\">DC Margareth Yamashita<\/a><\/p>\n<\/div>\n\n\n\n\n\t\t\t<\/div> \n\t\t<\/div>\n\t<\/div> \n<\/div><\/div>","protected":false},"excerpt":{"rendered":"<p>Ce tableau anatomique minimaliste pr\u00e9sente le Syst\u00e8me Nerveux Autonome (SNA) comme une comparaison claire et structur\u00e9e entre fonction sympathique et parasympathique. Plut\u00f4t que de surcharger le lecteur de d\u00e9tails neuroanatomiques complexes, le design isole les voies r\u00e9gulatrices essentielles et les r\u00e9ponses organiques \u2014 rendant l\u2019\u00e9quilibre autonome imm\u00e9diatement compr\u00e9hensible.<\/p>\n<p>Au centre, la colonne vert\u00e9brale sert de rep\u00e8re vertical et distingue clairement les voies parasympathiques cr\u00e2nio-sacr\u00e9es de l\u2019eff\u00e9rence sympathique thoraco-lombaire. Les colonnes lat\u00e9rales se r\u00e9pondent en miroir, pr\u00e9sentant les effets organiques correspondants c\u00f4te \u00e0 c\u00f4te afin de permettre une comparaison directe entre activation et inhibition.<\/p>\n<p>Les principales cibles autonomes sont regroup\u00e9es en cat\u00e9gories fonctionnelles concises : r\u00e9gulation pupillaire, salivation, tonus des voies a\u00e9riennes, fr\u00e9quence cardiaque, tonus vasculaire, activit\u00e9 digestive, ainsi que fonction de la v\u00e9sicule biliaire, motilit\u00e9 intestinale, lib\u00e9ration h\u00e9patique de glucose, contr\u00f4le v\u00e9sical et flux sanguin reproducteur. Le r\u00e9sultat est une vue structur\u00e9e de l\u2019influence de l\u2019\u00e9quilibre autonome sur les processus physiologiques essentiels.<\/p>\n<p>Plut\u00f4t que de pr\u00e9senter le SNA comme une physiologie abstraite, le tableau le positionne comme un syst\u00e8me fonctionnel \u00e0 double contr\u00f4le. L\u2019activit\u00e9 sympathique pr\u00e9pare l\u2019organisme \u00e0 la mobilisation et \u00e0 la vigilance. L\u2019activit\u00e9 parasympathique favorise la r\u00e9cup\u00e9ration, la digestion et la restauration. Le contraste visuel clarifie cette dynamique sans surcharge explicative.<\/p>\n<p>Il ne s\u2019agit pas d\u2019un atlas complet de neuroanatomie. Le contenu est volontairement s\u00e9lectif. En se concentrant sur les r\u00e9ponses organiques essentielles et la distribution spinale, le tableau sert de point d\u2019entr\u00e9e \u00e0 la r\u00e9gulation autonome. Il soutient l\u2019\u00e9ducation du patient sans surcharge cognitive \u2014 id\u00e9al pour les espaces de consultation o\u00f9 la clart\u00e9 prime.<\/p>\n<p>Dans un espace th\u00e9rapeutique moderne, ce tableau du SNA devient un outil p\u00e9dagogique subtil mais puissant. Plut\u00f4t que de d\u00e9crire de mani\u00e8re abstraite les r\u00e9ponses de \u00ab fight-or-flight \u00bb et de \u00ab rest-and-digest \u00bb, vous pouvez pointer directement les effets au niveau des organes et expliquer comment un d\u00e9s\u00e9quilibre autonome peut influencer les sympt\u00f4mes.<\/p>\n<p><strong>Personnalisation gratuite avec le nom de votre clinique.<\/strong><br \/>\nPour cette \u0153uvre, nous vous proposons d\u2019ajouter gratuitement le nom de votre clinique (ou l\u2019adresse de votre site Web) ! Le nom remplacera le sous-titre actuel de l\u2019\u0153uvre ; consultez une illustration de celui-ci dans la galerie d\u2019images.<\/p>\n<p><a href=\"https:\/\/youtu.be\/Sr9sWT33zIA\"><img loading=\"lazy\" decoding=\"async\" class=\"alignleft size-full wp-image-17589\" src=\"https:\/\/educare.design\/wp-content\/uploads\/2023\/12\/youtube-logo.png\" alt=\"\" width=\"55\" height=\"22\" \/><\/a>Voir ce graphique <a href=\"https:\/\/youtu.be\/Sr9sWT33zIA\" target=\"_blank\" rel=\"noopener\">ici<\/a> sur YouTube ou <a href=\"https:\/\/educare.design\/fr\/video-du-systeme-nerveux-autonome\/\" target=\"_blank\" rel=\"noopener\">ici<\/a>.<\/p>\n<p><strong>\u00c9dition Noire.<\/strong><br \/>\nCe chart est \u00e9galement disponible en \u00e9dition noire sp\u00e9ciale, visible dans la galerie d\u2019images.<\/p>\n<p>\ud83c\uddec\ud83c\udde7 <a href=\"https:\/\/educare.design\/fr\/oeuvre-dart\/anatomique-systeme-nerveux-autonome\/\" target=\"_blank\" rel=\"noopener\">View more details of the English version.<\/a><br \/>\n\ud83c\uddee\ud83c\uddf9 <a href=\"https:\/\/educare.design\/fr\/oeuvre-dart\/il-sistema-nervoso-autonomo\/\" target=\"_blank\" rel=\"noopener\">Vedi i dettagli della versione italiana.<\/a><br \/>\n\ud83c\uddea\ud83c\uddf8 <a href=\"https:\/\/educare.design\/fr\/oeuvre-dart\/el-sistema-nervioso-autonomo\/\" target=\"_blank\" rel=\"noopener\">Ver detalles de la versi\u00f3n en espa\u00f1ol.<\/a><br \/>\n\ud83c\udde9\ud83c\uddea <a href=\"https:\/\/educare.design\/fr\/oeuvre-dart\/das-autonome-nervensystem\/\" target=\"_blank\" rel=\"noopener\">Details zur deutschen Version anzeigen.<\/a><br \/>\n\ud83c\uddeb\ud83c\uddf7 <a href=\"https:\/\/educare.design\/fr\/oeuvre-dart\/le-systeme-nerveux-autonome\/\" target=\"_blank\" rel=\"noopener\">Voir les d\u00e9tails de la version fran\u00e7aise.<\/a><br \/>\n\ud83c\uddf3\ud83c\uddf1 <a href=\"https:\/\/educare.design\/fr\/oeuvre-dart\/het-autonome-zenuwstelsel\/\" target=\"_blank\" rel=\"noopener\">Bekijk details van de Nederlandse versie.<\/a><br \/>\n\ud83c\uddf5\ud83c\uddf9 <a href=\"https:\/\/educare.design\/wp-content\/uploads\/2025\/02\/01_the-autonomic-nervous-system_portuguese.jpg\" target=\"_blank\" rel=\"noopener\">Veja mais detalhes da vers\u00e3o portuguesa.<\/a><br \/>\n\ud83c\uddf8\ud83c\uddea <a href=\"https:\/\/educare.design\/wp-content\/uploads\/2025\/02\/01_the-autonomic-nervous-system_svensk.jpg\" target=\"_blank\" rel=\"noopener\">Se fler detaljer om den svenska versionen.<\/a><br \/>\n\ud83c\uddf3\ud83c\uddf4 <a href=\"https:\/\/educare.design\/wp-content\/uploads\/2025\/02\/01_the-autonomic-nervous-system_norsk.jpg\" target=\"_blank\" rel=\"noopener\">Se flere detaljer om den norske versjonen.<\/a><br \/>\n\ud83c\udde9\ud83c\uddf0 <a href=\"https:\/\/educare.design\/wp-content\/uploads\/2025\/02\/01_the-autonomic-nervous-system_dansk.jpg\" target=\"_blank\" rel=\"noopener\">Voir les d\u00e9tails de la version fran\u00e7aise.<\/a><\/p>\n<p><strong>Int\u00e9grez-le \u00e0 votre cabinet!<\/strong><br \/>\n<strong>\u2b07<\/strong> Commandez ici.<\/p>","protected":false},"featured_media":27249,"template":"","meta":{"_acf_changed":false},"product_brand":[],"product_cat":[47],"product_tag":[502,504],"class_list":{"0":"post-27256","1":"product","2":"type-product","3":"status-publish","4":"has-post-thumbnail","6":"product_cat-anatomy","7":"product_tag-nervous-system","8":"product_tag-spine-structure","10":"first","11":"instock","12":"shipping-taxable","13":"purchasable","14":"product-type-variable","15":"has-default-attributes"},"acf":[],"jetpack_sharing_enabled":true,"_links":{"self":[{"href":"https:\/\/educare.design\/fr\/wp-json\/wp\/v2\/product\/27256","targetHints":{"allow":["GET"]}}],"collection":[{"href":"https:\/\/educare.design\/fr\/wp-json\/wp\/v2\/product"}],"about":[{"href":"https:\/\/educare.design\/fr\/wp-json\/wp\/v2\/types\/product"}],"wp:featuredmedia":[{"embeddable":true,"href":"https:\/\/educare.design\/fr\/wp-json\/wp\/v2\/media\/27249"}],"wp:attachment":[{"href":"https:\/\/educare.design\/fr\/wp-json\/wp\/v2\/media?parent=27256"}],"wp:term":[{"taxonomy":"product_brand","embeddable":true,"href":"https:\/\/educare.design\/fr\/wp-json\/wp\/v2\/product_brand?post=27256"},{"taxonomy":"product_cat","embeddable":true,"href":"https:\/\/educare.design\/fr\/wp-json\/wp\/v2\/product_cat?post=27256"},{"taxonomy":"product_tag","embeddable":true,"href":"https:\/\/educare.design\/fr\/wp-json\/wp\/v2\/product_tag?post=27256"}],"curies":[{"name":"wp","href":"https:\/\/api.w.org\/{rel}","templated":true}]}}