{"id":17360,"date":"2023-12-23T16:30:03","date_gmt":"2023-12-23T16:30:03","guid":{"rendered":"https:\/\/educare.design\/?post_type=product&#038;p=17360"},"modified":"2026-04-14T17:58:40","modified_gmt":"2026-04-14T17:58:40","slug":"waiting-room-video","status":"publish","type":"product","link":"https:\/\/educare.design\/fr\/shop\/waiting-room-video\/","title":{"rendered":"Vid\u00e9o pour Salle d\u2019Attente"},"content":{"rendered":"<div id=\"fws_6a09123e24c45\"  data-column-margin=\"default\" data-midnight=\"dark\"  class=\"wpb_row vc_row-fluid vc_row\"  style=\"padding-top: 0px; padding-bottom: 0px; \"><div class=\"row-bg-wrap\" data-bg-animation=\"none\" data-bg-animation-delay=\"\" data-bg-overlay=\"false\"><div class=\"inner-wrap row-bg-layer\" ><div class=\"row-bg viewport-desktop\"  style=\"\"><\/div><\/div><\/div><div class=\"row_col_wrap_12 col span_12 dark left\">\n\t<div  class=\"vc_col-sm-12 wpb_column column_container vc_column_container col no-extra-padding inherit_tablet inherit_phone flex_gap_desktop_10px\"  data-padding-pos=\"all\" data-has-bg-color=\"false\" data-bg-color=\"\" data-bg-opacity=\"1\" data-animation=\"\" data-delay=\"0\" >\n\t\t<div class=\"vc_column-inner\" >\n\t\t\t<div class=\"wpb_wrapper\">\n\t\t\t\t\n<div class=\"wpb_text_column wpb_content_element\" >\n\t<p>La Vid\u00e9o pour Salle d\u2019Attente est con\u00e7ue pour promouvoir une sensibilisation \u00e0 la sant\u00e9 ax\u00e9e sur la pr\u00e9vention au sein de votre clinique et dure environ 15 minutes en boucle continue fluide. Elle se compose de versions \u00e9dit\u00e9es de nos <a href=\"https:\/\/educare.design\/fr\/shop\/socialclips\/\" target=\"_blank\" rel=\"noopener\">50+ SocialClips<\/a>, organis\u00e9es en une pr\u00e9sentation coh\u00e9rente s\u00e9par\u00e9e par une transition enti\u00e8rement personnalisable. Cette transition permet d\u2019afficher le logo de votre clinique, l\u2019adresse de votre site web et la couleur de fond de votre choix. De plus, votre logo et votre site web sont int\u00e9gr\u00e9s discr\u00e8tement dans chaque clip tout au long de la vid\u00e9o.<\/p>\n<p>Apr\u00e8s validation de votre personnalisation, la vid\u00e9o finale est livr\u00e9e via un lien de t\u00e9l\u00e9chargement. L\u2019installation est simple \u2014 g\u00e9n\u00e9ralement en transf\u00e9rant le fichier sur une cl\u00e9 USB connect\u00e9e \u00e0 l\u2019\u00e9cran ou au t\u00e9l\u00e9viseur de votre clinique. Dans le cadre de notre service, nous vous accompagnons tout au long de la mise en place et restons disponibles jusqu\u2019\u00e0 ce que tout fonctionne parfaitement. Pour toute question, contactez-nous \u00e0 <a href=\"mailto:shop@educare.design\" target=\"_blank\" rel=\"noopener\">shop@educare.design<\/a> .<\/p>\n<\/div>\n\n\n\n\n\t\t\t<\/div> \n\t\t<\/div>\n\t<\/div> \n<\/div><\/div>","protected":false},"excerpt":{"rendered":"<p><strong>L\u00e0 o\u00f9 la sensibilisation rencontre l\u2019atmosph\u00e8re.<\/strong><br \/>\n<em>Transformez le temps d\u2019attente en communication significative.<\/em><\/p>\n<p>La Vid\u00e9o pour Salle d\u2019Attente est une exp\u00e9rience visuelle raffin\u00e9e et structur\u00e9e professionnellement, con\u00e7ue pour les environnements cliniques modernes. Au lieu d\u2019un \u00e9cran passif ou du silence, votre clinique diffuse des messages de sant\u00e9 ax\u00e9s sur la pr\u00e9vention dans une boucle fluide \u2014 renfor\u00e7ant votre expertise avant m\u00eame le d\u00e9but de la consultation.<\/p>\n<p>Le contenu est issu de notre s\u00e9rie <a href=\"https:\/\/educare.design\/fr\/shop\/socialclips\/\" target=\"_blank\">SocialClips<\/a> et soigneusement organis\u00e9 en une s\u00e9quence coh\u00e9rente qui informe sans surcharger. Des th\u00e8mes tels que posture, mouvement, r\u00e9cup\u00e9ration, r\u00e9silience et hygi\u00e8ne de vie sont communiqu\u00e9s avec clart\u00e9 et assurance \u2014 encourageant la r\u00e9flexion plut\u00f4t que l\u2019instruction.<\/p>\n<p>Votre logo est int\u00e9gr\u00e9 tout au long de la vid\u00e9o, avec option d\u2019affichage de votre site web pour une visibilit\u00e9 compl\u00e8te de votre marque.<\/p>\n<p><strong>L\u2019effet est subtil mais puissant.<\/strong><br \/>\nLes patients assimilent des messages cl\u00e9s pendant l\u2019attente. L\u2019anxi\u00e9t\u00e9 diminue. Les \u00e9changes deviennent plus naturels. L\u2019identit\u00e9 de votre clinique est renforc\u00e9e avant m\u00eame l\u2019entr\u00e9e en consultation. Une transition \u00e9l\u00e9gante int\u00e8gre logo, site web et couleurs de marque dans le flux visuel.<\/p>\n<p><em>Plusieurs cliniques nous ont indiqu\u00e9 que des accompagnants ont d\u00e9couvert des informations utiles \u2014 et sont ensuite devenus patients.<\/em><\/p>\n<p><a href=\"https:\/\/www.youtube.com\/playlist?list=PLT01sXGVt7iTUmffsOsjmJJBERLneCzXA\"><img loading=\"lazy\" decoding=\"async\" class=\"alignleft size-full wp-image-17589\" src=\"https:\/\/educare.design\/wp-content\/uploads\/2023\/12\/youtube-logo.png\" alt=\"\" width=\"55\" height=\"22\" \/><\/a>Consultez notre <a href=\"https:\/\/www.youtube.com\/playlist?list=PLT01sXGVt7iTUmffsOsjmJJBERLneCzXA\" target=\"_blank\" rel=\"noopener\">cha\u00eene YouTube<\/a> pour d\u00e9couvrir la Vid\u00e9o pour Salle d\u2019Attente.<\/p>\n<p><strong>Valorisez votre salle d\u2019attente !<\/strong><br \/>\n<strong>\u2b07<\/strong> Commandez ici.<\/p>","protected":false},"featured_media":17592,"template":"","meta":{"_acf_changed":false},"product_brand":[],"product_cat":[64],"product_tag":[],"class_list":{"0":"post-17360","1":"product","2":"type-product","3":"status-publish","4":"has-post-thumbnail","6":"product_cat-some","8":"first","9":"instock","10":"shipping-taxable","11":"purchasable","12":"product-type-variable","13":"has-default-attributes"},"acf":[],"jetpack_sharing_enabled":true,"_links":{"self":[{"href":"https:\/\/educare.design\/fr\/wp-json\/wp\/v2\/product\/17360","targetHints":{"allow":["GET"]}}],"collection":[{"href":"https:\/\/educare.design\/fr\/wp-json\/wp\/v2\/product"}],"about":[{"href":"https:\/\/educare.design\/fr\/wp-json\/wp\/v2\/types\/product"}],"wp:featuredmedia":[{"embeddable":true,"href":"https:\/\/educare.design\/fr\/wp-json\/wp\/v2\/media\/17592"}],"wp:attachment":[{"href":"https:\/\/educare.design\/fr\/wp-json\/wp\/v2\/media?parent=17360"}],"wp:term":[{"taxonomy":"product_brand","embeddable":true,"href":"https:\/\/educare.design\/fr\/wp-json\/wp\/v2\/product_brand?post=17360"},{"taxonomy":"product_cat","embeddable":true,"href":"https:\/\/educare.design\/fr\/wp-json\/wp\/v2\/product_cat?post=17360"},{"taxonomy":"product_tag","embeddable":true,"href":"https:\/\/educare.design\/fr\/wp-json\/wp\/v2\/product_tag?post=17360"}],"curies":[{"name":"wp","href":"https:\/\/api.w.org\/{rel}","templated":true}]}}