{"id":15997,"date":"2023-12-14T09:46:25","date_gmt":"2023-12-14T09:46:25","guid":{"rendered":"https:\/\/educare.design\/?post_type=product&#038;p=15997"},"modified":"2026-04-14T11:51:10","modified_gmt":"2026-04-14T11:51:10","slug":"stat-admissions","status":"publish","type":"product","link":"https:\/\/educare.design\/fr\/shop\/stat-admissions\/","title":{"rendered":"ChiroStat (2) R\u00e9duction des Admissions \u00e0 l\u2019H\u00f4pital"},"content":{"rendered":"<div id=\"fws_6a00b6143f64c\"  data-column-margin=\"default\" data-midnight=\"dark\"  class=\"wpb_row vc_row-fluid vc_row\"  style=\"padding-top: 0px; padding-bottom: 0px; \"><div class=\"row-bg-wrap\" data-bg-animation=\"none\" data-bg-animation-delay=\"\" data-bg-overlay=\"false\"><div class=\"inner-wrap row-bg-layer\" ><div class=\"row-bg viewport-desktop\"  style=\"\"><\/div><\/div><\/div><div class=\"row_col_wrap_12 col span_12 dark left\">\n\t<div  class=\"vc_col-sm-12 wpb_column column_container vc_column_container col no-extra-padding inherit_tablet inherit_phone flex_gap_desktop_10px\"  data-padding-pos=\"all\" data-has-bg-color=\"false\" data-bg-color=\"\" data-bg-opacity=\"1\" data-animation=\"\" data-delay=\"0\" >\n\t\t<div class=\"vc_column-inner\" >\n\t\t\t<div class=\"wpb_wrapper\">\n\t\t\t\t\n<div class=\"wpb_text_column wpb_content_element\" >\n\t<p><span style=\"color: #488693;\"><strong>R\u00e9f\u00e9rence statistique :<\/strong><\/span> <em>\"\u00c9tude AMI, Journal of Manipulative and Physiological Therapeutics.<\/em> - \ud83d\udcc3 <a href=\"https:\/\/www.jmptonline.org\/article\/S0161-4754(07)00076-0\/fulltext#secd51006057e675\" target=\"_blank\" rel=\"noopener\">Cliquez ici<\/a> pour lire la source.<\/p>\n<p>Cat\u00e9gorie :<br \/>\n<em><a href=\"https:\/\/educare.design\/fr\/cat\/chiropractic\/\" target=\"_blank\" rel=\"noopener\">Messages Chiropratiques<\/a><\/em><br \/>\nSouvent associ\u00e9 \u00e0 :<br \/>\n<em><a href=\"https:\/\/educare.design\/fr\/shop\/stat-reduce-pharma\/\" target=\"_blank\">ChiroStat 1<\/a><\/em>, <em><a href=\"https:\/\/educare.design\/fr\/shop\/stat-chiropractic-growth\/\" target=\"_blank\" rel=\"noopener\">ChiroStat 3<\/a><\/em>, <em><a href=\"https:\/\/educare.design\/fr\/shop\/chirurgies-statuaires\/\" target=\"_blank\" rel=\"noopener\">ChiroStat 4<\/a><\/em>, <em><a href=\"https:\/\/educare.design\/fr\/shop\/stat-pregnancy-pain\/\" target=\"_blank\" rel=\"noopener\">ChiroStat 5<\/a><\/em><\/p>\n<p>Disponible en <a href=\"https:\/\/educare.design\/fr\/posters\/\" target=\"_blank\" rel=\"noopener\">affiches imprim\u00e9es<\/a> (<em>cadres non inclus<\/em>), <a href=\"https:\/\/educare.design\/fr\/impressions-sur-toile\/\" target=\"_blank\" rel=\"noopener\">impressions sur toile<\/a> (<em>avec cadres int\u00e9gr\u00e9s<\/em>), et version \u00e0 imprimer soi-m\u00eame <a href=\"https:\/\/educare.design\/fr\/fichiers-pdf-numeriques\/\" target=\"_blank\" rel=\"noopener\">Fichiers PDF<\/a>. Parcourez la galerie d\u2019images pour d\u00e9couvrir les options disponibles pour cette \u0153uvre, incl. <a href=\"https:\/\/educare.design\/fr\/sizes-types\/\" target=\"_blank\" rel=\"noopener\">types et tailles<\/a>. \u2710 <em>Nous vous contacterons concernant la personnalisation.<\/em><\/p>\n<\/div>\n\n\n\n\n\t\t\t<\/div> \n\t\t<\/div>\n\t<\/div> \n<\/div><\/div>","protected":false},"excerpt":{"rendered":"<p><strong>La chiropratique r\u00e9duit les admissions \u00e0 l\u2019h\u00f4pital de 60 %.<\/strong><br \/>\n<em>ChiroStat 2 sur 5<\/em><\/p>\n<p>Les admissions \u00e0 l\u2019h\u00f4pital repr\u00e9sentent l\u2019une des charges les plus importantes pour les syst\u00e8mes de sant\u00e9 modernes. La recherche sugg\u00e8re que l\u2019acc\u00e8s aux soins chiropratiques pourrait contribuer \u00e0 r\u00e9duire les taux d\u2019hospitalisation pour certains groupes de patients. Cette affiche met en avant des r\u00e9sultats montrant que les patients recevant des soins chiropratiques peuvent conna\u00eetre significativement moins d\u2019admissions \u00e0 l\u2019h\u00f4pital. En traitant pr\u00e9cocement les dysfonctionnements musculosquelettiques et en soutenant la mobilit\u00e9 et la fonction, la chiropratique peut aider \u00e0 pr\u00e9venir l\u2019\u00e9volution de certaines conditions jusqu\u2019au point o\u00f9 une hospitalisation devient n\u00e9cessaire.<\/p>\n<p>Le design utilise un motif visuel clinique centr\u00e9 sur une seringue \u2014 symbole de l\u2019intervention hospitali\u00e8re \u2014 contrastant avec le message que la chiropratique peut r\u00e9duire la n\u00e9cessit\u00e9 de ce type de traitement. Plac\u00e9e dans les salles d\u2019attente ou les espaces de consultation, l\u2019affiche transmet un message puissant et concis sur le potentiel pr\u00e9ventif des soins chiropratiques.<\/p>\n<p><strong>Notre s\u00e9rie de statistiques chiropratiques.<\/strong><br \/>\nLa chiropratique offre de nombreux b\u00e9n\u00e9fices dont les patients ne sont souvent pas conscients. Cette s\u00e9rie d\u2019affiches color\u00e9es Chiropractic Statements met en avant des r\u00e9sultats de recherche s\u00e9lectionn\u00e9s illustrant l\u2019impact plus large des soins chiropratiques \u2014 de la r\u00e9duction de l\u2019usage de m\u00e9dicaments \u00e0 l\u2019am\u00e9lioration des r\u00e9sultats de sant\u00e9. Chacune des cinq affiches pr\u00e9sente une statistique dans un format \u00e9pur\u00e9 et minimaliste con\u00e7u pour les cabinets modernes. Expos\u00e9es dans les salles de traitement, les espaces de consultation ou les salles d\u2019attente, elles aident les chiropracteurs \u00e0 communiquer des informations importantes tout en apportant un \u00e9l\u00e9ment visuel professionnel et dynamique \u00e0 l\u2019environnement clinique.<\/p>\n<p><em>Ces affiches aident les chiropracteurs \u00e0 communiquer des r\u00e9sultats de recherche importants de mani\u00e8re claire et visuellement engageante pour les patients.<\/em><\/p>\n<p><a href=\"https:\/\/youtu.be\/ykzhwcloh9w\"><img loading=\"lazy\" decoding=\"async\" class=\"alignleft size-full wp-image-17589\" src=\"https:\/\/educare.design\/wp-content\/uploads\/2023\/12\/youtube-logo.png\" alt=\"\" width=\"55\" height=\"22\" \/><\/a>D\u00e9couvrez l\u2019\u0153uvre <a href=\"https:\/\/youtu.be\/ykzhwcloh9w\" target=\"_blank\" rel=\"noopener\">ici<\/a> sur YouTube.<\/p>\n<p>\ud83c\uddec\ud83c\udde7 <a href=\"https:\/\/educare.design\/wp-content\/uploads\/2023\/12\/Decrease-Hospital-Admissions_english.jpg\" target=\"_blank\" rel=\"noopener\">View more details of the English version.<\/a><br \/>\n\ud83c\uddee\ud83c\uddf9 <a href=\"https:\/\/educare.design\/wp-content\/uploads\/2023\/12\/Decrease-Hospital-Admissions_italian.jpg\" target=\"_blank\" rel=\"noopener\">Vedi i dettagli della versione italiana.<\/a><br \/>\n\ud83c\uddea\ud83c\uddf8 <a href=\"https:\/\/educare.design\/wp-content\/uploads\/2023\/12\/Decrease-Hospital-Admissions_spanish.jpg\" target=\"_blank\" rel=\"noopener\">Ver detalles de la versi\u00f3n en espa\u00f1ol.<\/a><br \/>\n\ud83c\udde9\ud83c\uddea <a href=\"https:\/\/educare.design\/wp-content\/uploads\/2023\/12\/Decrease-Hospital-Admissions_german.jpg\" target=\"_blank\" rel=\"noopener\">Details zur deutschen Version anzeigen.<\/a><br \/>\n\ud83c\uddeb\ud83c\uddf7 <a href=\"https:\/\/educare.design\/wp-content\/uploads\/2023\/12\/Decrease-Hospital-Admissions_french.jpg\" target=\"_blank\" rel=\"noopener\">Voir les d\u00e9tails de la version fran\u00e7aise.<\/a><br \/>\n\ud83c\uddf3\ud83c\uddf1 <a href=\"https:\/\/educare.design\/wp-content\/uploads\/2023\/12\/Decrease-Hospital-Admissions_dutch.jpg\" target=\"_blank\" rel=\"noopener\">Bekijk details van de Nederlandse versie.<\/a><br \/>\n\ud83c\uddf5\ud83c\uddf9 <a href=\"https:\/\/educare.design\/wp-content\/uploads\/2023\/12\/Decrease-Hospital-Admissions_portuguese.jpg\" target=\"_blank\" rel=\"noopener\">Veja mais detalhes da vers\u00e3o portuguesa.<\/a><br \/>\n\ud83c\uddf8\ud83c\uddea <a href=\"https:\/\/educare.design\/wp-content\/uploads\/2023\/12\/Decrease-Hospital-Admissions_svensk.jpg\" target=\"_blank\" rel=\"noopener\">Se fler detaljer om den svenska versionen.<\/a><br \/>\n\ud83c\uddf3\ud83c\uddf4 <a href=\"https:\/\/educare.design\/wp-content\/uploads\/2023\/12\/Decrease-Hospital-Admissions_norsk.jpg\" target=\"_blank\" rel=\"noopener\">Se flere detaljer om den norske versjonen.<\/a><br \/>\n\ud83c\udde9\ud83c\uddf0 <a href=\"https:\/\/educare.design\/wp-content\/uploads\/2023\/12\/Decrease-Hospital-Admissions_dansk.jpg\" target=\"_blank\" rel=\"noopener\">Se flere detaljer af den danske version.<\/a><\/p>\n<p><strong>Int\u00e9grez-le \u00e0 votre cabinet!<\/strong><br \/>\n<strong>\u2b07<\/strong> Commandez ici.<\/p>","protected":false},"featured_media":34573,"template":"","meta":{"_acf_changed":false},"product_brand":[],"product_cat":[62],"product_tag":[],"class_list":{"0":"post-15997","1":"product","2":"type-product","3":"status-publish","4":"has-post-thumbnail","6":"product_cat-chiropractic","8":"first","9":"instock","10":"shipping-taxable","11":"purchasable","12":"product-type-variable","13":"has-default-attributes"},"acf":[],"jetpack_sharing_enabled":true,"_links":{"self":[{"href":"https:\/\/educare.design\/fr\/wp-json\/wp\/v2\/product\/15997","targetHints":{"allow":["GET"]}}],"collection":[{"href":"https:\/\/educare.design\/fr\/wp-json\/wp\/v2\/product"}],"about":[{"href":"https:\/\/educare.design\/fr\/wp-json\/wp\/v2\/types\/product"}],"wp:featuredmedia":[{"embeddable":true,"href":"https:\/\/educare.design\/fr\/wp-json\/wp\/v2\/media\/34573"}],"wp:attachment":[{"href":"https:\/\/educare.design\/fr\/wp-json\/wp\/v2\/media?parent=15997"}],"wp:term":[{"taxonomy":"product_brand","embeddable":true,"href":"https:\/\/educare.design\/fr\/wp-json\/wp\/v2\/product_brand?post=15997"},{"taxonomy":"product_cat","embeddable":true,"href":"https:\/\/educare.design\/fr\/wp-json\/wp\/v2\/product_cat?post=15997"},{"taxonomy":"product_tag","embeddable":true,"href":"https:\/\/educare.design\/fr\/wp-json\/wp\/v2\/product_tag?post=15997"}],"curies":[{"name":"wp","href":"https:\/\/api.w.org\/{rel}","templated":true}]}}