{"id":14907,"date":"2024-12-12T13:31:36","date_gmt":"2024-12-12T13:31:36","guid":{"rendered":"https:\/\/educare.design\/?post_type=product&#038;p=14907"},"modified":"2026-04-07T07:32:06","modified_gmt":"2026-04-07T07:32:06","slug":"carte-douleur-sclerotomes-tableau-anatomique","status":"publish","type":"product","link":"https:\/\/educare.design\/fr\/shop\/sclerotomes-pain-map\/","title":{"rendered":"Carte des Douleurs des Scl\u00e9rotomes"},"content":{"rendered":"<div id=\"fws_69fa2d6754f5d\"  data-column-margin=\"default\" data-midnight=\"dark\"  class=\"wpb_row vc_row-fluid vc_row\"  style=\"padding-top: 0px; padding-bottom: 0px; \"><div class=\"row-bg-wrap\" data-bg-animation=\"none\" data-bg-animation-delay=\"\" data-bg-overlay=\"false\"><div class=\"inner-wrap row-bg-layer\" ><div class=\"row-bg viewport-desktop\"  style=\"\"><\/div><\/div><\/div><div class=\"row_col_wrap_12 col span_12 dark left\">\n\t<div  class=\"vc_col-sm-12 wpb_column column_container vc_column_container col no-extra-padding inherit_tablet inherit_phone flex_gap_desktop_10px\"  data-padding-pos=\"all\" data-has-bg-color=\"false\" data-bg-color=\"\" data-bg-opacity=\"1\" data-animation=\"\" data-delay=\"0\" >\n\t\t<div class=\"vc_column-inner\" >\n\t\t\t<div class=\"wpb_wrapper\">\n\t\t\t\t\n<div class=\"wpb_text_column wpb_content_element\" >\n\t<p>Fait partie de :<br \/>\n<a href=\"https:\/\/educare.design\/fr\/item\/nervous-system\/\" target=\"_blank\" rel=\"noopener\"><em>Neuro &amp; R\u00e9gulation<\/em><\/a><br \/>\n\u00c9galement pertinent pour :<br \/>\n<a href=\"https:\/\/educare.design\/fr\/item\/spine-structure\/\" target=\"_blank\" rel=\"noopener\"><em>Colonne &amp; Structure<\/em><\/a><br \/>\nSouvent associ\u00e9 \u00e0 :<br \/>\n<em><a href=\"https:\/\/educare.design\/fr\/shop\/sciatic-nerve-pain\/\" target=\"_blank\" rel=\"noopener\">Sciatique Quick Guide<\/a>,<\/em> <em><a href=\"https:\/\/educare.design\/fr\/shop\/ensemble-tableaux-anatomiques-reflexologie\/\" target=\"_blank\" rel=\"noopener\">Ensemble de Planches de R\u00e9flexologie<\/a><\/em><\/p>\n<p>Disponible en <a href=\"https:\/\/educare.design\/fr\/posters\/\" target=\"_blank\" rel=\"noopener\">affiches imprim\u00e9es<\/a> (<em>cadres non inclus<\/em>), <a href=\"https:\/\/educare.design\/fr\/impressions-sur-toile\/\" target=\"_blank\" rel=\"noopener\">impressions sur toile<\/a> (<em>avec cadres int\u00e9gr\u00e9s<\/em>), <a href=\"https:\/\/educare.design\/fr\/rollup-banners\/\" target=\"_blank\" rel=\"noopener\">banni\u00e8re enroulable<\/a>, et version \u00e0 imprimer soi-m\u00eame <a href=\"https:\/\/educare.design\/fr\/fichiers-pdf-numeriques\/\" target=\"_blank\" rel=\"noopener\">Fichiers PDF<\/a>. Parcourez la galerie d\u2019images pour d\u00e9couvrir les options disponibles pour cette \u0153uvre, incl. <a href=\"https:\/\/educare.design\/fr\/sizes-types\/\" target=\"_blank\" rel=\"noopener\">types et tailles<\/a>, placement optionnel du logo et les dix versions linguistiques !<\/p>\n<p><span style=\"color: #488693;\"><strong>\u2605\u2605\u2605\u2605\u2605<\/strong><\/span> <em>\u201c&#8230;the quality is going to set a higher standard across the board.\u201d<\/em> - \ud83c\uddfa\ud83c\uddf8 <a href=\"https:\/\/www.eyerlychirofl.com\/\" target=\"_blank\" rel=\"noopener\">Eyerly Chiro Floride<\/a><\/p>\n<\/div>\n\n\n\n\n\t\t\t<\/div> \n\t\t<\/div>\n\t<\/div> \n<\/div><\/div>","protected":false},"excerpt":{"rendered":"<p>Cette planche pr\u00e9sente les sch\u00e9mas de douleur scl\u00e9rotomique comme une r\u00e9f\u00e9rence segmentaire claire et cod\u00e9e par couleur, reliant les niveaux vert\u00e9braux aux zones de projection osseuse profonde. Plut\u00f4t que de se concentrer sur la peau (dermatomes) ou les muscles (myotomes), elle met en \u00e9vidence la mani\u00e8re dont l\u2019irritation des structures spinales peut se manifester par une douleur diffuse et souvent mal localis\u00e9e.<\/p>\n<p>Chaque r\u00e9gion cartographi\u00e9e correspond \u00e0 un niveau vert\u00e9bral sp\u00e9cifique, organis\u00e9e selon une logique verticale refl\u00e9tant le raisonnement clinique des segments cervicaux aux segments sacr\u00e9s. Le syst\u00e8me de superposition hexagonale regroupe visuellement les territoires douloureux associ\u00e9s sans surcharger l\u2019anatomie, permettant d\u2019identifier rapidement les sch\u00e9mas.<\/p>\n<p>La douleur scl\u00e9rotomique \u00e9tant fr\u00e9quemment mal comprise \u2014 se pr\u00e9sentant sous forme de douleur profonde, de pression ou de projection non dermatomale \u2014 cette planche devient particuli\u00e8rement utile lors de l\u2019\u00e9valuation. Elle aide \u00e0 expliquer pourquoi les sympt\u00f4mes ne suivent pas toujours des distributions musculaires ou cutan\u00e9es \u00e9videntes et comment une dysfonction structurelle peut g\u00e9n\u00e9rer des projections plus larges.<\/p>\n<p>Affich\u00e9e dans votre clinique ou cabinet, elle devient un support explicatif concret. Plut\u00f4t que de d\u00e9crire les projections segmentaires de mani\u00e8re abstraite, vous pouvez indiquer directement les r\u00e9gions cartographi\u00e9es et montrer comment une irritation spinale peut se projeter au-del\u00e0 du niveau imm\u00e9diat de dysfonction. Le r\u00e9sultat est une meilleure compr\u00e9hension du patient et une communication clinique renforc\u00e9e.<\/p>\n<p><a href=\"https:\/\/youtu.be\/C3uP1_0IiXs\"><img loading=\"lazy\" decoding=\"async\" class=\"alignleft size-full wp-image-17589\" src=\"https:\/\/educare.design\/wp-content\/uploads\/2023\/12\/youtube-logo.png\" alt=\"\" width=\"55\" height=\"22\" \/><\/a>Voir ce graphique <a href=\"https:\/\/youtu.be\/C3uP1_0IiXs\" target=\"_blank\" rel=\"noopener\">ici<\/a> sur YouTube.<\/p>\n<p>\ud83c\uddec\ud83c\udde7 <a href=\"https:\/\/educare.design\/wp-content\/uploads\/2023\/12\/english_sclerotomes.jpg\" target=\"_blank\" rel=\"noopener\">View more details of the English version.<\/a><br \/>\n\ud83c\uddee\ud83c\uddf9 <a href=\"https:\/\/educare.design\/wp-content\/uploads\/2023\/12\/italian_sclerotomes.jpg\" target=\"_blank\" rel=\"noopener\">Vedi i dettagli della versione italiana.<\/a><br \/>\n\ud83c\uddea\ud83c\uddf8 <a href=\"https:\/\/educare.design\/wp-content\/uploads\/2023\/12\/spanish_sclerotomes.jpg\" target=\"_blank\" rel=\"noopener\">Ver detalles de la versi\u00f3n en espa\u00f1ol.<\/a><br \/>\n\ud83c\udde9\ud83c\uddea <a href=\"https:\/\/educare.design\/wp-content\/uploads\/2023\/12\/german_sclerotomes.jpg\" target=\"_blank\" rel=\"noopener\">Details zur deutschen Version anzeigen.<\/a><br \/>\n\ud83c\uddeb\ud83c\uddf7 <a href=\"https:\/\/educare.design\/wp-content\/uploads\/2023\/12\/french_sclerotomes.jpg\" target=\"_blank\" rel=\"noopener\">Voir les d\u00e9tails de la version fran\u00e7aise.<\/a><br \/>\n\ud83c\uddf3\ud83c\uddf1 <a href=\"https:\/\/educare.design\/wp-content\/uploads\/2023\/12\/dutch_sclerotomes.jpg\" target=\"_blank\" rel=\"noopener\">Bekijk details van de Nederlandse versie.<\/a><br \/>\n\ud83c\uddf5\ud83c\uddf9 <a href=\"https:\/\/educare.design\/wp-content\/uploads\/2023\/12\/portuguese_sclerotomes.jpg\" target=\"_blank\" rel=\"noopener\">Veja mais detalhes da vers\u00e3o portuguesa.<\/a><br \/>\n\ud83c\uddf8\ud83c\uddea <a href=\"https:\/\/educare.design\/wp-content\/uploads\/2023\/12\/svensk_sclerotomes.jpg\" target=\"_blank\" rel=\"noopener\">Se fler detaljer om den svenska versionen.<\/a><br \/>\n\ud83c\uddf3\ud83c\uddf4 <a href=\"https:\/\/educare.design\/wp-content\/uploads\/2023\/12\/norsk_sclerotomes.jpg\" target=\"_blank\" rel=\"noopener\">Se flere detaljer om den norske versjonen.<\/a><br \/>\n\ud83c\udde9\ud83c\uddf0 <a href=\"https:\/\/educare.design\/wp-content\/uploads\/2023\/12\/dansk_sclerotomes.jpg\" target=\"_blank\" rel=\"noopener\">Voir les d\u00e9tails de la version fran\u00e7aise.<\/a><\/p>\n<p><strong>Int\u00e9grez-le \u00e0 votre cabinet!<\/strong><br \/>\n<strong>\u2b07<\/strong> Commandez ici.<\/p>","protected":false},"featured_media":14930,"template":"","meta":{"_acf_changed":false},"product_brand":[],"product_cat":[47],"product_tag":[502,504],"class_list":{"0":"post-14907","1":"product","2":"type-product","3":"status-publish","4":"has-post-thumbnail","6":"product_cat-anatomy","7":"product_tag-nervous-system","8":"product_tag-spine-structure","10":"first","11":"instock","12":"shipping-taxable","13":"purchasable","14":"product-type-variable","15":"has-default-attributes"},"acf":[],"jetpack_sharing_enabled":true,"_links":{"self":[{"href":"https:\/\/educare.design\/fr\/wp-json\/wp\/v2\/product\/14907","targetHints":{"allow":["GET"]}}],"collection":[{"href":"https:\/\/educare.design\/fr\/wp-json\/wp\/v2\/product"}],"about":[{"href":"https:\/\/educare.design\/fr\/wp-json\/wp\/v2\/types\/product"}],"wp:featuredmedia":[{"embeddable":true,"href":"https:\/\/educare.design\/fr\/wp-json\/wp\/v2\/media\/14930"}],"wp:attachment":[{"href":"https:\/\/educare.design\/fr\/wp-json\/wp\/v2\/media?parent=14907"}],"wp:term":[{"taxonomy":"product_brand","embeddable":true,"href":"https:\/\/educare.design\/fr\/wp-json\/wp\/v2\/product_brand?post=14907"},{"taxonomy":"product_cat","embeddable":true,"href":"https:\/\/educare.design\/fr\/wp-json\/wp\/v2\/product_cat?post=14907"},{"taxonomy":"product_tag","embeddable":true,"href":"https:\/\/educare.design\/fr\/wp-json\/wp\/v2\/product_tag?post=14907"}],"curies":[{"name":"wp","href":"https:\/\/api.w.org\/{rel}","templated":true}]}}