{"id":11918,"date":"2025-12-04T13:36:38","date_gmt":"2025-12-04T13:36:38","guid":{"rendered":"https:\/\/educare.design\/?post_type=product&#038;p=11918"},"modified":"2026-04-18T11:58:19","modified_gmt":"2026-04-18T11:58:19","slug":"posture-tete-avant-poids-cranien","status":"publish","type":"product","link":"https:\/\/educare.design\/fr\/shop\/forward-head-posture\/","title":{"rendered":"Posture de la T\u00eate en Avant et Poids Cr\u00e2nien"},"content":{"rendered":"<div id=\"fws_69ff9174473d1\"  data-column-margin=\"default\" data-midnight=\"dark\"  class=\"wpb_row vc_row-fluid vc_row\"  style=\"padding-top: 0px; padding-bottom: 0px; \"><div class=\"row-bg-wrap\" data-bg-animation=\"none\" data-bg-animation-delay=\"\" data-bg-overlay=\"false\"><div class=\"inner-wrap row-bg-layer\" ><div class=\"row-bg viewport-desktop\"  style=\"\"><\/div><\/div><\/div><div class=\"row_col_wrap_12 col span_12 dark left\">\n\t<div  class=\"vc_col-sm-12 wpb_column column_container vc_column_container col no-extra-padding inherit_tablet inherit_phone flex_gap_desktop_10px\"  data-padding-pos=\"all\" data-has-bg-color=\"false\" data-bg-color=\"\" data-bg-opacity=\"1\" data-animation=\"\" data-delay=\"0\" >\n\t\t<div class=\"vc_column-inner\" >\n\t\t\t<div class=\"wpb_wrapper\">\n\t\t\t\t\n<div class=\"wpb_text_column wpb_content_element\" >\n\t<p>Fait partie de :<br \/>\n<a href=\"https:\/\/educare.design\/fr\/item\/spine-structure\/\" target=\"_blank\" rel=\"noopener\"><em>Colonne &amp; Structure<\/em><\/a><br \/>\n\u00c9galement pertinent pour :<br \/>\n<a href=\"https:\/\/educare.design\/fr\/item\/musculoskeletal\/\" target=\"_blank\" rel=\"noopener\"><em>Mouvement &amp; Muscles<\/em><\/a><br \/>\nSouvent associ\u00e9 \u00e0 :<br \/>\n<em><a href=\"https:\/\/educare.design\/fr\/shop\/pathologie-cervicale-planche-anatomique\/\" target=\"_blank\" rel=\"noopener\">Pathologie Cervicale<\/a><\/em>, <em><a href=\"https:\/\/educare.design\/fr\/shop\/trouble-atm-tableau-anatomique\/\" target=\"_blank\" rel=\"noopener\">Trouble de l\u2019Articulation Temporo-Mandibulaire (ATM)<\/a><\/em><\/p>\n<p>Disponible en <a href=\"https:\/\/educare.design\/fr\/posters\/\" target=\"_blank\" rel=\"noopener\">affiches imprim\u00e9es<\/a> (<em>cadres non inclus<\/em>), <a href=\"https:\/\/educare.design\/fr\/impressions-sur-toile\/\" target=\"_blank\" rel=\"noopener\">impressions sur toile<\/a> (<em>avec cadres int\u00e9gr\u00e9s<\/em>), <a href=\"https:\/\/educare.design\/fr\/rollup-banners\/\" target=\"_blank\" rel=\"noopener\">banni\u00e8re enroulable<\/a>, et version \u00e0 imprimer soi-m\u00eame <a href=\"https:\/\/educare.design\/fr\/fichiers-pdf-numeriques\/\" target=\"_blank\" rel=\"noopener\">Fichiers PDF<\/a>. Parcourez la galerie d\u2019images pour d\u00e9couvrir les options disponibles pour cette \u0153uvre, incl. <a href=\"https:\/\/educare.design\/fr\/sizes-types\/\" target=\"_blank\" rel=\"noopener\">types et tailles<\/a>, placement optionnel du logo et les dix versions linguistiques !<\/p>\n<p><span style=\"color: #488693;\"><strong>\u2605\u2605\u2605\u2605\u2605<\/strong><\/span> <em>\u201cFast response. Fast delivery. Dedicated customer service. Bravo!\u201d<\/em> - \ud83c\uddee\ud83c\uddf9 <a href=\"https:\/\/www.facebook.com\/profile.php?id=100063617424245\" target=\"_blank\" rel=\"noopener\">Temple Chiro<\/a><\/p>\n<\/div>\n\n\n\n\n\t\t\t<\/div> \n\t\t<\/div>\n\t<\/div> \n<\/div><\/div>","protected":false},"excerpt":{"rendered":"<p>Alignement Cervical, Augmentation de Charge et Cons\u00e9quences Biom\u00e9caniques. Ce Sch\u00e9ma Posture de la T\u00eate en Avant et Poids Cr\u00e2nien pr\u00e9sente la posture cervicale comme un ph\u00e9nom\u00e8ne m\u00e9canique mesurable plut\u00f4t que comme un simple probl\u00e8me de mode de vie. Gr\u00e2ce \u00e0 des images lat\u00e9rales progressives, l\u2019illustration montre comment la translation ant\u00e9rieure de la t\u00eate augmente consid\u00e9rablement la charge effective appliqu\u00e9e \u00e0 la colonne cervicale.<\/p>\n<p>En position neutre, la t\u00eate exerce environ 4,5\u20135,5 kg (10\u201312 lbs) de force sur les structures cervicales. Lorsque la posture en avant atteint 20\u00b0, 30\u00b0 et 40\u00b0, la charge cr\u00e2nienne effective augmente de mani\u00e8re exponentielle. Le sch\u00e9ma visualise clairement cette progression en associant la d\u00e9viation angulaire aux pourcentages correspondants d\u2019augmentation de poids. Cela transforme la posture en r\u00e9alit\u00e9 biom\u00e9canique visible.<\/p>\n<p>Le port ant\u00e9rieur de la t\u00eate modifie la courbure cervicale, augmente la charge compressive sur les disques intervert\u00e9braux et accro\u00eet la sollicitation musculaire de la cha\u00eene cervicale post\u00e9rieure. Avec le temps, cela peut contribuer \u00e0 des douleurs cervicales, c\u00e9phal\u00e9es de tension, tensions des \u00e9paules, diminution de mobilit\u00e9 et fatigue posturale. En reliant degr\u00e9 et charge, le sch\u00e9ma soutient des discussions bas\u00e9es sur le stress cumulatif.<\/p>\n<p>La comparaison visuelle entre position neutre et posture en avant progressive am\u00e9liore imm\u00e9diatement la compr\u00e9hension. L\u2019impact m\u00e9canique du \u00ab text-neck \u00bb ou de la posture prolong\u00e9e devant \u00e9cran devient concret et mesurable.<\/p>\n<p>En consultation, ce sch\u00e9ma constitue un outil de communication puissant. Il soutient l\u2019\u00e9valuation posturale, la discussion ergonomique, la planification de r\u00e9\u00e9ducation et la prescription d\u2019exercices. Il encourage un dialogue constructif sur renforcement, flexibilit\u00e9, stabilisation cervicale et sant\u00e9 vert\u00e9brale \u00e0 long terme.<\/p>\n<p>Con\u00e7u pour des environnements cliniques modernes, il allie clart\u00e9 diagnostique et esth\u00e9tique professionnelle. Id\u00e9al pour cabinets de chiropratique, d\u2019ost\u00e9opathie, de physioth\u00e9rapie, de r\u00e9\u00e9ducation et d\u2019\u00e9ducation ergonomique.<\/p>\n<p><a href=\"https:\/\/youtu.be\/HSvQtLuFde4\"><img loading=\"lazy\" decoding=\"async\" src=\"https:\/\/educare.design\/wp-content\/uploads\/2023\/12\/youtube-logo.png\" alt=\"\" width=\"55\" height=\"22\" class=\"alignleft size-full wp-image-17589\" \/><\/a>Voir ce graphique <a href=\"https:\/\/youtu.be\/HSvQtLuFde4\" target=\"_blank\" rel=\"noopener\">ici<\/a> sur YouTube.<\/p>\n<p>\ud83d\udd25 Cette \u0153uvre fait partie d'un ensemble avec une remise de 25 %, comme on le voit <a href=\"https:\/\/educare.design\/fr\/shop\/posture-set-2\/\" target=\"_blank\">ici<\/a>.<\/p>\n<p>\ud83c\uddec\ud83c\udde7 <a href=\"https:\/\/educare.design\/wp-content\/uploads\/2023\/12\/english_forward-head-posture.jpg\" target=\"_blank\">View more details of the English version.<\/a><br \/>\n\ud83c\uddee\ud83c\uddf9 <a href=\"https:\/\/educare.design\/wp-content\/uploads\/2023\/12\/italian_forward-head-posture.jpg\" target=\"_blank\">Vedi i dettagli della versione italiana.<\/a><br \/>\n\ud83c\uddea\ud83c\uddf8 <a href=\"https:\/\/educare.design\/wp-content\/uploads\/2023\/12\/spanish_forward-head-posture.jpg\" target=\"_blank\">Ver detalles de la versi\u00f3n en espa\u00f1ol.<\/a><br \/>\n\ud83c\udde9\ud83c\uddea <a href=\"https:\/\/educare.design\/wp-content\/uploads\/2023\/12\/german_forward-head-posture.jpg\" target=\"_blank\">Details zur deutschen Version anzeigen.<\/a><br \/>\n\ud83c\uddeb\ud83c\uddf7 <a href=\"https:\/\/educare.design\/wp-content\/uploads\/2023\/12\/french_forward-head-posture.jpg\" target=\"_blank\">Voir les d\u00e9tails de la version fran\u00e7aise.<\/a><br \/>\n\ud83c\uddf3\ud83c\uddf1 <a href=\"https:\/\/educare.design\/wp-content\/uploads\/2023\/12\/dutch_forward-head-posture.jpg\" target=\"_blank\" rel=\"noopener\">Bekijk details van de Nederlandse versie.<\/a><br \/>\n\ud83c\uddf5\ud83c\uddf9 <a href=\"https:\/\/educare.design\/wp-content\/uploads\/2023\/12\/portuguese_forward-head-posture.jpg\" target=\"_blank\" rel=\"noopener\">Veja mais detalhes da vers\u00e3o portuguesa.<\/a><br \/>\n\ud83c\uddf8\ud83c\uddea <a href=\"https:\/\/educare.design\/wp-content\/uploads\/2023\/12\/svensk_forward-head-posture.jpg\" target=\"_blank\" rel=\"noopener\">Se fler detaljer om den svenska versionen.<\/a><br \/>\n\ud83c\uddf3\ud83c\uddf4 <a href=\"https:\/\/educare.design\/wp-content\/uploads\/2023\/12\/norsk_forward-head-posture.jpg\" target=\"_blank\" rel=\"noopener\">Se flere detaljer om den norske versjonen.<\/a><br \/>\n\ud83c\udde9\ud83c\uddf0 <a href=\"https:\/\/educare.design\/wp-content\/uploads\/2023\/12\/dansk_forward-head-posture.jpg\" target=\"_blank\" rel=\"noopener\">Voir les d\u00e9tails de la version fran\u00e7aise.<\/a><\/p>\n<p><strong>Int\u00e9grez-le \u00e0 votre cabinet!<\/strong><br \/>\n<strong>\u2b07<\/strong> Commandez ici.<\/p>","protected":false},"featured_media":11957,"template":"","meta":{"_acf_changed":false},"product_brand":[],"product_cat":[47],"product_tag":[501,504],"class_list":{"0":"post-11918","1":"product","2":"type-product","3":"status-publish","4":"has-post-thumbnail","6":"product_cat-anatomy","7":"product_tag-musculoskeletal","8":"product_tag-spine-structure","10":"first","11":"instock","12":"shipping-taxable","13":"purchasable","14":"product-type-variable","15":"has-default-attributes"},"acf":[],"jetpack_sharing_enabled":true,"_links":{"self":[{"href":"https:\/\/educare.design\/fr\/wp-json\/wp\/v2\/product\/11918","targetHints":{"allow":["GET"]}}],"collection":[{"href":"https:\/\/educare.design\/fr\/wp-json\/wp\/v2\/product"}],"about":[{"href":"https:\/\/educare.design\/fr\/wp-json\/wp\/v2\/types\/product"}],"wp:featuredmedia":[{"embeddable":true,"href":"https:\/\/educare.design\/fr\/wp-json\/wp\/v2\/media\/11957"}],"wp:attachment":[{"href":"https:\/\/educare.design\/fr\/wp-json\/wp\/v2\/media?parent=11918"}],"wp:term":[{"taxonomy":"product_brand","embeddable":true,"href":"https:\/\/educare.design\/fr\/wp-json\/wp\/v2\/product_brand?post=11918"},{"taxonomy":"product_cat","embeddable":true,"href":"https:\/\/educare.design\/fr\/wp-json\/wp\/v2\/product_cat?post=11918"},{"taxonomy":"product_tag","embeddable":true,"href":"https:\/\/educare.design\/fr\/wp-json\/wp\/v2\/product_tag?post=11918"}],"curies":[{"name":"wp","href":"https:\/\/api.w.org\/{rel}","templated":true}]}}