{"id":18926,"date":"2024-02-02T11:24:42","date_gmt":"2024-02-02T11:24:42","guid":{"rendered":"https:\/\/educare.design\/?page_id=18926"},"modified":"2025-05-06T11:22:29","modified_gmt":"2025-05-06T11:22:29","slug":"impressions-sur-toile","status":"publish","type":"page","link":"https:\/\/educare.design\/fr\/canvas-prints\/","title":{"rendered":"Canvas Prints for Medical Offices"},"content":{"rendered":"<div id=\"fws_69fa2d16e3b85\"  data-column-margin=\"default\" data-midnight=\"dark\"  class=\"wpb_row vc_row-fluid vc_row full-width-section\"  style=\"padding-top: 50px; padding-bottom: 0px; \"><div class=\"row-bg-wrap\" data-bg-animation=\"none\" data-bg-animation-delay=\"\" data-bg-overlay=\"false\"><div class=\"inner-wrap row-bg-layer\" ><div class=\"row-bg viewport-desktop\"  style=\"\"><\/div><\/div><\/div><div class=\"row_col_wrap_12 col span_12 dark left\">\n\t<div  class=\"vc_col-sm-12 wpb_column column_container vc_column_container col no-extra-padding inherit_tablet inherit_phone\"  data-padding-pos=\"all\" data-has-bg-color=\"false\" data-bg-color=\"\" data-bg-opacity=\"1\" data-animation=\"\" data-delay=\"0\" >\n\t\t<div class=\"vc_column-inner\" >\n\t\t\t<div class=\"wpb_wrapper\">\n\t\t\t\t\n<div class=\"wpb_text_column wpb_content_element\" >\n\t<p><strong>Faites ressortir vos \u0153uvres d\u2019art gr\u00e2ce aux impressions sur toile.<\/strong><br \/>\nGr\u00e2ce \u00e0 une qualit\u00e9 d'impression exceptionnelle et \u00e0 des encres r\u00e9sistantes \u00e0 la d\u00e9coloration, nos impressions sur toile sont le choix id\u00e9al, m\u00eame pour les cliniques exigeant un design soign\u00e9. Elles mettront en valeur vos \u0153uvres et offriront une option unique et rare pour les planches anatomiques en g\u00e9n\u00e9ral.<\/p>\n<p><strong>Pas besoin de cadres co\u00fbteux !<\/strong><br \/>\nLes impressions sur toile sont encadr\u00e9es par des cadres en bois rigides int\u00e9gr\u00e9s autour desquels la toile est enroul\u00e9e. Toutes nos \u0153uvres sont con\u00e7ues pour \u00e9pouser les contours de l'image sans compromettre son contenu. Elles sont faciles \u00e0 accrocher et ne n\u00e9cessitent aucun encadrement suppl\u00e9mentaire.<\/p>\n<\/div>\n\n\n\n\n\t\t\t<\/div> \n\t\t<\/div>\n\t<\/div> \n<\/div><\/div>\n\t\t<div id=\"fws_69fa2d16e422d\"  data-column-margin=\"default\" data-midnight=\"dark\"  class=\"wpb_row vc_row-fluid vc_row full-width-content vc_row-o-equal-height vc_row-flex vc_row-o-content-top\"  style=\"padding-top: 0px; padding-bottom: 0px; \"><div class=\"row-bg-wrap\" data-bg-animation=\"none\" data-bg-animation-delay=\"\" data-bg-overlay=\"false\"><div class=\"inner-wrap row-bg-layer\" ><div class=\"row-bg viewport-desktop\"  style=\"\"><\/div><\/div><\/div><div class=\"row_col_wrap_12 col span_12 dark left\">\n\t<div style=\" color: #000000;\" class=\"vc_col-sm-12 wpb_column column_container vc_column_container col no-extra-padding force-desktop-text-align-left inherit_tablet inherit_phone\" data-cfc=\"true\"  data-padding-pos=\"all\" data-has-bg-color=\"false\" data-bg-color=\"\" data-bg-opacity=\"0.1\" data-animation=\"\" data-delay=\"0\" >\n\t\t<div class=\"vc_column-inner\" >\n\t\t\t<div class=\"wpb_wrapper\">\n\t\t\t\t<div class=\"divider-wrap height_phone_40px\" data-alignment=\"default\"><div style=\"height: 60px;\" class=\"divider\"><\/div><\/div>\n<div class=\"wpb_text_column wpb_content_element  vc_custom_1732282263149\" >\n\t<p><script data-jetpack-boost=\"ignore\" data-jetpack-boost=\"ignore\" data-jetpack-boost=\"ignore\" defer async src='https:\/\/cdn.trustindex.io\/loader-feed.js?a385e47240943565b626f21bbb9'><\/script><\/p>\n<\/div>\n\n\n\n\n\t\t\t<\/div> \n\t\t<\/div>\n\t<\/div> \n<\/div><\/div>","protected":false},"excerpt":{"rendered":"Get your artworks to stand out with canvas prints. The combination of outstanding print quality with fade-proof inks, make our canvas prints the perfect choice...","protected":false},"author":1,"featured_media":19351,"parent":0,"menu_order":0,"comment_status":"closed","ping_status":"closed","template":"","meta":{"_acf_changed":false,"footnotes":""},"categories":[],"tags":[],"class_list":["post-18926","page","type-page","status-publish","has-post-thumbnail"],"acf":[],"jetpack_sharing_enabled":true,"_links":{"self":[{"href":"https:\/\/educare.design\/fr\/wp-json\/wp\/v2\/pages\/18926","targetHints":{"allow":["GET"]}}],"collection":[{"href":"https:\/\/educare.design\/fr\/wp-json\/wp\/v2\/pages"}],"about":[{"href":"https:\/\/educare.design\/fr\/wp-json\/wp\/v2\/types\/page"}],"author":[{"embeddable":true,"href":"https:\/\/educare.design\/fr\/wp-json\/wp\/v2\/users\/1"}],"replies":[{"embeddable":true,"href":"https:\/\/educare.design\/fr\/wp-json\/wp\/v2\/comments?post=18926"}],"version-history":[{"count":15,"href":"https:\/\/educare.design\/fr\/wp-json\/wp\/v2\/pages\/18926\/revisions"}],"predecessor-version":[{"id":29672,"href":"https:\/\/educare.design\/fr\/wp-json\/wp\/v2\/pages\/18926\/revisions\/29672"}],"wp:featuredmedia":[{"embeddable":true,"href":"https:\/\/educare.design\/fr\/wp-json\/wp\/v2\/media\/19351"}],"wp:attachment":[{"href":"https:\/\/educare.design\/fr\/wp-json\/wp\/v2\/media?parent=18926"}],"wp:term":[{"taxonomy":"category","embeddable":true,"href":"https:\/\/educare.design\/fr\/wp-json\/wp\/v2\/categories?post=18926"},{"taxonomy":"post_tag","embeddable":true,"href":"https:\/\/educare.design\/fr\/wp-json\/wp\/v2\/tags?post=18926"}],"curies":[{"name":"wp","href":"https:\/\/api.w.org\/{rel}","templated":true}]}}