{"id":35374,"date":"2026-05-09T11:49:51","date_gmt":"2026-05-09T11:49:51","guid":{"rendered":"https:\/\/educare.design\/?post_type=product&#038;p=35374"},"modified":"2026-05-09T12:03:12","modified_gmt":"2026-05-09T12:03:12","slug":"radiant-man","status":"publish","type":"product","link":"https:\/\/educare.design\/es\/shop\/radiant-man\/","title":{"rendered":"El Hombre Radiante"},"content":{"rendered":"<div id=\"fws_69ff942ab673e\"  data-column-margin=\"default\" data-midnight=\"dark\"  class=\"wpb_row vc_row-fluid vc_row\"  style=\"padding-top: 0px; padding-bottom: 0px; \"><div class=\"row-bg-wrap\" data-bg-animation=\"none\" data-bg-animation-delay=\"\" data-bg-overlay=\"false\"><div class=\"inner-wrap row-bg-layer\" ><div class=\"row-bg viewport-desktop\"  style=\"\"><\/div><\/div><\/div><div class=\"row_col_wrap_12 col span_12 dark left\">\n\t<div  class=\"vc_col-sm-12 wpb_column column_container vc_column_container col no-extra-padding inherit_tablet inherit_phone flex_gap_desktop_10px\"  data-padding-pos=\"all\" data-has-bg-color=\"false\" data-bg-color=\"\" data-bg-opacity=\"1\" data-animation=\"\" data-delay=\"0\" >\n\t\t<div class=\"vc_column-inner\" >\n\t\t\t<div class=\"wpb_wrapper\">\n\t\t\t\t\n<div class=\"wpb_text_column wpb_content_element\" >\n\t<p>Categor\u00eda:<br \/>\n<em><a href=\"https:\/\/educare.design\/es\/cat\/arte-pop\/\" target=\"_blank\" rel=\"noopener\">Pop Art &amp; Abstractos<\/a><\/em><br \/>\nFrecuentemente expuesto junto a:<br \/>\n<em><a href=\"https:\/\/educare.design\/es\/shop\/cerebral-trilogy\/\" target=\"_blank\" rel=\"noopener\">Trilog\u00eda Cerebral<\/a><\/em>, <em><a href=\"https:\/\/educare.design\/es\/shop\/muscular-anterior-en-abstracto-10\/\" target=\"_blank\" rel=\"noopener\">Cervical Pop<\/a><\/em><\/p>\n<p>Disponible como <a href=\"https:\/\/educare.design\/es\/posters\/\" target=\"_blank\" rel=\"noopener\">p\u00f3ster<\/a> (<em>marcos no incluidos<\/em>), <a href=\"https:\/\/educare.design\/es\/impresiones-en-lienzo\/\" target=\"_blank\" rel=\"noopener\">impresiones en lienzo<\/a> (<em>con marcos integrados<\/em>), y versi\u00f3n para imprimir en casa <a href=\"https:\/\/educare.design\/es\/digital-pdf-files\/\" target=\"_blank\" rel=\"noopener\">archivos PDF<\/a>. Explora la galer\u00eda de im\u00e1genes para ver las opciones disponibles para esta obra, incl. <a href=\"https:\/\/educare.design\/es\/sizes-types\/\" target=\"_blank\" rel=\"noopener\">tipos y tama\u00f1os<\/a>.<\/p>\n<p><span style=\"color: #488693;\"><strong>\u2605\u2605\u2605\u2605\u2605<\/strong><\/span> <em>&#8220;Great design and service with quick delivery!\u201d<\/em> \u2013 \ud83c\udde6\ud83c\uddfa <a href=\"https:\/\/www.northbrisbanechiropractic.com\/\" target=\"_blank\" rel=\"noopener\">North Brisbane Chiropractic<\/a><\/p>\n<\/div>\n\n\n\n\n\t\t\t<\/div> \n\t\t<\/div>\n\t<\/div> \n<\/div><\/div>","protected":false},"excerpt":{"rendered":"<p>El Hombre Radiante es una l\u00e1mina pop art contempor\u00e1nea inspirada en la anatom\u00eda, construida en torno a la figura humana vista desde posterior. El cuerpo se muestra de espaldas, con la columna vertebral, la caja tor\u00e1cica, la pelvis y la anatom\u00eda de la parte superior del cuerpo visibles mediante un efecto transl\u00facido similar a una radiograf\u00eda. Los suaves tonos pastel recorren el cuerpo y crean un ritmo visual luminoso sobre un fondo negro profundo.<\/p>\n<p>Esta obra trata el cuerpo como un objeto visual luminoso; la columna vertebral forma el eje central de la composici\u00f3n, mientras que las costillas, la pelvis, los hombros y los brazos crean una silueta anat\u00f3mica potente. La textura halftone a\u00f1ade una cualidad gr\u00e1fica de impresi\u00f3n, dando a la pieza una conexi\u00f3n sutil con el pop art, la serigraf\u00eda y la imagen m\u00e9dica retro.<\/p>\n<p>Esto hace que El Hombre Radiante sea adecuado para cl\u00ednicas e interiores que buscan algo m\u00e1s expresivo que una l\u00e1mina anat\u00f3mica est\u00e1ndar. Puede aportar energ\u00eda a una sala de tratamiento, suavizar la est\u00e9tica de un espacio cl\u00ednico o a\u00f1adir un elemento visual centrado en la anatom\u00eda a un estudio moderno o una oficina en casa.<\/p>\n<p>El dise\u00f1o es especialmente relevante para entornos de quiropr\u00e1ctica, osteopat\u00eda, fisioterapia, masaje, bodywork, movimiento, Pilates, wellness y cl\u00ednicas multidisciplinares. Tambi\u00e9n funciona muy bien como una l\u00e1mina art\u00edstica anat\u00f3mica independiente para cualquier persona interesada en el cuerpo humano, la columna vertebral y la cultura visual m\u00e9dica.<\/p>\n<p>El Hombre Radiante forma parte de la colecci\u00f3n Pop Art &amp; Abstracts de educare.design \u2014 una serie de obras inspiradas en la anatom\u00eda, creadas para hacer que los interiores cl\u00ednicos se sientan m\u00e1s personales, modernos y visualmente atractivos.<\/p>\n<p><a href=\"https:\/\/youtu.be\/QIM6S3I6t-s\"><img loading=\"lazy\" decoding=\"async\" class=\"alignleft size-full wp-image-17589\" src=\"https:\/\/educare.design\/wp-content\/uploads\/2023\/12\/youtube-logo.png\" alt=\"\" width=\"55\" height=\"22\" \/><\/a>Ver esta obra de Pop Art <a href=\"https:\/\/youtu.be\/QIM6S3I6t-s\" target=\"_blank\" rel=\"noopener\">aqu\u00ed<\/a> en YouTube.<\/p>\n<p><strong>Incorp\u00f3ralo a tu cl\u00ednica.<\/strong><br \/>\n<strong>\u2b07<\/strong> Pide aqu\u00ed.<\/p>","protected":false},"featured_media":35382,"template":"","meta":{"_acf_changed":false},"product_brand":[],"product_cat":[452],"product_tag":[],"class_list":{"0":"post-35374","1":"product","2":"type-product","3":"status-publish","4":"has-post-thumbnail","6":"product_cat-pop-art","8":"first","9":"instock","10":"shipping-taxable","11":"purchasable","12":"product-type-variable","13":"has-default-attributes"},"acf":[],"jetpack_sharing_enabled":true,"_links":{"self":[{"href":"https:\/\/educare.design\/es\/wp-json\/wp\/v2\/product\/35374","targetHints":{"allow":["GET"]}}],"collection":[{"href":"https:\/\/educare.design\/es\/wp-json\/wp\/v2\/product"}],"about":[{"href":"https:\/\/educare.design\/es\/wp-json\/wp\/v2\/types\/product"}],"wp:featuredmedia":[{"embeddable":true,"href":"https:\/\/educare.design\/es\/wp-json\/wp\/v2\/media\/35382"}],"wp:attachment":[{"href":"https:\/\/educare.design\/es\/wp-json\/wp\/v2\/media?parent=35374"}],"wp:term":[{"taxonomy":"product_brand","embeddable":true,"href":"https:\/\/educare.design\/es\/wp-json\/wp\/v2\/product_brand?post=35374"},{"taxonomy":"product_cat","embeddable":true,"href":"https:\/\/educare.design\/es\/wp-json\/wp\/v2\/product_cat?post=35374"},{"taxonomy":"product_tag","embeddable":true,"href":"https:\/\/educare.design\/es\/wp-json\/wp\/v2\/product_tag?post=35374"}],"curies":[{"name":"wp","href":"https:\/\/api.w.org\/{rel}","templated":true}]}}