{"id":29336,"date":"2025-04-24T14:46:25","date_gmt":"2025-04-24T14:46:25","guid":{"rendered":"https:\/\/educare.design\/?post_type=product&#038;p=29336"},"modified":"2026-04-19T06:37:21","modified_gmt":"2026-04-19T06:37:21","slug":"laminas-anatomicas-agupuntura-set","status":"publish","type":"product","link":"https:\/\/educare.design\/es\/shop\/acupuncture-chart-set\/","title":{"rendered":"Set de L\u00e1minas de Acupuntura"},"content":{"rendered":"<div id=\"fws_69fa577300bfd\"  data-column-margin=\"default\" data-midnight=\"dark\"  class=\"wpb_row vc_row-fluid vc_row\"  style=\"padding-top: 0px; padding-bottom: 0px; \"><div class=\"row-bg-wrap\" data-bg-animation=\"none\" data-bg-animation-delay=\"\" data-bg-overlay=\"false\"><div class=\"inner-wrap row-bg-layer\" ><div class=\"row-bg viewport-desktop\"  style=\"\"><\/div><\/div><\/div><div class=\"row_col_wrap_12 col span_12 dark left\">\n\t<div  class=\"vc_col-sm-12 wpb_column column_container vc_column_container col no-extra-padding inherit_tablet inherit_phone flex_gap_desktop_10px\"  data-padding-pos=\"all\" data-has-bg-color=\"false\" data-bg-color=\"\" data-bg-opacity=\"1\" data-animation=\"\" data-delay=\"0\" >\n\t\t<div class=\"vc_column-inner\" >\n\t\t\t<div class=\"wpb_wrapper\">\n\t\t\t\t\n<div class=\"wpb_text_column wpb_content_element\" >\n\t<p>Parte de:<br \/>\n<a href=\"https:\/\/educare.design\/es\/item\/nervous-system\/\" target=\"_blank\" rel=\"noopener\"><em>Neuro &amp; Regulaci\u00f3n<\/em><\/a><br \/>\nTambi\u00e9n relevante para:<br \/>\n<em><a href=\"https:\/\/educare.design\/es\/item\/organs-physiology\/\" target=\"_blank\" rel=\"noopener\">\u00d3rganos &amp; Fisiolog\u00eda<\/a><\/em><br \/>\nFrecuentemente expuesto junto a:<br \/>\n<em><a href=\"https:\/\/educare.design\/es\/shop\/puntos-acupresion-tailandesa-lamina-anatomica\/\" target=\"_blank\" rel=\"noopener\">Puntos de Acupresi\u00f3n Tailandesa<\/a><\/em>, <em><a href=\"https:\/\/educare.design\/es\/shop\/conjunto-laminas-anatomicas-reflexologia\/\" target=\"_blank\" rel=\"noopener\">Set de L\u00e1minas de Reflexolog\u00eda<\/a><\/em><\/p>\n<p>Disponible como <a href=\"https:\/\/educare.design\/es\/posters\/\" target=\"_blank\" rel=\"noopener\">p\u00f3ster<\/a> (<em>marcos no incluidos<\/em>), <a href=\"https:\/\/educare.design\/es\/impresiones-en-lienzo\/\" target=\"_blank\" rel=\"noopener\">impresiones en lienzo<\/a> (<em>con marcos integrados<\/em>), y versi\u00f3n para imprimir en casa <a href=\"https:\/\/educare.design\/es\/digital-pdf-files\/\" target=\"_blank\" rel=\"noopener\">archivos PDF<\/a>. Explora la galer\u00eda de im\u00e1genes para ver las opciones disponibles para esta obra, incl. <a href=\"https:\/\/educare.design\/es\/sizes-types\/\" target=\"_blank\" rel=\"noopener\">tipos y tama\u00f1os<\/a>, y colocaci\u00f3n opcional de nombre o sitio web.<\/p>\n<p><span style=\"color: #488693;\"><strong>\u2605\u2605\u2605\u2605\u2605<\/strong><\/span> <em>\u201c\u2026beautiful artwork! Thanks for the great work, grazie.\u201d<\/em> - \ud83c\uddee\ud83c\uddf9 <a href=\"https:\/\/www.dottormike.com\/\" target=\"_blank\" rel=\"noopener\">DC Quizon<\/a><\/p>\n<\/div>\n\n\n\n\n\t\t\t<\/div> \n\t\t<\/div>\n\t<\/div> \n<\/div><\/div>","protected":false},"excerpt":{"rendered":"<p>Este vibrante Set de L\u00e1minas de Acupuntura presenta los territorios perif\u00e9ricos de la acupuntura dentro de un marco estructurado y orientado a sistemas, en lugar de mostrarlos como colecciones aisladas de puntos. Al mapear puntos en rostro, plantas de los pies, manos y orejas, el conjunto destaca c\u00f3mo las regiones distales reflejan e influyen en las v\u00edas meridianas y los sistemas org\u00e1nicos m\u00e1s amplios.<\/p>\n<p>El dise\u00f1o enfatiza equilibrio y l\u00f3gica visual. La numeraci\u00f3n clara y el etiquetado legible permiten al profesional localizar puntos espec\u00edficos con eficiencia durante la consulta, mientras que el sistema de color facilita la orientaci\u00f3n sin sobrecarga visual. La paleta no es decorativa, sino que refuerza la agrupaci\u00f3n meridiana y los patrones de distribuci\u00f3n energ\u00e9tica.<\/p>\n<p>Dise\u00f1ado para funcionar dentro del flujo cl\u00ednico real, el conjunto apoya tanto la explicaci\u00f3n introductoria como la identificaci\u00f3n precisa de puntos. Presenta la acupuntura como un sistema regulador basado en la conectividad meridiana \u2014 donde los puntos distales se relacionan con el equilibrio sist\u00e9mico, la funci\u00f3n org\u00e1nica y las v\u00edas neurovasculares. Las l\u00e1minas conforman un lenguaje visual coherente que permite transiciones fluidas entre las cartograf\u00edas facial, manual, podal y auricular sin interrumpir el ritmo de consulta.<\/p>\n<p><strong>Personalizaci\u00f3n gratuita con el nombre de tu cl\u00ednica.<\/strong><br \/>\n\u00a1Para esta obra de arte, ofrecemos agregar el nombre de su cl\u00ednica (o la direcci\u00f3n de su sitio web) de forma gratuita! El nombre ir\u00e1 en lugar del subt\u00edtulo actual en la obra de arte; vea una ilustraci\u00f3n de esto en la galer\u00eda de im\u00e1genes.<\/p>\n<p><a href=\"https:\/\/youtu.be\/YmJklkGHzmQ\"><img loading=\"lazy\" decoding=\"async\" class=\"alignleft size-full wp-image-17589\" src=\"https:\/\/educare.design\/wp-content\/uploads\/2023\/12\/youtube-logo.png\" alt=\"\" width=\"55\" height=\"22\" \/><\/a>Ver este conjunto <a href=\"https:\/\/youtu.be\/YmJklkGHzmQ\" target=\"_blank\" rel=\"noopener\">aqu\u00ed<\/a> en YouTube.<\/p>\n<p><strong>Edici\u00f3n Negra.<\/strong><br \/>\nEsta l\u00e1mina anat\u00f3mica est\u00e1 disponible en una Edici\u00f3n Negra especial, visible en la galer\u00eda de im\u00e1genes.<\/p>\n<p><strong>Incorp\u00f3ralo a tu cl\u00ednica.<\/strong><br \/>\n<strong>\u2b07<\/strong> Pide aqu\u00ed.<\/p>","protected":false},"featured_media":29353,"template":"","meta":{"_acf_changed":false},"product_brand":[],"product_cat":[47],"product_tag":[502,531],"class_list":{"0":"post-29336","1":"product","2":"type-product","3":"status-publish","4":"has-post-thumbnail","6":"product_cat-anatomy","7":"product_tag-nervous-system","8":"product_tag-organs-physiology","10":"first","11":"instock","12":"shipping-taxable","13":"purchasable","14":"product-type-variable","15":"has-default-attributes"},"acf":[],"jetpack_sharing_enabled":true,"_links":{"self":[{"href":"https:\/\/educare.design\/es\/wp-json\/wp\/v2\/product\/29336","targetHints":{"allow":["GET"]}}],"collection":[{"href":"https:\/\/educare.design\/es\/wp-json\/wp\/v2\/product"}],"about":[{"href":"https:\/\/educare.design\/es\/wp-json\/wp\/v2\/types\/product"}],"wp:featuredmedia":[{"embeddable":true,"href":"https:\/\/educare.design\/es\/wp-json\/wp\/v2\/media\/29353"}],"wp:attachment":[{"href":"https:\/\/educare.design\/es\/wp-json\/wp\/v2\/media?parent=29336"}],"wp:term":[{"taxonomy":"product_brand","embeddable":true,"href":"https:\/\/educare.design\/es\/wp-json\/wp\/v2\/product_brand?post=29336"},{"taxonomy":"product_cat","embeddable":true,"href":"https:\/\/educare.design\/es\/wp-json\/wp\/v2\/product_cat?post=29336"},{"taxonomy":"product_tag","embeddable":true,"href":"https:\/\/educare.design\/es\/wp-json\/wp\/v2\/product_tag?post=29336"}],"curies":[{"name":"wp","href":"https:\/\/api.w.org\/{rel}","templated":true}]}}