{"id":29148,"date":"2025-04-15T12:29:23","date_gmt":"2025-04-15T12:29:23","guid":{"rendered":"https:\/\/educare.design\/?post_type=product&#038;p=29148"},"modified":"2026-04-20T17:28:47","modified_gmt":"2026-04-20T17:28:47","slug":"sistema-reproductor-masculino-lamina-anatomica","status":"publish","type":"product","link":"https:\/\/educare.design\/es\/shop\/male-reproductive-system\/","title":{"rendered":"Sistema Reproductor Masculino"},"content":{"rendered":"<div id=\"fws_69ff7e6a0e779\"  data-column-margin=\"default\" data-midnight=\"dark\"  class=\"wpb_row vc_row-fluid vc_row\"  style=\"padding-top: 0px; padding-bottom: 0px; \"><div class=\"row-bg-wrap\" data-bg-animation=\"none\" data-bg-animation-delay=\"\" data-bg-overlay=\"false\"><div class=\"inner-wrap row-bg-layer\" ><div class=\"row-bg viewport-desktop\"  style=\"\"><\/div><\/div><\/div><div class=\"row_col_wrap_12 col span_12 dark left\">\n\t<div  class=\"vc_col-sm-12 wpb_column column_container vc_column_container col no-extra-padding inherit_tablet inherit_phone flex_gap_desktop_10px\"  data-padding-pos=\"all\" data-has-bg-color=\"false\" data-bg-color=\"\" data-bg-opacity=\"1\" data-animation=\"\" data-delay=\"0\" >\n\t\t<div class=\"vc_column-inner\" >\n\t\t\t<div class=\"wpb_wrapper\">\n\t\t\t\t\n<div class=\"wpb_text_column wpb_content_element\" >\n\t<p>Parte de:<br \/>\n<em><a href=\"https:\/\/educare.design\/es\/item\/reproductive-health\/\" target=\"_blank\" rel=\"noopener\">Salud Reproductiva<\/a><\/em><br \/>\nFrecuentemente expuesto junto a:<br \/>\n<em><a href=\"https:\/\/educare.design\/es\/shop\/desarrollo-fetal-lamina-anatomica\/\" target=\"_blank\">Etapas del Desarrollo Fetal<\/a><\/em>, <em><a href=\"https:\/\/educare.design\/es\/shop\/sistema-reproductor-femenino-tabla-anatomica\/\" target=\"_blank\">Sistema Reproductor Femenino<\/a><\/em><\/p>\n<p>Disponible como <a href=\"https:\/\/educare.design\/es\/posters\/\" target=\"_blank\" rel=\"noopener\">p\u00f3ster<\/a> (<em>marcos no incluidos<\/em>), <a href=\"https:\/\/educare.design\/es\/impresiones-en-lienzo\/\" target=\"_blank\" rel=\"noopener\">impresiones en lienzo<\/a> (<em>con marcos integrados<\/em>), y versi\u00f3n para imprimir en casa <a href=\"https:\/\/educare.design\/es\/digital-pdf-files\/\" target=\"_blank\" rel=\"noopener\">archivos PDF<\/a>. Explora la galer\u00eda de im\u00e1genes para ver las opciones disponibles para esta obra, incl. <a href=\"https:\/\/educare.design\/es\/sizes-types\/\" target=\"_blank\" rel=\"noopener\">tipos y tama\u00f1os<\/a>, colocaci\u00f3n opcional de nombre o sitio web, y las diez versiones en idiomas!<\/p>\n<p><span style=\"color: #488693;\"><strong>\u2605\u2605\u2605\u2605\u2605<\/strong><\/span> <em>\u201cEducare.design exceeded all expectations with their anatomy canvas prints! I ordered three prints outlining the Jaw, TMJ joint, and Autonomic Nervous System, and the results were absolutely stunning.\u201d<\/em> - \ud83c\uddec\ud83c\udde7 <a href=\"https:\/\/www.google.com\/maps\/contrib\/109662105465006803331\/reviews?authuser=6&amp;hl=en-GB\" target=\"_blank\" rel=\"noopener\">Anna Hugill<\/a><\/p>\n<\/div>\n\n\n\n\n\t\t\t<\/div> \n\t\t<\/div>\n\t<\/div> \n<\/div><\/div>","protected":false},"excerpt":{"rendered":"<p>Esta L\u00e1mina Anat\u00f3mica del Sistema Reproductor Masculino presenta la anatom\u00eda en secci\u00f3n sagital y vista anterior, permitiendo explicar estructura y funci\u00f3n con precisi\u00f3n y claridad. La l\u00e1mina muestra test\u00edculos, epid\u00eddimo, conducto deferente, ves\u00edculas seminales, pr\u00f3stata y uretra en continuidad anat\u00f3mica. Las relaciones entre estructuras reproductivas y urinarias est\u00e1n integradas visualmente, facilitando la explicaci\u00f3n de la producci\u00f3n, maduraci\u00f3n, transporte del esperma y la eyaculaci\u00f3n dentro de un marco estructural coherente.<\/p>\n<p>La vista sagital destaca la disposici\u00f3n espacial y las relaciones internas, mientras que la vista anterior refuerza la simetr\u00eda bilateral y la orientaci\u00f3n de los trayectos anat\u00f3micos. Las estructuras de soporte \u2014 incluidos componentes del suelo p\u00e9lvico y anatom\u00eda circundante \u2014 se presentan en contexto, permitiendo abordar fertilidad, funci\u00f3n hormonal, salud p\u00e9lvica y coordinaci\u00f3n urogenital.<\/p>\n<p>Es una herramienta de comunicaci\u00f3n cl\u00ednicamente funcional, dise\u00f1ada para apoyar explicaciones estructuradas durante la consulta, mejorar la comprensi\u00f3n del paciente y elevar el est\u00e1ndar visual profesional de la cl\u00ednica. Ideal para entornos quiropr\u00e1cticos, osteop\u00e1ticos, fisioterapia, urolog\u00eda, salud masculina, fertilidad y educaci\u00f3n m\u00e9dica.<\/p>\n<p><strong>The Birds &#038; The Bees \u2014 Explained Properly!<\/strong><br \/>\nCol\u00f3quelo junto a la tabla del <a href=\"https:\/\/educare.design\/es\/shop\/sistema-reproductor-femenino-tabla-anatomica\/\" target=\"_blank\" rel=\"noopener\">Sistema Reproductor Femenino<\/a> para apreciar mejor nuestra anatom\u00eda reproductiva. Para completar la imagen de la salud reproductiva, recomendamos agregar la tabla de las <a href=\"https:\/\/educare.design\/es\/shop\/desarrollo-fetal-lamina-anatomica\/\" target=\"_blank\" rel=\"noopener\">Etapas del Desarrollo Fetal<\/a> ; vea una ilustraci\u00f3n de las tres tablas juntas <a href=\"https:\/\/educare.design\/wp-content\/uploads\/2025\/04\/Reproductive-Systems-and-Pregnancy.jpg\" target=\"_blank\" rel=\"noopener\">aqu\u00ed<\/a>.<\/p>\n<p><strong>Personalizaci\u00f3n gratuita con el nombre de tu cl\u00ednica.<\/strong><br \/>\n\u00a1Para esta obra de arte, ofrecemos agregar el nombre de su cl\u00ednica (o la direcci\u00f3n de su sitio web) de forma gratuita! El nombre ir\u00e1 en lugar del subt\u00edtulo actual en la obra de arte; vea una ilustraci\u00f3n de esto en la galer\u00eda de im\u00e1genes.<\/p>\n<p><a href=\"https:\/\/youtu.be\/KJrNNuBuf2c\"><img loading=\"lazy\" decoding=\"async\" class=\"alignleft size-full wp-image-17589\" src=\"https:\/\/educare.design\/wp-content\/uploads\/2023\/12\/youtube-logo.png\" alt=\"\" width=\"55\" height=\"22\" \/><\/a>Ver este diagrama <a href=\"https:\/\/youtu.be\/KJrNNuBuf2c\" target=\"_blank\" rel=\"noopener\">aqu\u00ed<\/a> y <a href=\"https:\/\/youtu.be\/xFgIADl1-DE\" target=\"_blank\" rel=\"noopener\">aqu\u00ed<\/a> en YouTube.<\/p>\n<p><strong>Edici\u00f3n Negra.<\/strong><br \/>\nEste chart est\u00e1 disponible para pedido en una edici\u00f3n especial en negro, visible en la galer\u00eda de im\u00e1genes.<\/p>\n<p>\ud83d\udd25 Esta obra forma parte de un set con un 25% de descuento, como se ve <a href=\"https:\/\/educare.design\/es\/shop\/reproductive-health-set\/\" target=\"_blank\" rel=\"noopener\">aqu\u00ed<\/a>.<\/p>\n<p>\ud83c\uddec\ud83c\udde7 <a href=\"https:\/\/educare.design\/wp-content\/uploads\/2025\/04\/english_Male-Reproductive-System.jpg\" target=\"_blank\" rel=\"noopener\">View more details of the English version.<\/a><br \/>\n\ud83c\uddee\ud83c\uddf9 <a href=\"https:\/\/educare.design\/wp-content\/uploads\/2025\/04\/italian_Male-Reproductive-System.jpg\" target=\"_blank\" rel=\"noopener\">Vedi i dettagli della versione italiana.<\/a><br \/>\n\ud83c\uddea\ud83c\uddf8 <a href=\"https:\/\/educare.design\/wp-content\/uploads\/2025\/04\/spanish_Male-Reproductive-System.jpg\" target=\"_blank\" rel=\"noopener\">Ver detalles de la versi\u00f3n en espa\u00f1ol.<\/a><br \/>\n\ud83c\udde9\ud83c\uddea <a href=\"https:\/\/educare.design\/wp-content\/uploads\/2025\/04\/german_Male-Reproductive-System.jpg\" target=\"_blank\" rel=\"noopener\">Details zur deutschen Version anzeigen.<\/a><br \/>\n\ud83c\uddeb\ud83c\uddf7 <a href=\"https:\/\/educare.design\/wp-content\/uploads\/2025\/04\/french_Male-Reproductive-System.jpg\" target=\"_blank\" rel=\"noopener\">Voir les d\u00e9tails de la version fran\u00e7aise.<\/a><br \/>\n\ud83c\uddf3\ud83c\uddf1 <a href=\"https:\/\/educare.design\/wp-content\/uploads\/2025\/04\/dutch_Male-Reproductive-System.jpg\" target=\"_blank\" rel=\"noopener\">Bekijk details van de Nederlandse versie.<\/a><br \/>\n\ud83c\uddf5\ud83c\uddf9 <a href=\"https:\/\/educare.design\/wp-content\/uploads\/2025\/04\/portuguese_Male-Reproductive-System.jpg.jpg\" target=\"_blank\" rel=\"noopener\">Veja mais detalhes da vers\u00e3o portuguesa.<\/a><br \/>\n\ud83c\uddf8\ud83c\uddea <a href=\"https:\/\/educare.design\/wp-content\/uploads\/2025\/04\/svensk_Male-Reproductive-System.jpg\" target=\"_blank\" rel=\"noopener\">Se fler detaljer om den svenska versionen.<\/a><br \/>\n\ud83c\uddf3\ud83c\uddf4 <a href=\"https:\/\/educare.design\/wp-content\/uploads\/2025\/04\/norsk_Male-Reproductive-System.jpg\" target=\"_blank\" rel=\"noopener\">Se flere detaljer om den norske versjonen.<\/a><br \/>\n\ud83c\udde9\ud83c\uddf0 <a href=\"https:\/\/educare.design\/wp-content\/uploads\/2025\/04\/dansk_Male-Reproductive-System.jpg\" target=\"_blank\" rel=\"noopener\">Se flere detaljer af den danske version.<\/a><\/p>\n<p><strong>Incorp\u00f3ralo a tu cl\u00ednica.<\/strong><br \/>\n<strong>\u2b07<\/strong> Pide aqu\u00ed.<\/p>","protected":false},"featured_media":29178,"template":"","meta":{"_acf_changed":false},"product_brand":[],"product_cat":[47],"product_tag":[496],"class_list":{"0":"post-29148","1":"product","2":"type-product","3":"status-publish","4":"has-post-thumbnail","6":"product_cat-anatomy","7":"product_tag-reproductive-health","9":"first","10":"instock","11":"shipping-taxable","12":"purchasable","13":"product-type-variable","14":"has-default-attributes"},"acf":[],"jetpack_sharing_enabled":true,"_links":{"self":[{"href":"https:\/\/educare.design\/es\/wp-json\/wp\/v2\/product\/29148","targetHints":{"allow":["GET"]}}],"collection":[{"href":"https:\/\/educare.design\/es\/wp-json\/wp\/v2\/product"}],"about":[{"href":"https:\/\/educare.design\/es\/wp-json\/wp\/v2\/types\/product"}],"wp:featuredmedia":[{"embeddable":true,"href":"https:\/\/educare.design\/es\/wp-json\/wp\/v2\/media\/29178"}],"wp:attachment":[{"href":"https:\/\/educare.design\/es\/wp-json\/wp\/v2\/media?parent=29148"}],"wp:term":[{"taxonomy":"product_brand","embeddable":true,"href":"https:\/\/educare.design\/es\/wp-json\/wp\/v2\/product_brand?post=29148"},{"taxonomy":"product_cat","embeddable":true,"href":"https:\/\/educare.design\/es\/wp-json\/wp\/v2\/product_cat?post=29148"},{"taxonomy":"product_tag","embeddable":true,"href":"https:\/\/educare.design\/es\/wp-json\/wp\/v2\/product_tag?post=29148"}],"curies":[{"name":"wp","href":"https:\/\/api.w.org\/{rel}","templated":true}]}}