{"id":28387,"date":"2025-03-06T10:09:24","date_gmt":"2025-03-06T10:09:24","guid":{"rendered":"https:\/\/educare.design\/?post_type=product&#038;p=28387"},"modified":"2026-04-08T09:30:01","modified_gmt":"2026-04-08T09:30:01","slug":"vintage-hand","status":"publish","type":"product","link":"https:\/\/educare.design\/es\/shop\/vintage-hand\/","title":{"rendered":"La Mano"},"content":{"rendered":"<div id=\"fws_69fa193f60bf7\"  data-column-margin=\"default\" data-midnight=\"dark\"  class=\"wpb_row vc_row-fluid vc_row\"  style=\"padding-top: 0px; padding-bottom: 0px; \"><div class=\"row-bg-wrap\" data-bg-animation=\"none\" data-bg-animation-delay=\"\" data-bg-overlay=\"false\"><div class=\"inner-wrap row-bg-layer\" ><div class=\"row-bg viewport-desktop\"  style=\"\"><\/div><\/div><\/div><div class=\"row_col_wrap_12 col span_12 dark left\">\n\t<div  class=\"vc_col-sm-12 wpb_column column_container vc_column_container col no-extra-padding inherit_tablet inherit_phone flex_gap_desktop_10px\"  data-padding-pos=\"all\" data-has-bg-color=\"false\" data-bg-color=\"\" data-bg-opacity=\"1\" data-animation=\"\" data-delay=\"0\" >\n\t\t<div class=\"vc_column-inner\" >\n\t\t\t<div class=\"wpb_wrapper\">\n\t\t\t\t\n<div class=\"wpb_text_column wpb_content_element\" >\n\t<p>Categor\u00eda:<br \/>\n<em><a href=\"https:\/\/educare.design\/es\/cat\/vin\/\" target=\"_blank\" rel=\"noopener\">Anatom\u00eda Vintage<\/a><\/em><br \/>\nSistema:<br \/>\n<em><a href=\"https:\/\/educare.design\/es\/item\/musculoskeletal\/\" target=\"_blank\" rel=\"noopener\">Movimiento &amp; M\u00fasculos<\/a><\/em><\/p>\n<p>Disponible como <a href=\"https:\/\/educare.design\/es\/posters\/\" target=\"_blank\" rel=\"noopener\">p\u00f3ster<\/a>, <a href=\"https:\/\/educare.design\/es\/impresiones-en-lienzo\/\" target=\"_blank\" rel=\"noopener\">impresiones en lienzo<\/a> y <a href=\"https:\/\/educare.design\/es\/digital-pdf-files\/\" target=\"_blank\" rel=\"noopener\">archivos PDF<\/a>. Explore la galer\u00eda de im\u00e1genes y ampl\u00ede para ver los detalles de las distintas opciones para esta obra de arte, incluidos los <a href=\"https:\/\/educare.design\/es\/sizes-types\/\" target=\"_blank\" rel=\"noopener\">tipos y tama\u00f1os<\/a>. \u26a0\ufe0f <em>Los textos de estas obras de arte est\u00e1n \u00fanicamente en ingl\u00e9s y\/o lat\u00edn m\u00e9dico.<\/em><\/p>\n<p><span style=\"color: #488693;\"><strong>\u2605\u2605\u2605\u2605\u2605<\/strong><\/span> <em>\u201cI ordered 5 pictures in different designs and sizes, all of them look perfect and make my practice rooms more beautiful\u2026\u201d<\/em> - \ud83c\udde9\ud83c\uddea <a href=\"https:\/\/www.trustpilot.com\/reviews\/67c311c9c56efd6a5e891872\" target=\"_blank\" rel=\"noopener\">Physiotherapie Hagen<\/a><\/p>\n<\/div>\n\n\n\n\n\t\t\t<\/div> \n\t\t<\/div>\n\t<\/div> \n<\/div><\/div>","protected":false},"excerpt":{"rendered":"<p>Anatom\u00eda cl\u00e1sica de la mano, reinterpretada \u2013 La Mano presenta un estudio anat\u00f3mico detallado de las estructuras palmares e intr\u00ednsecas, inspirado en la precisi\u00f3n y la sobriedad del grabado m\u00e9dico cl\u00e1sico. La organizaci\u00f3n en capas de los tendones flexores, los lumbricales, los inter\u00f3seos y la musculatura tenar \u2014 junto con la estructura metacarpiana y la arquitectura ligamentosa \u2014 se representa con claridad, proporci\u00f3n y un trazo disciplinado.<\/p>\n<p>Las referencias numeradas se sit\u00faan directamente sobre la anatom\u00eda y corresponden a un \u00edndice circular que rodea la figura. Esta estructura radial integra la nomenclatura en la propia composici\u00f3n \u2014 permitiendo que el etiquetado anat\u00f3mico aporte equilibrio visual en lugar de interrumpirlo.<\/p>\n<p>Hist\u00f3ricamente, la ilustraci\u00f3n anat\u00f3mica depend\u00eda de un sombreado controlado y un contorneado meticuloso para comunicar profundidad y relaciones estructurales mucho antes de la era de la imagen m\u00e9dica. Esta obra honra esa tradici\u00f3n, aline\u00e1ndose con el marco contempor\u00e1neo de educare.design \u2014 tipograf\u00eda refinada, equilibrio espacial coherente y una paleta de color contenida garantizan compatibilidad entre colecciones modernas y heritage.<\/p>\n<p><strong>Disponible en Edici\u00f3n Clara y Negra.<\/strong><br \/>\nLa obra se ofrece en dos expresiones diferenciadas:<br \/>\n<em>Una edici\u00f3n neutra y suave que se integra sin esfuerzo en interiores cl\u00ednicos escandinavos y minimalistas.<br \/>\nUna edici\u00f3n negra que introduce un contraste dram\u00e1tico, transformando la anatom\u00eda cl\u00e1sica en una declaraci\u00f3n visual de estilo galer\u00eda.<\/em><\/p>\n<p>Ambas versiones mantienen id\u00e9ntica precisi\u00f3n anat\u00f3mica y estructura compositiva, permitiendo a los profesionales elegir la atm\u00f3sfera que mejor complemente su espacio sin comprometer la claridad educativa. El resultado no es puramente vintage ni exclusivamente moderno. Es patrimonio anat\u00f3mico adaptado a entornos cl\u00ednicos contempor\u00e1neos. Exhibida sola, act\u00faa como punto focal refinado. Combinada con l\u00e1minas minimalistas, aporta profundidad hist\u00f3rica sin conflicto visual.<\/p>\n<p>Anatom\u00eda cl\u00e1sica, reequilibrada para la pr\u00e1ctica moderna.<\/p>\n<p><strong>Personalizaci\u00f3n gratuita con el nombre de tu cl\u00ednica.<\/strong><br \/>\n\u00a1Para esta obra de arte, ofrecemos agregar el nombre de su cl\u00ednica (o la direcci\u00f3n de su sitio web) de forma gratuita! El nombre ir\u00e1 en lugar del subt\u00edtulo actual en la obra de arte (que son los nombres en lat\u00edn de la anatom\u00eda); vea una ilustraci\u00f3n de esto en la galer\u00eda de im\u00e1genes.<\/p>\n<p><a href=\"https:\/\/youtu.be\/ukomplev2XA\"><img loading=\"lazy\" decoding=\"async\" class=\"alignleft size-full wp-image-17589\" src=\"https:\/\/educare.design\/wp-content\/uploads\/2023\/12\/youtube-logo.png\" alt=\"\" width=\"55\" height=\"22\" \/><\/a>Ver este diagrama <a href=\"https:\/\/youtu.be\/ukomplev2XA\" target=\"_blank\" rel=\"noopener\">aqu\u00ed<\/a> en YouTube.<\/p>\n<p><strong>Incorp\u00f3ralo a tu cl\u00ednica.<\/strong><br \/>\n<strong>\u2b07<\/strong> Pide aqu\u00ed.<\/p>","protected":false},"featured_media":28358,"template":"","meta":{"_acf_changed":false},"product_brand":[],"product_cat":[61],"product_tag":[501],"class_list":{"0":"post-28387","1":"product","2":"type-product","3":"status-publish","4":"has-post-thumbnail","6":"product_cat-vin","7":"product_tag-musculoskeletal","9":"first","10":"instock","11":"shipping-taxable","12":"purchasable","13":"product-type-variable","14":"has-default-attributes"},"acf":[],"jetpack_sharing_enabled":true,"_links":{"self":[{"href":"https:\/\/educare.design\/es\/wp-json\/wp\/v2\/product\/28387","targetHints":{"allow":["GET"]}}],"collection":[{"href":"https:\/\/educare.design\/es\/wp-json\/wp\/v2\/product"}],"about":[{"href":"https:\/\/educare.design\/es\/wp-json\/wp\/v2\/types\/product"}],"wp:featuredmedia":[{"embeddable":true,"href":"https:\/\/educare.design\/es\/wp-json\/wp\/v2\/media\/28358"}],"wp:attachment":[{"href":"https:\/\/educare.design\/es\/wp-json\/wp\/v2\/media?parent=28387"}],"wp:term":[{"taxonomy":"product_brand","embeddable":true,"href":"https:\/\/educare.design\/es\/wp-json\/wp\/v2\/product_brand?post=28387"},{"taxonomy":"product_cat","embeddable":true,"href":"https:\/\/educare.design\/es\/wp-json\/wp\/v2\/product_cat?post=28387"},{"taxonomy":"product_tag","embeddable":true,"href":"https:\/\/educare.design\/es\/wp-json\/wp\/v2\/product_tag?post=28387"}],"curies":[{"name":"wp","href":"https:\/\/api.w.org\/{rel}","templated":true}]}}