{"id":18826,"date":"2023-12-03T10:42:17","date_gmt":"2023-12-03T10:42:17","guid":{"rendered":"https:\/\/educare.design\/?post_type=product&#038;p=18826"},"modified":"2026-04-14T11:41:24","modified_gmt":"2026-04-14T11:41:24","slug":"vida-escenificada","status":"publish","type":"product","link":"https:\/\/educare.design\/es\/shop\/staged-life\/","title":{"rendered":"Una Vida Escenificada"},"content":{"rendered":"<div id=\"fws_69fc9db031d1a\"  data-column-margin=\"default\" data-midnight=\"dark\"  class=\"wpb_row vc_row-fluid vc_row\"  style=\"padding-top: 0px; padding-bottom: 0px; \"><div class=\"row-bg-wrap\" data-bg-animation=\"none\" data-bg-animation-delay=\"\" data-bg-overlay=\"false\"><div class=\"inner-wrap row-bg-layer\" ><div class=\"row-bg viewport-desktop\"  style=\"\"><\/div><\/div><\/div><div class=\"row_col_wrap_12 col span_12 dark left\">\n\t<div  class=\"vc_col-sm-12 wpb_column column_container vc_column_container col no-extra-padding inherit_tablet inherit_phone flex_gap_desktop_10px\"  data-padding-pos=\"all\" data-has-bg-color=\"false\" data-bg-color=\"\" data-bg-opacity=\"1\" data-animation=\"\" data-delay=\"0\" >\n\t\t<div class=\"vc_column-inner\" >\n\t\t\t<div class=\"wpb_wrapper\">\n\t\t\t\t\n<div class=\"wpb_text_column wpb_content_element\" >\n\t<p>Categor\u00eda:<br \/>\n<em><a href=\"https:\/\/educare.design\/es\/cat\/universal\/\" target=\"_blank\" rel=\"noopener\">Declaraciones Universales<\/a><\/em><br \/>\nFrecuentemente expuesto junto a:<br \/>\n<em><a href=\"https:\/\/educare.design\/es\/shop\/esta-bien\/\" target=\"_blank\">It&#8217;s Okay<\/a><\/em>, <em><a href=\"https:\/\/educare.design\/es\/shop\/depresion-sonriente\/\" target=\"_blank\">Depresi\u00f3n Sonriente<\/a><\/em><\/p>\n<p>Disponible como <a href=\"https:\/\/educare.design\/es\/posters\/\" target=\"_blank\" rel=\"noopener\">p\u00f3ster<\/a> (<em>marcos no incluidos<\/em>), <a href=\"https:\/\/educare.design\/es\/impresiones-en-lienzo\/\" target=\"_blank\" rel=\"noopener\">impresiones en lienzo<\/a> (<em>con marcos integrados<\/em>), <a href=\"https:\/\/educare.design\/es\/pancartas-enrollables\/\" target=\"_blank\" rel=\"noopener\">rollup retr\u00e1ctil<\/a> y <a href=\"https:\/\/educare.design\/es\/digital-pdf-files\/\" target=\"_blank\" rel=\"noopener\">archivos PDF<\/a>. Explora la galer\u00eda de im\u00e1genes para ver las opciones disponibles para esta obra, incl. <a href=\"https:\/\/educare.design\/es\/sizes-types\/\" target=\"_blank\" rel=\"noopener\">tipos y tama\u00f1os<\/a>, ubicaci\u00f3n opcional del logotipo y las diez versiones en diferentes idiomas. <strong>Nota:<\/strong> Rollup banner is designed for customisation with your clinic&#8217;s logo, website, address and phone number. \u2710 <em>Nos pondremos en contacto contigo para la personalizaci\u00f3n.<\/em><\/p>\n<p><span style=\"color: #488693;\"><strong>\u2605\u2605\u2605\u2605\u2605<\/strong><\/span> <em>\u201c\u00a1Tu trabajo es maravilloso! Cosas realmente maravillosas para las cl\u00ednicas\u201d.<\/em> - \ud83c\uddfa\ud83c\uddf8 <a href=\"https:\/\/www.instagram.com\/michellevenezianodo\/?hl=en\" target=\"_blank\" rel=\"noopener\">Michelle Veneziano<\/a><\/p>\n<\/div>\n\n\n\n\n\t\t\t<\/div> \n\t\t<\/div>\n\t<\/div> \n<\/div><\/div>","protected":false},"excerpt":{"rendered":"<p><strong>Una vida escenificada no es una vida real.<\/strong><br \/>\n<em>No copies una falsificaci\u00f3n. Vive tu vida a tu manera.<\/em><\/p>\n<p>Las redes sociales suelen mostrar una versi\u00f3n cuidadosamente construida y controlada de la realidad. \u00c1ngulos perfectos. Momento perfecto. Instantes perfectos. Pero estas im\u00e1genes rara vez muestran el panorama completo. Compararse constantemente con estas \u201cvitrinas\u201d puede debilitar la confianza y distorsionar las expectativas. Cuando las versiones idealizadas de la vida se convierten en referencia, pueden aparecer la ansiedad y la insatisfacci\u00f3n.<\/p>\n<p>Esta obra act\u00faa como una pausa visual. Un recordatorio de que la autenticidad vale m\u00e1s que la apariencia \u2014 y de que la vida real es compleja, imperfecta y humana. De gran presencia y dise\u00f1o minimalista, crea una declaraci\u00f3n s\u00f3lida en la pared de la cl\u00ednica. Invita a la reflexi\u00f3n sin juicio y favorece conversaciones sobre bienestar mental de manera serena y contempor\u00e1nea.<\/p>\n<p>No moraliza. No dramatiza.<br \/>\nSimplemente honesta.<\/p>\n<p><a href=\"https:\/\/youtu.be\/Jd6DEB1iDpM\"><img loading=\"lazy\" decoding=\"async\" class=\"alignleft size-full wp-image-17589\" src=\"https:\/\/educare.design\/wp-content\/uploads\/2023\/12\/youtube-logo.png\" alt=\"\" width=\"55\" height=\"22\" \/><\/a>Mira la obra <a href=\"https:\/\/youtu.be\/Jd6DEB1iDpM\" target=\"_blank\" rel=\"noopener\">aqu\u00ed<\/a> en YouTube.<\/p>\n<p>\ud83c\uddec\ud83c\udde7 <a href=\"https:\/\/educare.design\/wp-content\/uploads\/2023\/12\/Staged-Life_english.jpg\" target=\"_blank\" rel=\"noopener\">View more details of the English version.<\/a><br \/>\n\ud83c\uddee\ud83c\uddf9 <a href=\"https:\/\/educare.design\/wp-content\/uploads\/2023\/12\/Staged-Life_italian.jpg\" target=\"_blank\" rel=\"noopener\">Vedi i dettagli della versione italiana.<\/a><br \/>\n\ud83c\uddea\ud83c\uddf8 <a href=\"https:\/\/educare.design\/wp-content\/uploads\/2023\/12\/Staged-Life_spanish.jpg\" target=\"_blank\" rel=\"noopener\">Ver detalles de la versi\u00f3n en espa\u00f1ol.<\/a><br \/>\n\ud83c\udde9\ud83c\uddea <a href=\"https:\/\/educare.design\/wp-content\/uploads\/2023\/12\/Staged-Life_german.jpg\" target=\"_blank\" rel=\"noopener\">Details zur deutschen Version anzeigen.<\/a><br \/>\n\ud83c\uddeb\ud83c\uddf7 <a href=\"https:\/\/educare.design\/wp-content\/uploads\/2023\/12\/Staged-Life_french.jpg\" target=\"_blank\" rel=\"noopener\">Voir les d\u00e9tails de la version fran\u00e7aise.<\/a><br \/>\n\ud83c\uddf3\ud83c\uddf1 <a href=\"https:\/\/educare.design\/wp-content\/uploads\/2023\/12\/Staged-Life_dutch.jpg\" target=\"_blank\" rel=\"noopener\">Bekijk details van de Nederlandse versie.<\/a><br \/>\n\ud83c\uddf5\ud83c\uddf9 <a href=\"https:\/\/educare.design\/wp-content\/uploads\/2023\/12\/Staged-Life_portuguese.jpg\" target=\"_blank\" rel=\"noopener\">Veja mais detalhes da vers\u00e3o portuguesa.<\/a><br \/>\n\ud83c\uddf8\ud83c\uddea <a href=\"https:\/\/educare.design\/wp-content\/uploads\/2023\/12\/Staged-Life_svensk.jpg\" target=\"_blank\" rel=\"noopener\">Se fler detaljer om den svenska versionen.<\/a><br \/>\n\ud83c\uddf3\ud83c\uddf4 <a href=\"https:\/\/educare.design\/wp-content\/uploads\/2023\/12\/Staged-Life_norsk.jpg\" target=\"_blank\" rel=\"noopener\">Se flere detaljer om den norske versjonen.<\/a><br \/>\n\ud83c\udde9\ud83c\uddf0 <a href=\"https:\/\/educare.design\/wp-content\/uploads\/2023\/12\/Staged-Life_dansk.jpg\" target=\"_blank\" rel=\"noopener\">Se flere detaljer af den danske version.<\/a><\/p>\n<p><strong>Incorp\u00f3ralo a tu cl\u00ednica.<\/strong><br \/>\n<strong>\u2b07<\/strong> Pide aqu\u00ed.<\/p>","protected":false},"featured_media":18847,"template":"","meta":{"_acf_changed":false},"product_brand":[],"product_cat":[66,546],"product_tag":[],"class_list":{"0":"post-18826","1":"product","2":"type-product","3":"status-publish","4":"has-post-thumbnail","6":"product_cat-care","7":"product_cat-universal","9":"first","10":"instock","11":"shipping-taxable","12":"purchasable","13":"product-type-variable","14":"has-default-attributes"},"acf":[],"jetpack_sharing_enabled":true,"_links":{"self":[{"href":"https:\/\/educare.design\/es\/wp-json\/wp\/v2\/product\/18826","targetHints":{"allow":["GET"]}}],"collection":[{"href":"https:\/\/educare.design\/es\/wp-json\/wp\/v2\/product"}],"about":[{"href":"https:\/\/educare.design\/es\/wp-json\/wp\/v2\/types\/product"}],"wp:featuredmedia":[{"embeddable":true,"href":"https:\/\/educare.design\/es\/wp-json\/wp\/v2\/media\/18847"}],"wp:attachment":[{"href":"https:\/\/educare.design\/es\/wp-json\/wp\/v2\/media?parent=18826"}],"wp:term":[{"taxonomy":"product_brand","embeddable":true,"href":"https:\/\/educare.design\/es\/wp-json\/wp\/v2\/product_brand?post=18826"},{"taxonomy":"product_cat","embeddable":true,"href":"https:\/\/educare.design\/es\/wp-json\/wp\/v2\/product_cat?post=18826"},{"taxonomy":"product_tag","embeddable":true,"href":"https:\/\/educare.design\/es\/wp-json\/wp\/v2\/product_tag?post=18826"}],"curies":[{"name":"wp","href":"https:\/\/api.w.org\/{rel}","templated":true}]}}