{"id":17412,"date":"2023-12-10T12:43:25","date_gmt":"2023-12-10T12:43:25","guid":{"rendered":"https:\/\/educare.design\/?post_type=product&#038;p=17412"},"modified":"2026-02-28T23:27:31","modified_gmt":"2026-02-28T23:27:31","slug":"socialreels","status":"publish","type":"product","link":"https:\/\/educare.design\/es\/shop\/socialreels\/","title":{"rendered":"50+ SocialReels"},"content":{"rendered":"<div id=\"fws_69fa418b59aea\"  data-column-margin=\"default\" data-midnight=\"dark\"  class=\"wpb_row vc_row-fluid vc_row\"  style=\"padding-top: 0px; padding-bottom: 0px; \"><div class=\"row-bg-wrap\" data-bg-animation=\"none\" data-bg-animation-delay=\"\" data-bg-overlay=\"false\"><div class=\"inner-wrap row-bg-layer\" ><div class=\"row-bg viewport-desktop\"  style=\"\"><\/div><\/div><\/div><div class=\"row_col_wrap_12 col span_12 dark left\">\n\t<div  class=\"vc_col-sm-12 wpb_column column_container vc_column_container col no-extra-padding inherit_tablet inherit_phone flex_gap_desktop_10px\"  data-padding-pos=\"all\" data-has-bg-color=\"false\" data-bg-color=\"\" data-bg-opacity=\"1\" data-animation=\"\" data-delay=\"0\" >\n\t\t<div class=\"vc_column-inner\" >\n\t\t\t<div class=\"wpb_wrapper\">\n\t\t\t\t\n<div class=\"wpb_text_column wpb_content_element\" >\n\t<p>Los SocialReels son ideales para rotarlos junto con nuestros <a href=\"https:\/\/educare.design\/es\/shop\/socialsquares\/\" target=\"_self\" rel=\"noopener\">SocialSquares<\/a> y los <a href=\"https:\/\/educare.design\/es\/shop\/socialclips\/\" target=\"_self\" rel=\"noopener\">SocialClips<\/a> para maximizar el impacto del mensaje con coherencia conceptual y fuerza visual. Consulta la galer\u00eda de im\u00e1genes y cont\u00e1ctanos en <a href=\"mailto:shop@educare.design\" target=\"_blank\" rel=\"noopener\">shop@educare.design<\/a> si deseas ver ejemplos en tu idioma con tu logotipo y direcci\u00f3n web. \ud83d\udca5 \u00a1Pide <a href=\"https:\/\/educare.design\/es\/shop\/gran-paquete-social\/\" target=\"_blank\" rel=\"noopener\">The Big Social Package<\/a> y obt\u00e9n todos los SocialReels incluidos con un importante descuento!<\/p>\n<\/div>\n\n\n\n\n\t\t\t<\/div> \n\t\t<\/div>\n\t<\/div> \n<\/div><\/div>","protected":false},"excerpt":{"rendered":"<p><strong>\u00a1Un a\u00f1o completo de v\u00eddeos verticales para Stories, Reels y TikTok!<\/strong><br \/>\n<em>Personalizados con tu logotipo y tu sitio web \u2014 entregados listos para publicar.<\/em><\/p>\n<p>El paquete 50+ SocialReels proporciona a tu cl\u00ednica un a\u00f1o completo de comunicaci\u00f3n sanitaria optimizada en formato vertical \u2014 un Reel producido profesionalmente para cada semana del a\u00f1o, adem\u00e1s de felicitaciones estacionales adicionales. Dise\u00f1ados espec\u00edficamente para Facebook Stories, Instagram Reels y TikTok, estos clips verticales ayudan a tu cl\u00ednica a mantenerse visible, relevante y constantemente activa en las plataformas sociales modernas.<\/p>\n<p>Cada Reel se centra en prevenci\u00f3n, movimiento, postura, recuperaci\u00f3n, conciencia del estilo de vida y bienestar a largo plazo. El mensaje es conciso, seguro y positivo \u2014 estructurado para captar la atenci\u00f3n r\u00e1pidamente mientras refuerza la credibilidad profesional. En formato vertical, la interacci\u00f3n es inmediata. El contenido se percibe como nativo de la plataforma, no promocional.<\/p>\n<p>Los SocialReels se entregan como 50+ archivos MOV verticales en alta resoluci\u00f3n, personalizados con el logotipo y el sitio web de tu cl\u00ednica (opcional). Cada archivo est\u00e1 listo para publicarse al instante \u2014 sin edici\u00f3n, sin plantillas y sin tiempo de producci\u00f3n adicional.<\/p>\n<p>La visibilidad constante construye autoridad. Las publicaciones regulares mantienen a tu cl\u00ednica presente entre consultas y fomentan conductas de salud proactivas entre pacientes y su entorno. Al mantener un ritmo semanal estructurado, tu comunicaci\u00f3n se vuelve coherente, profesional y estrat\u00e9gicamente alineada.<\/p>\n<p>Los SocialReels se integran perfectamente con nuestros <a href=\"https:\/\/educare.design\/es\/shop\/socialclips\/\" target=\"_blank\">SocialClips<\/a> y <a href=\"https:\/\/educare.design\/es\/shop\/socialsquares\/\" target=\"_blank\">SocialSquares<\/a>, formando un ecosistema de contenido completo y visualmente coherente. Utilizados en conjunto, garantizan consistencia conceptual y fuerte reconocimiento de marca en formatos horizontal, cuadrado y vertical. Ideales para quiropr\u00e1cticos, oste\u00f3patas, fisioterapeutas y cl\u00ednicas multidisciplinares que desean elevar su presencia digital sin dedicar recursos internos a la producci\u00f3n de contenido.<\/p>\n<p>Cuando el engagement vertical importa \u2014 esta es tu soluci\u00f3n estructurada.<br \/>\nMantente visible. Mantente relevante. Mantente vertical.<\/p>\n<p><a href=\"https:\/\/www.youtube.com\/playlist?list=PLT01sXGVt7iRVMl6DfMwxvUbmdr3SrT3f\"><img loading=\"lazy\" decoding=\"async\" src=\"https:\/\/educare.design\/wp-content\/uploads\/2023\/12\/youtube-logo.png\" alt=\"\" width=\"55\" height=\"22\" class=\"alignleft size-full wp-image-17589\" \/><\/a>Visita nuestro <a href=\"https:\/\/www.youtube.com\/playlist?list=PLT01sXGVt7iRVMl6DfMwxvUbmdr3SrT3f\" target=\"_blank\" rel=\"noopener\">canal de YouTube<\/a> para previsualizar SocialReels.<\/p>\n<p><strong>Impulsa tu perfil social.<\/strong><br \/>\n<strong>\u2b07<\/strong> Pide aqu\u00ed.<\/p>","protected":false},"featured_media":17414,"template":"","meta":{"_acf_changed":false},"product_brand":[],"product_cat":[64],"product_tag":[],"class_list":{"0":"post-17412","1":"product","2":"type-product","3":"status-publish","4":"has-post-thumbnail","6":"product_cat-some","8":"first","9":"instock","10":"sale","11":"shipping-taxable","12":"purchasable","13":"product-type-variable","14":"has-default-attributes"},"acf":[],"jetpack_sharing_enabled":true,"_links":{"self":[{"href":"https:\/\/educare.design\/es\/wp-json\/wp\/v2\/product\/17412","targetHints":{"allow":["GET"]}}],"collection":[{"href":"https:\/\/educare.design\/es\/wp-json\/wp\/v2\/product"}],"about":[{"href":"https:\/\/educare.design\/es\/wp-json\/wp\/v2\/types\/product"}],"wp:featuredmedia":[{"embeddable":true,"href":"https:\/\/educare.design\/es\/wp-json\/wp\/v2\/media\/17414"}],"wp:attachment":[{"href":"https:\/\/educare.design\/es\/wp-json\/wp\/v2\/media?parent=17412"}],"wp:term":[{"taxonomy":"product_brand","embeddable":true,"href":"https:\/\/educare.design\/es\/wp-json\/wp\/v2\/product_brand?post=17412"},{"taxonomy":"product_cat","embeddable":true,"href":"https:\/\/educare.design\/es\/wp-json\/wp\/v2\/product_cat?post=17412"},{"taxonomy":"product_tag","embeddable":true,"href":"https:\/\/educare.design\/es\/wp-json\/wp\/v2\/product_tag?post=17412"}],"curies":[{"name":"wp","href":"https:\/\/api.w.org\/{rel}","templated":true}]}}