{"id":14768,"date":"2023-12-11T22:33:34","date_gmt":"2023-12-11T22:33:34","guid":{"rendered":"https:\/\/educare.design\/?post_type=product&#038;p=14768"},"modified":"2026-04-14T11:04:20","modified_gmt":"2026-04-14T11:04:20","slug":"mantente-mejor","status":"publish","type":"product","link":"https:\/\/educare.design\/es\/shop\/stay-better\/","title":{"rendered":"Mantente Mejor"},"content":{"rendered":"<div id=\"fws_69fa41702505c\"  data-column-margin=\"default\" data-midnight=\"dark\"  class=\"wpb_row vc_row-fluid vc_row\"  style=\"padding-top: 0px; padding-bottom: 0px; \"><div class=\"row-bg-wrap\" data-bg-animation=\"none\" data-bg-animation-delay=\"\" data-bg-overlay=\"false\"><div class=\"inner-wrap row-bg-layer\" ><div class=\"row-bg viewport-desktop\"  style=\"\"><\/div><\/div><\/div><div class=\"row_col_wrap_12 col span_12 dark left\">\n\t<div  class=\"vc_col-sm-12 wpb_column column_container vc_column_container col no-extra-padding inherit_tablet inherit_phone flex_gap_desktop_10px\"  data-padding-pos=\"all\" data-has-bg-color=\"false\" data-bg-color=\"\" data-bg-opacity=\"1\" data-animation=\"\" data-delay=\"0\" >\n\t\t<div class=\"vc_column-inner\" >\n\t\t\t<div class=\"wpb_wrapper\">\n\t\t\t\t\n<div class=\"wpb_text_column wpb_content_element\" >\n\t<p>Categor\u00eda:<br \/>\n<em><a href=\"https:\/\/educare.design\/es\/cat\/universal\/\" target=\"_blank\" rel=\"noopener\">Declaraciones Universales<\/a><\/em><br \/>\nFrecuentemente expuesto junto a:<br \/>\n<em><a href=\"https:\/\/educare.design\/es\/shop\/cabeza-bien-alta\/\" target=\"_blank\" rel=\"noopener\">Con la Cabeza en Alto<\/a><\/em>, <em><a href=\"https:\/\/educare.design\/es\/shop\/postura-correcta\/\" target=\"_blank\" rel=\"noopener\">Postura Correcta<\/a><\/em><\/p>\n<p>Disponible como <a href=\"https:\/\/educare.design\/es\/posters\/\" target=\"_blank\" rel=\"noopener\">p\u00f3ster<\/a> (<em>marcos no incluidos<\/em>), <a href=\"https:\/\/educare.design\/es\/impresiones-en-lienzo\/\" target=\"_blank\" rel=\"noopener\">impresiones en lienzo<\/a> (<em>con marcos integrados<\/em>), <a href=\"https:\/\/educare.design\/es\/pancartas-enrollables\/\" target=\"_blank\" rel=\"noopener\">rollup retr\u00e1ctil<\/a> y <a href=\"https:\/\/educare.design\/es\/digital-pdf-files\/\" target=\"_blank\" rel=\"noopener\">archivos PDF<\/a>. Explora la galer\u00eda de im\u00e1genes para ver las opciones disponibles para esta obra, incl. <a href=\"https:\/\/educare.design\/es\/sizes-types\/\" target=\"_blank\" rel=\"noopener\">tipos y tama\u00f1os<\/a>, ubicaci\u00f3n opcional del logotipo y las diez versiones en diferentes idiomas. <strong>Nota:<\/strong> Rollup banner is designed for customisation with your clinic&#8217;s logo, website, address and phone number. \u2710 <em>Nos pondremos en contacto contigo para la personalizaci\u00f3n.<\/em><\/p>\n<p><span style=\"color: #488693;\"><strong>\u2605\u2605\u2605\u2605\u2605<\/strong><\/span> <em>\"Me encanta, muy contenta con mi pedido!\"<\/em> - \ud83c\udde9\ud83c\uddea <a href=\"https:\/\/www.instagram.com\/karolinefliegel\/\" target=\"_blank\" rel=\"noopener\">DC Fliegel<\/a><\/p>\n<\/div>\n\n\n\n\n\t\t\t<\/div> \n\t\t<\/div>\n\t<\/div> \n<\/div><\/div>","protected":false},"excerpt":{"rendered":"<p><strong>Quieres sentirte mejor hoy.<\/strong><br \/>\n<em>\u00a1Queremos que sigas estando mejor ma\u00f1ana!<\/em><\/p>\n<p>P\u00f3ster sobre prevenci\u00f3n que ilustra la transici\u00f3n del malestar al bienestar y fomenta el mantenimiento de la salud a largo plazo.<\/p>\n<p>Este p\u00f3ster de la serie Mensajes de Cuidado comunica uno de los principios m\u00e1s importantes de la atenci\u00f3n sanitaria moderna: aliviar el dolor es solo el primer paso \u2014 mantener la salud es el verdadero objetivo. Muchos pacientes buscan atenci\u00f3n solo cuando aparece el dolor. Sin embargo, los profesionales sanitarios saben que el bienestar a largo plazo depende a menudo de la prevenci\u00f3n, el mantenimiento y la atenci\u00f3n temprana a los cambios f\u00edsicos.<\/p>\n<p>El mensaje destaca esta diferencia de perspectiva. Los pacientes llegan esperando sentirse mejor hoy, mientras que los profesionales de la salud se centran en ayudarles a mantenerse bien ma\u00f1ana. Al presentar esta idea de forma simple y visualmente atractiva, el p\u00f3ster anima a los pacientes a considerar el valor de la prevenci\u00f3n a largo plazo. La obra incluye un divertido \u201cterm\u00f3metro del malestar al bienestar\u201d que ilustra el recorrido desde la incomodidad hacia el bienestar. El gr\u00e1fico aporta un tono ligero y accesible mientras refuerza el concepto cl\u00ednico del mensaje.<\/p>\n<p>Expuesto en zonas de recepci\u00f3n, salas de tratamiento o espacios de consulta, el p\u00f3ster llama la atenci\u00f3n inmediatamente y a menudo se convierte en un punto de partida natural para conversaciones sobre cuidado de mantenimiento, h\u00e1bitos de vida y estrategias de salud a largo plazo.<\/p>\n<p><a href=\"https:\/\/youtu.be\/Ky-cvzF7AP4\"><img loading=\"lazy\" decoding=\"async\" class=\"alignleft size-full wp-image-17589\" src=\"https:\/\/educare.design\/wp-content\/uploads\/2023\/12\/youtube-logo.png\" alt=\"\" width=\"55\" height=\"22\" \/><\/a>Mira la obra <a href=\"https:\/\/youtu.be\/Ky-cvzF7AP4\" target=\"_blank\" rel=\"noopener\">aqu\u00ed<\/a> en YouTube.<\/p>\n<p>\ud83c\uddec\ud83c\udde7 <a href=\"https:\/\/educare.design\/wp-content\/uploads\/2023\/12\/Stay-Better_english.jpg\" target=\"_blank\" rel=\"noopener\">View more details of the English version.<\/a><br \/>\n\ud83c\uddee\ud83c\uddf9 <a href=\"https:\/\/educare.design\/wp-content\/uploads\/2023\/12\/Stay-Better_italian.jpg\" target=\"_blank\" rel=\"noopener\">Vedi i dettagli della versione italiana.<\/a><br \/>\n\ud83c\uddea\ud83c\uddf8 <a href=\"https:\/\/educare.design\/wp-content\/uploads\/2023\/12\/Stay-Better_spanish.jpg\" target=\"_blank\" rel=\"noopener\">Ver detalles de la versi\u00f3n en espa\u00f1ol.<\/a><br \/>\n\ud83c\udde9\ud83c\uddea <a href=\"https:\/\/educare.design\/wp-content\/uploads\/2023\/12\/Stay-Better_german.jpg\" target=\"_blank\" rel=\"noopener\">Details zur deutschen Version anzeigen.<\/a><br \/>\n\ud83c\uddeb\ud83c\uddf7 <a href=\"https:\/\/educare.design\/wp-content\/uploads\/2023\/12\/Stay-Better_french.jpg\" target=\"_blank\" rel=\"noopener\">Voir les d\u00e9tails de la version fran\u00e7aise.<\/a><br \/>\n\ud83c\uddf3\ud83c\uddf1 <a href=\"https:\/\/educare.design\/wp-content\/uploads\/2023\/12\/Stay-Better_dutch.jpg\" target=\"_blank\" rel=\"noopener\">Bekijk details van de Nederlandse versie.<\/a><br \/>\n\ud83c\uddf5\ud83c\uddf9 <a href=\"https:\/\/educare.design\/wp-content\/uploads\/2023\/12\/Stay-Better_portuguese.jpg\" target=\"_blank\" rel=\"noopener\">Veja mais detalhes da vers\u00e3o portuguesa.<\/a><br \/>\n\ud83c\uddf8\ud83c\uddea <a href=\"https:\/\/educare.design\/wp-content\/uploads\/2023\/12\/Stay-Better_svensk.jpg\" target=\"_blank\" rel=\"noopener\">Se fler detaljer om den svenska versionen.<\/a><br \/>\n\ud83c\uddf3\ud83c\uddf4 <a href=\"https:\/\/educare.design\/wp-content\/uploads\/2023\/12\/Stay-Better_norsk.jpg\" target=\"_blank\" rel=\"noopener\">Se flere detaljer om den norske versjonen.<\/a><br \/>\n\ud83c\udde9\ud83c\uddf0 <a href=\"https:\/\/educare.design\/wp-content\/uploads\/2023\/12\/Stay-Better_dansk.jpg\" target=\"_blank\" rel=\"noopener\">Se flere detaljer af den danske version.<\/a><\/p>\n<p><strong>Incorp\u00f3ralo a tu cl\u00ednica.<\/strong><br \/>\n<strong>\u2b07<\/strong> Pide aqu\u00ed.<\/p>","protected":false},"featured_media":14788,"template":"","meta":{"_acf_changed":false},"product_brand":[],"product_cat":[66,546],"product_tag":[],"class_list":{"0":"post-14768","1":"product","2":"type-product","3":"status-publish","4":"has-post-thumbnail","6":"product_cat-care","7":"product_cat-universal","9":"first","10":"instock","11":"shipping-taxable","12":"purchasable","13":"product-type-variable","14":"has-default-attributes"},"acf":[],"jetpack_sharing_enabled":true,"_links":{"self":[{"href":"https:\/\/educare.design\/es\/wp-json\/wp\/v2\/product\/14768","targetHints":{"allow":["GET"]}}],"collection":[{"href":"https:\/\/educare.design\/es\/wp-json\/wp\/v2\/product"}],"about":[{"href":"https:\/\/educare.design\/es\/wp-json\/wp\/v2\/types\/product"}],"wp:featuredmedia":[{"embeddable":true,"href":"https:\/\/educare.design\/es\/wp-json\/wp\/v2\/media\/14788"}],"wp:attachment":[{"href":"https:\/\/educare.design\/es\/wp-json\/wp\/v2\/media?parent=14768"}],"wp:term":[{"taxonomy":"product_brand","embeddable":true,"href":"https:\/\/educare.design\/es\/wp-json\/wp\/v2\/product_brand?post=14768"},{"taxonomy":"product_cat","embeddable":true,"href":"https:\/\/educare.design\/es\/wp-json\/wp\/v2\/product_cat?post=14768"},{"taxonomy":"product_tag","embeddable":true,"href":"https:\/\/educare.design\/es\/wp-json\/wp\/v2\/product_tag?post=14768"}],"curies":[{"name":"wp","href":"https:\/\/api.w.org\/{rel}","templated":true}]}}