{"id":33134,"date":"2024-01-25T13:50:42","date_gmt":"2024-01-25T13:50:42","guid":{"rendered":"https:\/\/educare.design\/?post_type=product&#038;p=33134"},"modified":"2026-04-07T18:49:44","modified_gmt":"2026-04-07T18:49:44","slug":"nihilist-penguin","status":"publish","type":"product","link":"https:\/\/educare.design\/de\/shop\/nihilist-penguin\/","title":{"rendered":"Der Nihilistische Pinguin"},"content":{"rendered":"<div id=\"fws_6a00ca5a2179e\"  data-column-margin=\"default\" data-midnight=\"dark\"  class=\"wpb_row vc_row-fluid vc_row\"  style=\"padding-top: 0px; padding-bottom: 0px; \"><div class=\"row-bg-wrap\" data-bg-animation=\"none\" data-bg-animation-delay=\"\" data-bg-overlay=\"false\"><div class=\"inner-wrap row-bg-layer\" ><div class=\"row-bg viewport-desktop\"  style=\"\"><\/div><\/div><\/div><div class=\"row_col_wrap_12 col span_12 dark left\">\n\t<div  class=\"vc_col-sm-12 wpb_column column_container vc_column_container col no-extra-padding inherit_tablet inherit_phone flex_gap_desktop_10px\"  data-padding-pos=\"all\" data-has-bg-color=\"false\" data-bg-color=\"\" data-bg-opacity=\"1\" data-animation=\"\" data-delay=\"0\" >\n\t\t<div class=\"vc_column-inner\" >\n\t\t\t<div class=\"wpb_wrapper\">\n\t\t\t\t\n<div class=\"wpb_text_column wpb_content_element\" >\n\t<p>Kategorie:<br \/>\n<em><a href=\"https:\/\/educare.design\/de\/cat\/pop-art\/\" target=\"_blank\" rel=\"noopener\">Pop Art &amp; Abstrakte Kunst<\/a><\/em><br \/>\nH\u00e4ufig kombiniert mit:<br \/>\n<em><a href=\"https:\/\/educare.design\/de\/shop\/get-adjusted\/\" target=\"_blank\" rel=\"noopener\">Get Adjusted!<\/a><\/em><\/p>\n<p>Erh\u00e4ltlich als <a href=\"https:\/\/educare.design\/de\/posters\/\" target=\"_blank\" rel=\"noopener\">Posterdrucke<\/a> (<em>Rahmen nicht enthalten<\/em>), <a href=\"https:\/\/educare.design\/de\/leinwanddrucke\/\" target=\"_blank\" rel=\"noopener\">Leinwanddrucke<\/a> (<em>mit integrierten Rahmen<\/em>), und zum Selbstdrucken <a href=\"https:\/\/educare.design\/de\/digital-pdf-files\/\" target=\"_blank\" rel=\"noopener\">PDF-Dateien<\/a>. Durchst\u00f6bere die Bildergalerie, um die verf\u00fcgbaren Optionen f\u00fcr dieses Motiv zu sehen, inkl. <a href=\"https:\/\/educare.design\/de\/sizes-types\/\" target=\"_blank\" rel=\"noopener\">Typen und Gr\u00f6\u00dfen<\/a>, optionale Logo-Platzierung und die zehn Sprachversionen! \ud83c\udf81 <em>Ein leise brillantes Geschenk f\u00fcr Kolleginnen und Kollegen, die sowohl Struktur als auch Ironie verstehen\u2026<\/em><\/p>\n<p><span style=\"color: #488693;\"><strong>\u2605\u2605\u2605\u2605\u2605<\/strong><\/span> <em>\u201cGreat quality posters, fast response time and service, awesome contact!\u201d<\/em> - \ud83c\udde9\ud83c\uddea <a href=\"https:\/\/www.trustpilot.com\/review\/educare.design\" target=\"_blank\" rel=\"noopener\">Doctor Lemke<\/a><\/p>\n<\/div>\n\n\n\n\n\t\t\t<\/div> \n\t\t<\/div>\n\t<\/div> \n<\/div><\/div>","protected":false},"excerpt":{"rendered":"<p>Ein trockenes, intelligentes Kunstwerk, inspiriert vom kargen dokumentarischen Ton von Werner Herzogs \u201eDer Nihilistische Pinguin\u201c, in dem sich ein einzelner Pinguin scheinbar von einem unerkl\u00e4rlichen Impuls getrieben von der Kolonie entfernt und in die weite, gleichg\u00fcltige Leere aufbricht. Die Erz\u00e4hlung ist feierlich. Das Ende scheint unausweichlich. Niemand wei\u00df, warum <em>\u2026 bis die zweite Sprechblase alles neu einordnet.<\/em><\/p>\n<p>Die stille Absurdit\u00e4t entsteht im Kontrast. Die gro\u00dfe, fatalistische Erz\u00e4hlung trifft auf eine v\u00f6llig praktische Erkl\u00e4rung. Der Humor ist subtil und trocken \u2014 einer, der Aufmerksamkeit belohnt, statt sie einzufordern. Keine laute Komik. Sondern atmosph\u00e4rische Ironie.<\/p>\n<p>Im Empfangsbereich, im Beratungsraum oder im Behandlungszimmer verleiht dieses Kunstwerk Charakter ohne Unruhe. Es signalisiert Intelligenz und Selbstvertrauen; die F\u00e4higkeit, Humor zu sch\u00e4tzen, ohne Professionalit\u00e4t zu verlieren. Patienten bemerken es. Manche l\u00e4cheln sofort. Andere lesen zweimal \u2014 und l\u00e4cheln dann.<\/p>\n<p><strong>Machen Sie es pers\u00f6nlich!<\/strong><br \/>\nIm Kunstwerk wird der Platzhalter \u201e<span style=\"color: #c48b2c;\"><strong>NAME IHRER PRAXIS<\/strong><\/span>\u201c durch den tats\u00e4chlichen Namen Ihrer Praxis ersetzt, sodass Ihre Praxis Teil der Erz\u00e4hlung wird. <em>Nach dem Kauf kontaktieren wir Sie, um die Personalisierung abzustimmen.<\/em><\/p>\n<p><a href=\"https:\/\/youtu.be\/YKN2sIKpb9M\"><img loading=\"lazy\" decoding=\"async\" class=\"alignleft size-full wp-image-17589\" src=\"https:\/\/educare.design\/wp-content\/uploads\/2023\/12\/youtube-logo.png\" alt=\"\" width=\"55\" height=\"22\" \/><\/a>Dieses Kunstwerk ansehen <a href=\"https:\/\/youtu.be\/YKN2sIKpb9M\" target=\"_blank\" rel=\"noopener\">hier<\/a> auf YouTube an.<\/p>\n<p>\ud83c\uddec\ud83c\udde7 <a href=\"https:\/\/educare.design\/wp-content\/uploads\/2026\/02\/Nihilist-Penguin_english.jpg\" target=\"_blank\" rel=\"noopener\">View more details of the English version.<\/a><br \/>\n\ud83c\uddee\ud83c\uddf9 <a href=\"https:\/\/educare.design\/wp-content\/uploads\/2026\/02\/Nihilist-Penguin_italian.jpg\" target=\"_blank\" rel=\"noopener\">Vedi i dettagli della versione italiana.<\/a><br \/>\n\ud83c\uddea\ud83c\uddf8 <a href=\"https:\/\/educare.design\/wp-content\/uploads\/2026\/02\/Nihilist-Penguin_spanish.jpg\" target=\"_blank\" rel=\"noopener\">Ver detalles de la versi\u00f3n en espa\u00f1ol.<\/a><br \/>\n\ud83c\udde9\ud83c\uddea <a href=\"https:\/\/educare.design\/wp-content\/uploads\/2026\/02\/Nihilist-Penguin_german.jpg\" target=\"_blank\" rel=\"noopener\">Details zur deutschen Version anzeigen.<\/a><br \/>\n\ud83c\uddeb\ud83c\uddf7 <a href=\"https:\/\/educare.design\/wp-content\/uploads\/2026\/02\/Nihilist-Penguin_french.jpg\" target=\"_blank\" rel=\"noopener\">Voir les d\u00e9tails de la version fran\u00e7aise.<\/a><br \/>\n\ud83c\uddf3\ud83c\uddf1 <a href=\"https:\/\/educare.design\/wp-content\/uploads\/2026\/02\/Nihilist-Penguin_dutch.jpg\" target=\"_blank\" rel=\"noopener\">Bekijk details van de Nederlandse versie.<\/a><br \/>\n\ud83c\uddf5\ud83c\uddf9 <a href=\"https:\/\/educare.design\/wp-content\/uploads\/2026\/02\/Nihilist-Penguin_portuguese.jpg\" target=\"_blank\" rel=\"noopener\">Veja mais detalhes da vers\u00e3o portuguesa.<\/a><br \/>\n\ud83c\uddf8\ud83c\uddea <a href=\"https:\/\/educare.design\/wp-content\/uploads\/2026\/02\/Nihilist-Penguin_svensk.jpg\" target=\"_blank\" rel=\"noopener\">Se fler detaljer om den svenska versionen.<\/a><br \/>\n\ud83c\uddf3\ud83c\uddf4 <a href=\"https:\/\/educare.design\/wp-content\/uploads\/2026\/02\/Nihilist-Penguin_norsk.jpg\" target=\"_blank\" rel=\"noopener\">Se flere detaljer om den norske versjonen.<\/a><br \/>\n\ud83c\udde9\ud83c\uddf0 <a href=\"https:\/\/educare.design\/wp-content\/uploads\/2026\/02\/Nihilist-Penguin_dansk.jpg\" target=\"_blank\" rel=\"noopener\">Se flere detaljer fra den danske version.<\/a><\/p>\n<p><strong>Integriere es in deine Praxis!<\/strong><br \/>\n<strong>\u2b07<\/strong> Hier bestellen.<\/p>","protected":false},"featured_media":33655,"template":"","meta":{"_acf_changed":false},"product_brand":[],"product_cat":[452,546],"product_tag":[],"class_list":{"0":"post-33134","1":"product","2":"type-product","3":"status-publish","4":"has-post-thumbnail","6":"product_cat-pop-art","7":"product_cat-universal","9":"first","10":"instock","11":"shipping-taxable","12":"purchasable","13":"product-type-variable","14":"has-default-attributes"},"acf":[],"jetpack_sharing_enabled":true,"_links":{"self":[{"href":"https:\/\/educare.design\/de\/wp-json\/wp\/v2\/product\/33134","targetHints":{"allow":["GET"]}}],"collection":[{"href":"https:\/\/educare.design\/de\/wp-json\/wp\/v2\/product"}],"about":[{"href":"https:\/\/educare.design\/de\/wp-json\/wp\/v2\/types\/product"}],"wp:featuredmedia":[{"embeddable":true,"href":"https:\/\/educare.design\/de\/wp-json\/wp\/v2\/media\/33655"}],"wp:attachment":[{"href":"https:\/\/educare.design\/de\/wp-json\/wp\/v2\/media?parent=33134"}],"wp:term":[{"taxonomy":"product_brand","embeddable":true,"href":"https:\/\/educare.design\/de\/wp-json\/wp\/v2\/product_brand?post=33134"},{"taxonomy":"product_cat","embeddable":true,"href":"https:\/\/educare.design\/de\/wp-json\/wp\/v2\/product_cat?post=33134"},{"taxonomy":"product_tag","embeddable":true,"href":"https:\/\/educare.design\/de\/wp-json\/wp\/v2\/product_tag?post=33134"}],"curies":[{"name":"wp","href":"https:\/\/api.w.org\/{rel}","templated":true}]}}