{"id":32803,"date":"2022-05-28T05:18:02","date_gmt":"2022-05-28T05:18:02","guid":{"rendered":"https:\/\/educare.design\/?post_type=product&#038;p=32803"},"modified":"2026-04-14T14:57:25","modified_gmt":"2026-04-14T14:57:25","slug":"postural-control-set","status":"publish","type":"product","link":"https:\/\/educare.design\/de\/shop\/postural-control-set\/","title":{"rendered":"Set Haltungs\u00adkontrolle"},"content":{"rendered":"<div id=\"fws_69ffc13e3a100\"  data-column-margin=\"default\" data-midnight=\"dark\"  class=\"wpb_row vc_row-fluid vc_row\"  style=\"padding-top: 0px; padding-bottom: 0px; \"><div class=\"row-bg-wrap\" data-bg-animation=\"none\" data-bg-animation-delay=\"\" data-bg-overlay=\"false\"><div class=\"inner-wrap row-bg-layer\" ><div class=\"row-bg viewport-desktop\"  style=\"\"><\/div><\/div><\/div><div class=\"row_col_wrap_12 col span_12 dark left\">\n\t<div  class=\"vc_col-sm-12 wpb_column column_container vc_column_container col no-extra-padding inherit_tablet inherit_phone flex_gap_desktop_10px\"  data-padding-pos=\"all\" data-has-bg-color=\"false\" data-bg-color=\"\" data-bg-opacity=\"1\" data-animation=\"\" data-delay=\"0\" >\n\t\t<div class=\"vc_column-inner\" >\n\t\t\t<div class=\"wpb_wrapper\">\n\t\t\t\t\n<div class=\"wpb_text_column wpb_content_element\" >\n\t<p>Kategorie:<br \/>\n<em><a href=\"https:\/\/educare.design\/de\/cat\/sets-on-sale\/\" target=\"_blank\" rel=\"noopener\">Sets im Angebot<\/a><\/em><br \/>\nH\u00e4ufig kombiniert mit:<br \/>\n<em><a href=\"https:\/\/educare.design\/de\/shop\/anatomisches-poster-haltung\/\" target=\"_blank\">Das Haltungs-Chart<\/a><\/em><\/p>\n<p>Sets im Angebot sind ausschlie\u00dflich als <a href=\"https:\/\/educare.design\/de\/posters\/\" target=\"_blank\" rel=\"noopener\">Posterdrucke<\/a> und <a href=\"https:\/\/educare.design\/de\/leinwanddrucke\/\" target=\"_blank\" rel=\"noopener\">Leinwanddrucke<\/a>. Die Sprachoptionen finden Sie auf den jeweiligen Produktseiten. \u26a0\ufe0f Hinweis: <em>Sets im Angebot k\u00f6nnen nicht mit Gutscheincodes erworben werden, und die enthaltenen Werke k\u00f6nnen nicht ausgetauscht werden.<\/em><\/p>\n<p><span style=\"color: #488693;\"><strong>\u2605\u2605\u2605\u2605\u2605<\/strong><\/span> <em>\u201cThe anatomical posters are so beautiful, l love them. Worth every penny.\u201d<\/em> \u2013 \ud83c\uddf8\ud83c\uddea <a href=\"https:\/\/uk.trustpilot.com\/reviews\/685d87d3b0b5e49cc1b8dc99\" target=\"_blank\" rel=\"noopener\">DC Kenneth Anderss<\/a><\/p>\n<\/div>\n\n\n\n\n\t\t\t<\/div> \n\t\t<\/div>\n\t<\/div> \n<\/div><\/div>","protected":false},"excerpt":{"rendered":"<p><span style=\"color: #b30885;\"><strong>Sparen Sie 25 % auf dieses 3er-Set.<\/strong><\/span><br \/>\nEine strukturierte \u00dcbersicht \u00fcber Haltung und Bewegung in drei aufeinander abgestimmten anatomischen Schaubildern. Dieses Set verbindet statische Ausrichtung mit dynamischer Gangmechanik in einer koh\u00e4renten, praxisgerechten Kollektion f\u00fcr effiziente Patientenaufkl\u00e4rung.<\/p>\n<p><a href=\"https:\/\/educare.design\/de\/shop\/good-postural-control\/\" target=\"_blank\">Gute Posturale Kontrolle<\/a> zeigt ausgewogene Ausrichtung und Lastverteilung \u2014 eine visuelle Referenz f\u00fcr optimale strukturelle Organisation.<br \/>\n<a href=\"https:\/\/educare.design\/de\/shop\/poor-postural-control\/\" target=\"_blank\">Eingeschr\u00e4nkte Haltungskontrolle<\/a> verdeutlicht Kompensationsmuster und Asymmetrien \u2014 und unterst\u00fctzt eine klare Erkl\u00e4rung von Dysfunktion und Ungleichgewicht.<br \/>\n<a href=\"https:\/\/educare.design\/de\/shop\/gait-cycle-and-kinetic-chain\/\" target=\"_blank\">Der Gangzyklus und die Kinetische Kette<\/a> stellt Bewegungsphasen und intersegmentale Koordination dar \u2014 und verbindet Haltung mit Fortbewegung.<\/p>\n<p>Gemeinsam bilden die drei Werke ein umfassendes Haltungsreferenzsystem, das pr\u00e4gnante Erkl\u00e4rung, visuelle Klarheit und professionelle Pr\u00e4sentation in Behandlungsr\u00e4umen unterst\u00fctzt.<\/p>\n<p>Sparen Sie 25 % beim Kauf des vollst\u00e4ndigen Sets \u2014 und schaffen Sie einen Bereich f\u00fcr Haltung und Gang, der bewusst gestaltet statt zuf\u00e4llig zusammengestellt wirkt.<\/p>\n<p><strong>Kostenlose Personalisierung mit dem Namen Ihrer Klinik.<\/strong><br \/>\nF\u00fcr dieses Set bieten wir an, den Namen Ihrer Praxis (oder Ihre Website-Adresse) kostenlos hinzuzuf\u00fcgen. Der Name ersetzt die derzeitige Unterzeile auf den Werken.<\/p>\n<p><strong>Black Edition.<\/strong><br \/>\nDieses Set ist auch in einer speziellen Black Edition erh\u00e4ltlich, die in der Bildergalerie angezeigt werden kann.<\/p>\n<p><a href=\"https:\/\/youtu.be\/COvMbpUie4w\"><img loading=\"lazy\" decoding=\"async\" class=\"alignleft size-full wp-image-17589\" src=\"https:\/\/educare.design\/wp-content\/uploads\/2023\/12\/youtube-logo.png\" alt=\"\" width=\"55\" height=\"22\" \/><\/a>Dieses Set ansehen <a href=\"https:\/\/youtu.be\/COvMbpUie4w\" target=\"_blank\" rel=\"noopener\">hier<\/a> auf YouTube an.<\/p>\n<p><strong>Erg\u00e4nzen Sie Ihre Praxis mit diesem Set.<\/strong><br \/>\n<strong>\u2b07<\/strong> Hier bestellen.<\/p>","protected":false},"featured_media":32814,"template":"","meta":{"_acf_changed":false},"product_brand":[],"product_cat":[505],"product_tag":[],"class_list":{"0":"post-32803","1":"product","2":"type-product","3":"status-publish","4":"has-post-thumbnail","6":"product_cat-sets-on-sale","8":"first","9":"instock","10":"sale","11":"shipping-taxable","12":"purchasable","13":"product-type-variable","14":"has-default-attributes"},"acf":[],"jetpack_sharing_enabled":true,"_links":{"self":[{"href":"https:\/\/educare.design\/de\/wp-json\/wp\/v2\/product\/32803","targetHints":{"allow":["GET"]}}],"collection":[{"href":"https:\/\/educare.design\/de\/wp-json\/wp\/v2\/product"}],"about":[{"href":"https:\/\/educare.design\/de\/wp-json\/wp\/v2\/types\/product"}],"wp:featuredmedia":[{"embeddable":true,"href":"https:\/\/educare.design\/de\/wp-json\/wp\/v2\/media\/32814"}],"wp:attachment":[{"href":"https:\/\/educare.design\/de\/wp-json\/wp\/v2\/media?parent=32803"}],"wp:term":[{"taxonomy":"product_brand","embeddable":true,"href":"https:\/\/educare.design\/de\/wp-json\/wp\/v2\/product_brand?post=32803"},{"taxonomy":"product_cat","embeddable":true,"href":"https:\/\/educare.design\/de\/wp-json\/wp\/v2\/product_cat?post=32803"},{"taxonomy":"product_tag","embeddable":true,"href":"https:\/\/educare.design\/de\/wp-json\/wp\/v2\/product_tag?post=32803"}],"curies":[{"name":"wp","href":"https:\/\/api.w.org\/{rel}","templated":true}]}}