{"id":30994,"date":"2025-01-29T13:10:18","date_gmt":"2025-01-29T13:10:18","guid":{"rendered":"https:\/\/educare.design\/"},"modified":"2026-04-07T06:40:44","modified_gmt":"2026-04-07T06:40:44","slug":"dna-chemie-geschlechtschromosomen-anatomietafel","status":"publish","type":"product","link":"https:\/\/educare.design\/de\/shop\/dna-chemistry-chart\/","title":{"rendered":"DNA-Chemie und Geschlechtschromosomen"},"content":{"rendered":"<div id=\"fws_69ffa3f5521b5\"  data-column-margin=\"default\" data-midnight=\"dark\"  class=\"wpb_row vc_row-fluid vc_row\"  style=\"padding-top: 0px; padding-bottom: 0px; \"><div class=\"row-bg-wrap\" data-bg-animation=\"none\" data-bg-animation-delay=\"\" data-bg-overlay=\"false\"><div class=\"inner-wrap row-bg-layer\" ><div class=\"row-bg viewport-desktop\"  style=\"\"><\/div><\/div><\/div><div class=\"row_col_wrap_12 col span_12 dark left\">\n\t<div  class=\"vc_col-sm-12 wpb_column column_container vc_column_container col no-extra-padding inherit_tablet inherit_phone flex_gap_desktop_10px\"  data-padding-pos=\"all\" data-has-bg-color=\"false\" data-bg-color=\"\" data-bg-opacity=\"1\" data-animation=\"\" data-delay=\"0\" >\n\t\t<div class=\"vc_column-inner\" >\n\t\t\t<div class=\"wpb_wrapper\">\n\t\t\t\t\n<div class=\"wpb_text_column wpb_content_element\" >\n\t<p>Teil von:<br \/>\n<em><a href=\"https:\/\/educare.design\/de\/item\/reproductive-health\/\" target=\"_blank\" rel=\"noopener\">Reproduktive Gesundheit<\/a><\/em><br \/>\nH\u00e4ufig kombiniert mit:<br \/>\n<em><a href=\"https:\/\/educare.design\/de\/shop\/physiologische-ebenen-mensch-anatomietafel\/\" target=\"_blank\" rel=\"noopener\">Unsere Physiologischen Ebenen<\/a><\/em>, <em><a href=\"https:\/\/educare.design\/de\/shop\/gametogenesis\/\" target=\"_blank\" rel=\"noopener\">Gametogenese-Set<\/a><\/em><\/p>\n<p>Erh\u00e4ltlich als <a href=\"https:\/\/educare.design\/de\/posters\/\" target=\"_blank\" rel=\"noopener\">Posterdrucke<\/a> (<em>Rahmen nicht enthalten<\/em>), <a href=\"https:\/\/educare.design\/de\/leinwanddrucke\/\" target=\"_blank\" rel=\"noopener\">Leinwanddrucke<\/a> (<em>mit integrierten Rahmen<\/em>), und zum Selbstdrucken <a href=\"https:\/\/educare.design\/de\/digital-pdf-files\/\" target=\"_blank\" rel=\"noopener\">PDF-Dateien<\/a>. Durchst\u00f6bere die Bildergalerie, um die verf\u00fcgbaren Optionen f\u00fcr dieses Motiv zu sehen, inkl. <a href=\"https:\/\/educare.design\/de\/sizes-types\/\" target=\"_blank\" rel=\"noopener\">Typen und Gr\u00f6\u00dfen<\/a>, optionale Platzierung von Name oder Website sowie die zehn Sprachversionen!<\/p>\n<p><span style=\"color: #488693;\"><strong>\u2605\u2605\u2605\u2605\u2605<\/strong><\/span> <em>\u201cVery good quality, very reactive. Thank you!\u201d<\/em> \u2013 \ud83c\uddeb\ud83c\uddf7 <a href=\"https:\/\/maps.app.goo.gl\/F1TRoeQK37rWe8pJ7\" target=\"_blank\" rel=\"noopener\">Dr. Cristian Padurariu<\/a><\/p>\n<\/div>\n\n\n\n\n\t\t\t<\/div> \n\t\t<\/div>\n\t<\/div> \n<\/div><\/div>","protected":false},"excerpt":{"rendered":"<p>Eine elegante visuelle Einf\u00fchrung in die Chemie der DNA und die Grundlagen der biologischen Geschlechtsbestimmung; DNA-Chemie und Geschlechtschromosomen pr\u00e4sentiert die ikonische Doppelhelix in einem klaren, modernen Format, das die Molekularbiologie unmittelbar zug\u00e4nglich macht. Das Chart hebt die vier Stickstoffbasen \u2014 Guanin, Cytosin, Thymin und Adenin \u2014 hervor und veranschaulicht deutlich ihre komplement\u00e4re Basenpaarung (G\u2013C und A\u2013T), wodurch die strukturelle Logik der genetischen Codierung verst\u00e4ndlich wird.<\/p>\n<p>Am unteren Ende der Helix f\u00fchrt das Chart die chromosomale Unterscheidung zwischen XX und XY ein und verkn\u00fcpft die DNA-Chemie pr\u00e4gnant und visuell einpr\u00e4gsam mit den Geschlechtschromosomen. Anstatt mit biochemischer Detailf\u00fclle zu \u00fcberfordern, legt das Design den Schwerpunkt auf Klarheit \u2014 es vermittelt wesentliche Prinzipien, ohne wissenschaftliche Genauigkeit einzub\u00fc\u00dfen.<\/p>\n<p><strong>Ein spielerischer Zugang zu ernsthafter Wissenschaft.<\/strong><br \/>\nObwohl in der Molekularbiologie verankert, enth\u00e4lt die \u00dcberschrift eine subtile humorvolle Note, die zur Auseinandersetzung einl\u00e4dt. Sie erm\u00f6glicht es Fachkr\u00e4ften und Lehrenden, Genetik verst\u00e4ndlich zu erkl\u00e4ren, ohne den Inhalt zu trivialisieren. Das Gleichgewicht zwischen wissenschaftlicher Integrit\u00e4t und visueller Einfachheit macht das Chart f\u00fcr eine Vielzahl professioneller Umgebungen geeignet.<\/p>\n<p>Ideal f\u00fcr Arztpraxen, chiropraktische und physiotherapeutische Einrichtungen mit erweitertem Bildungsanspruch, Zentren f\u00fcr Fertilit\u00e4t und reproduktive Gesundheit, Biologieunterricht sowie multidisziplin\u00e4re Gesundheitseinrichtungen, fungiert Ladies &amp; Gentlemen sowohl als Lehrmittel als auch als Gespr\u00e4chsansto\u00df. Die minimalistische \u00c4sthetik erg\u00e4nzt moderne Innenr\u00e4ume und vermittelt zugleich fundierten wissenschaftlichen Inhalt. Sie verwandelt die Doppelhelix von einem abstrakten Konzept in einen klaren visuellen Anker \u2014 Wissenschaft, die lange im Ged\u00e4chtnis bleibt.<\/p>\n<p><strong>Kostenlose Personalisierung mit dem Namen Ihrer Klinik.<\/strong><br \/>\nF\u00fcr dieses Kunstwerk bieten wir an, den Namen Ihrer Klinik (oder Ihre Website-Adresse) kostenlos hinzuzuf\u00fcgen! Der Name wird anstelle der aktuellen Unter\u00fcberschrift auf dem Kunstwerk angezeigt. Eine Abbildung davon finden Sie in der Bildergalerie.<\/p>\n<p><a href=\"https:\/\/youtu.be\/Ivt6ZwUSZa4\"><img loading=\"lazy\" decoding=\"async\" class=\"alignleft size-full wp-image-17589\" src=\"https:\/\/educare.design\/wp-content\/uploads\/2023\/12\/youtube-logo.png\" alt=\"\" width=\"55\" height=\"22\" \/><\/a>Dieses Diagramm anzeigen <a href=\"https:\/\/youtu.be\/Ivt6ZwUSZa4\" target=\"_blank\" rel=\"noopener\">hier<\/a> auf YouTube an.<\/p>\n<p><strong>Black Edition.<\/strong><br \/>\nDieses Chart ist auch in einer speziellen schwarzen Edition erh\u00e4ltlich, die in der Bildergalerie zu sehen ist.<\/p>\n<p>\ud83c\uddec\ud83c\udde7 <a href=\"https:\/\/educare.design\/wp-content\/uploads\/2025\/08\/Ladies-and-Gentlemen_english.jpg\" target=\"_blank\" rel=\"noopener\">View more details of the English version.<\/a><br \/>\n\ud83c\uddee\ud83c\uddf9 <a href=\"https:\/\/educare.design\/wp-content\/uploads\/2025\/08\/Ladies-and-Gentlemen_italian.jpg\" target=\"_blank\" rel=\"noopener\">Vedi i dettagli della versione italiana.<\/a><br \/>\n\ud83c\uddea\ud83c\uddf8 <a href=\"https:\/\/educare.design\/wp-content\/uploads\/2025\/08\/Ladies-and-Gentlemen_spanish.jpg\" target=\"_blank\" rel=\"noopener\">Ver detalles de la versi\u00f3n en espa\u00f1ol.<\/a><br \/>\n\ud83c\udde9\ud83c\uddea <a href=\"https:\/\/educare.design\/wp-content\/uploads\/2025\/08\/Ladies-and-Gentlemen_german.jpg\" target=\"_blank\" rel=\"noopener\">Details zur deutschen Version anzeigen.<\/a><br \/>\n\ud83c\uddeb\ud83c\uddf7 <a href=\"https:\/\/educare.design\/wp-content\/uploads\/2025\/08\/Ladies-and-Gentlemen_french.jpg\" target=\"_blank\" rel=\"noopener\">Voir les d\u00e9tails de la version fran\u00e7aise.<\/a><br \/>\n\ud83c\uddf3\ud83c\uddf1 <a href=\"https:\/\/educare.design\/wp-content\/uploads\/2025\/08\/Ladies-and-Gentlemen_dutch.jpg\" target=\"_blank\" rel=\"noopener\">Bekijk details van de Nederlandse versie.<\/a><br \/>\n\ud83c\uddf5\ud83c\uddf9 <a href=\"https:\/\/educare.design\/wp-content\/uploads\/2025\/08\/Ladies-and-Gentlemen_portuguese.jpg\" target=\"_blank\" rel=\"noopener\">Veja mais detalhes da vers\u00e3o portuguesa.<\/a><br \/>\n\ud83c\uddf8\ud83c\uddea <a href=\"https:\/\/educare.design\/wp-content\/uploads\/2025\/08\/Ladies-and-Gentlemen_svensk.jpg\" target=\"_blank\" rel=\"noopener\">Se fler detaljer om den svenska versionen.<\/a><br \/>\n\ud83c\uddf3\ud83c\uddf4 <a href=\"https:\/\/educare.design\/wp-content\/uploads\/2025\/08\/Ladies-and-Gentlemen_norsk.jpg\" target=\"_blank\" rel=\"noopener\">Se flere detaljer om den norske versjonen.<\/a><br \/>\n\ud83c\udde9\ud83c\uddf0 <a href=\"https:\/\/educare.design\/wp-content\/uploads\/2025\/08\/Ladies-and-Gentlemen_dansk.jpg\" target=\"_blank\" rel=\"noopener\">Se flere detaljer af den danske version.<\/a><\/p>\n<p><strong>Integriere es in deine Praxis!<\/strong><br \/>\n<strong>\u2b07<\/strong> Hier bestellen.<\/p>","protected":false},"featured_media":30985,"template":"","meta":{"_acf_changed":false},"product_brand":[],"product_cat":[47],"product_tag":[496],"class_list":{"0":"post-30994","1":"product","2":"type-product","3":"status-publish","4":"has-post-thumbnail","6":"product_cat-anatomy","7":"product_tag-reproductive-health","9":"first","10":"instock","11":"shipping-taxable","12":"purchasable","13":"product-type-variable","14":"has-default-attributes"},"acf":[],"jetpack_sharing_enabled":true,"_links":{"self":[{"href":"https:\/\/educare.design\/de\/wp-json\/wp\/v2\/product\/30994","targetHints":{"allow":["GET"]}}],"collection":[{"href":"https:\/\/educare.design\/de\/wp-json\/wp\/v2\/product"}],"about":[{"href":"https:\/\/educare.design\/de\/wp-json\/wp\/v2\/types\/product"}],"wp:featuredmedia":[{"embeddable":true,"href":"https:\/\/educare.design\/de\/wp-json\/wp\/v2\/media\/30985"}],"wp:attachment":[{"href":"https:\/\/educare.design\/de\/wp-json\/wp\/v2\/media?parent=30994"}],"wp:term":[{"taxonomy":"product_brand","embeddable":true,"href":"https:\/\/educare.design\/de\/wp-json\/wp\/v2\/product_brand?post=30994"},{"taxonomy":"product_cat","embeddable":true,"href":"https:\/\/educare.design\/de\/wp-json\/wp\/v2\/product_cat?post=30994"},{"taxonomy":"product_tag","embeddable":true,"href":"https:\/\/educare.design\/de\/wp-json\/wp\/v2\/product_tag?post=30994"}],"curies":[{"name":"wp","href":"https:\/\/api.w.org\/{rel}","templated":true}]}}