{"id":29108,"date":"2025-04-15T11:12:03","date_gmt":"2025-04-15T11:12:03","guid":{"rendered":"https:\/\/educare.design\/?post_type=product&#038;p=29108"},"modified":"2026-03-28T07:42:19","modified_gmt":"2026-03-28T07:42:19","slug":"weibliches-fortpflanzungssystem-anatomietafel","status":"publish","type":"product","link":"https:\/\/educare.design\/de\/shop\/female-reproductive-system\/","title":{"rendered":"Weibliches Reproduktionssystem"},"content":{"rendered":"<div id=\"fws_69ff90c93df31\"  data-column-margin=\"default\" data-midnight=\"dark\"  class=\"wpb_row vc_row-fluid vc_row\"  style=\"padding-top: 0px; padding-bottom: 0px; \"><div class=\"row-bg-wrap\" data-bg-animation=\"none\" data-bg-animation-delay=\"\" data-bg-overlay=\"false\"><div class=\"inner-wrap row-bg-layer\" ><div class=\"row-bg viewport-desktop\"  style=\"\"><\/div><\/div><\/div><div class=\"row_col_wrap_12 col span_12 dark left\">\n\t<div  class=\"vc_col-sm-12 wpb_column column_container vc_column_container col no-extra-padding inherit_tablet inherit_phone flex_gap_desktop_10px\"  data-padding-pos=\"all\" data-has-bg-color=\"false\" data-bg-color=\"\" data-bg-opacity=\"1\" data-animation=\"\" data-delay=\"0\" >\n\t\t<div class=\"vc_column-inner\" >\n\t\t\t<div class=\"wpb_wrapper\">\n\t\t\t\t\n<div class=\"wpb_text_column wpb_content_element\" >\n\t<p>Teil von:<br \/>\n<em><a href=\"https:\/\/educare.design\/de\/item\/reproductive-health\/\" target=\"_blank\" rel=\"noopener\">Reproduktive Gesundheit<\/a><\/em><br \/>\nH\u00e4ufig kombiniert mit:<br \/>\n<em><a href=\"https:\/\/educare.design\/de\/shop\/maennliches-fortpflanzungssystem-anatomische-tafel\/\" target=\"_blank\">M\u00e4nnliches Reproduktionssystem<\/a><\/em>, <em><a href=\"https:\/\/educare.design\/de\/shop\/fetale-entwicklung-anatomietafel\/\" target=\"_blank\">Stadien der fetalen Entwicklung<\/a><\/em><\/p>\n<p>Erh\u00e4ltlich als <a href=\"https:\/\/educare.design\/de\/posters\/\" target=\"_blank\" rel=\"noopener\">Posterdrucke<\/a> (<em>Rahmen nicht enthalten<\/em>), <a href=\"https:\/\/educare.design\/de\/leinwanddrucke\/\" target=\"_blank\" rel=\"noopener\">Leinwanddrucke<\/a> (<em>mit integrierten Rahmen<\/em>), und zum Selbstdrucken <a href=\"https:\/\/educare.design\/de\/digital-pdf-files\/\" target=\"_blank\" rel=\"noopener\">PDF-Dateien<\/a>. Durchst\u00f6bere die Bildergalerie, um die verf\u00fcgbaren Optionen f\u00fcr dieses Motiv zu sehen, inkl. <a href=\"https:\/\/educare.design\/de\/sizes-types\/\" target=\"_blank\" rel=\"noopener\">Typen und Gr\u00f6\u00dfen<\/a>, optionale Platzierung von Name oder Website sowie die zehn Sprachversionen!<\/p>\n<p><span style=\"color: #488693;\"><strong>\u2605\u2605\u2605\u2605\u2605<\/strong><\/span> <em>\"Die Poster sind sehr sch\u00f6n und originell und der Kundenservice ist wirklich toll! Nochmals vielen Dank!\"<\/em> - \ud83c\uddee\ud83c\uddf9 <a href=\"https:\/\/www.centrocuranatura.it\/\" target=\"_blank\" rel=\"noopener\">Gyrotonische Grottaferrata<\/a><\/p>\n<\/div>\n\n\n\n\n\t\t\t<\/div> \n\t\t<\/div>\n\t<\/div> \n<\/div><\/div>","protected":false},"excerpt":{"rendered":"<p>Dieses Weibliches Reproduktionssystem Chart zeigt die Anatomie sowohl im sagittalen Schnitt als auch in anteriorer Ansicht und erm\u00f6glicht eine pr\u00e4zise Darstellung von Struktur, Physiologie und r\u00e4umlichen Beziehungen.<\/p>\n<p>Das Chart stellt Ovarien, Tuba uterina, Uterus, Zervix und Vagina in klarer anatomischer Kontinuit\u00e4t dar. Die sagittale Ansicht betont innere Lagebeziehungen und Gewebeschichten, w\u00e4hrend die anteriore Darstellung die bilaterale Symmetrie und anatomische Orientierung verdeutlicht. Unterst\u00fctzende Strukturen \u2014 einschlie\u00dflich Beckenboden, Harnblase und Rektum \u2014 sind kontextuell integriert und erm\u00f6glichen strukturierte Erkl\u00e4rungen zur reproduktiven, urologischen und pelvinen Koordination.<\/p>\n<p>Funktionelle Abl\u00e4ufe sind visuell verbunden und unterst\u00fctzen Gespr\u00e4che \u00fcber Ovulation, Befruchtung, Menstruationszyklus, Implantation und Schwangerschaft. Hormonelle Zusammenh\u00e4nge lassen sich direkt mit anatomischen Strukturen verkn\u00fcpfen, wodurch sich das Chart ideal f\u00fcr Beratungen zu Fertilit\u00e4t, Zyklusaufkl\u00e4rung und Beckengesundheit eignet.<\/p>\n<p>Es ist kein vereinfachtes Schema, sondern ein klinisch einsetzbares Kommunikationsinstrument zur Verbesserung des Patientenverst\u00e4ndnisses und zur professionellen Aufwertung der Praxis.<\/p>\n<p>Ideal f\u00fcr chiropraktische, osteopathische, physiotherapeutische, gyn\u00e4kologische, fertilit\u00e4tsmedizinische und medizinische Ausbildungseinrichtungen.<\/p>\n<p><strong>Die Bienen und die Blumen \u2014 Fachlich Erkl\u00e4rt!<\/strong><br \/>\nH\u00e4ngen Sie es neben das Diagramm des <a href=\"https:\/\/educare.design\/de\/shop\/maennliches-fortpflanzungssystem-anatomische-tafel\/\" target=\"_blank\" rel=\"noopener\">M\u00e4nnliches Reproduktionssystem<\/a> und erhalten Sie einen optimalen Einblick in die Anatomie unserer Fortpflanzungsorgane. Und um das Bild der reproduktiven Gesundheit zu vervollst\u00e4ndigen, empfehlen wir, das Diagramm <a href=\"https:\/\/educare.design\/de\/shop\/fetale-entwicklung-anatomietafel\/\" target=\"_blank\" rel=\"noopener\">Stadien der fetalen Entwicklung<\/a> hinzuzuf\u00fcgen. Eine Abbildung aller drei zusammen h\u00e4ngenden Diagramme finden Sie <a href=\"https:\/\/educare.design\/wp-content\/uploads\/2025\/04\/Reproductive-Systems-and-Pregnancy.jpg\" target=\"_blank\" rel=\"noopener\">hier<\/a>.<\/p>\n<p><strong>Kostenlose Personalisierung mit dem Namen Ihrer Klinik.<\/strong><br \/>\nF\u00fcr dieses Kunstwerk bieten wir an, den Namen Ihrer Klinik (oder Ihre Website-Adresse) kostenlos hinzuzuf\u00fcgen! Der Name wird anstelle der aktuellen Unter\u00fcberschrift auf dem Kunstwerk angezeigt. Eine Abbildung davon finden Sie in der Bildergalerie.<\/p>\n<p><a href=\"https:\/\/youtu.be\/KJrNNuBuf2c\"><img loading=\"lazy\" decoding=\"async\" class=\"alignleft size-full wp-image-17589\" src=\"https:\/\/educare.design\/wp-content\/uploads\/2023\/12\/youtube-logo.png\" alt=\"\" width=\"55\" height=\"22\" \/><\/a>Dieses Diagramm anzeigen <a href=\"https:\/\/youtu.be\/KJrNNuBuf2c\" target=\"_blank\" rel=\"noopener\">hier<\/a> und <a href=\"https:\/\/youtu.be\/xFgIADl1-DE\" target=\"_blank\" rel=\"noopener\">hier<\/a> auf YouTube an.<\/p>\n<p><strong>Black Edition.<\/strong><br \/>\nDieses Chart ist auch in einer speziellen schwarzen Edition erh\u00e4ltlich, die in der Bildergalerie zu sehen ist.<\/p>\n<p>\ud83d\udd25 Dieses Kunstwerk ist Teil eines Sets mit 25% Rabatt, sehen Sie es <a href=\"https:\/\/educare.design\/de\/shop\/reproductive-health-set\/\" target=\"_blank\" rel=\"noopener\">hier<\/a>.<\/p>\n<p>\ud83c\uddec\ud83c\udde7 <a href=\"https:\/\/educare.design\/wp-content\/uploads\/2025\/04\/english_Female-Reproductive-System.jpg\" target=\"_blank\" rel=\"noopener\">View more details of the English version.<\/a><br \/>\n\ud83c\uddee\ud83c\uddf9 <a href=\"https:\/\/educare.design\/wp-content\/uploads\/2025\/04\/italian_Female-Reproductive-System.jpg\" target=\"_blank\" rel=\"noopener\">Vedi i dettagli della versione italiana.<\/a><br \/>\n\ud83c\uddea\ud83c\uddf8 <a href=\"https:\/\/educare.design\/wp-content\/uploads\/2025\/04\/spanish_Female-Reproductive-System.jpg\" target=\"_blank\" rel=\"noopener\">Ver detalles de la versi\u00f3n en espa\u00f1ol.<\/a><br \/>\n\ud83c\udde9\ud83c\uddea <a href=\"https:\/\/educare.design\/wp-content\/uploads\/2025\/04\/german_Female-Reproductive-System.jpg\" target=\"_blank\" rel=\"noopener\">Details zur deutschen Version anzeigen.<\/a><br \/>\n\ud83c\uddeb\ud83c\uddf7 <a href=\"https:\/\/educare.design\/wp-content\/uploads\/2025\/04\/french_Female-Reproductive-System.jpg\" target=\"_blank\" rel=\"noopener\">Voir les d\u00e9tails de la version fran\u00e7aise.<\/a><br \/>\n\ud83c\uddf3\ud83c\uddf1 <a href=\"https:\/\/educare.design\/wp-content\/uploads\/2025\/04\/dutch_Female-Reproductive-System.jpg\" target=\"_blank\" rel=\"noopener\">Bekijk details van de Nederlandse versie.<\/a><br \/>\n\ud83c\uddf5\ud83c\uddf9 <a href=\"https:\/\/educare.design\/wp-content\/uploads\/2025\/04\/portuguese_Female-Reproductive-System.jpg.jpg\" target=\"_blank\" rel=\"noopener\">Veja mais detalhes da vers\u00e3o portuguesa.<\/a><br \/>\n\ud83c\uddf8\ud83c\uddea <a href=\"https:\/\/educare.design\/wp-content\/uploads\/2025\/04\/svensk_Female-Reproductive-System.jpg\" target=\"_blank\" rel=\"noopener\">Se fler detaljer om den svenska versionen.<\/a><br \/>\n\ud83c\uddf3\ud83c\uddf4 <a href=\"https:\/\/educare.design\/wp-content\/uploads\/2025\/04\/norsk_Female-Reproductive-System.jpg\" target=\"_blank\" rel=\"noopener\">Se flere detaljer om den norske versjonen.<\/a><br \/>\n\ud83c\udde9\ud83c\uddf0 <a href=\"https:\/\/educare.design\/wp-content\/uploads\/2025\/04\/dansk_Female-Reproductive-System.jpg\" target=\"_blank\" rel=\"noopener\">Se flere detaljer af den danske version.<\/a><\/p>\n<p><strong>Integriere es in deine Praxis!<\/strong><br \/>\n<strong>\u2b07<\/strong> Hier bestellen.<\/p>","protected":false},"featured_media":29179,"template":"","meta":{"_acf_changed":false},"product_brand":[],"product_cat":[47],"product_tag":[496],"class_list":{"0":"post-29108","1":"product","2":"type-product","3":"status-publish","4":"has-post-thumbnail","6":"product_cat-anatomy","7":"product_tag-reproductive-health","9":"first","10":"instock","11":"shipping-taxable","12":"purchasable","13":"product-type-variable","14":"has-default-attributes"},"acf":[],"jetpack_sharing_enabled":true,"_links":{"self":[{"href":"https:\/\/educare.design\/de\/wp-json\/wp\/v2\/product\/29108","targetHints":{"allow":["GET"]}}],"collection":[{"href":"https:\/\/educare.design\/de\/wp-json\/wp\/v2\/product"}],"about":[{"href":"https:\/\/educare.design\/de\/wp-json\/wp\/v2\/types\/product"}],"wp:featuredmedia":[{"embeddable":true,"href":"https:\/\/educare.design\/de\/wp-json\/wp\/v2\/media\/29179"}],"wp:attachment":[{"href":"https:\/\/educare.design\/de\/wp-json\/wp\/v2\/media?parent=29108"}],"wp:term":[{"taxonomy":"product_brand","embeddable":true,"href":"https:\/\/educare.design\/de\/wp-json\/wp\/v2\/product_brand?post=29108"},{"taxonomy":"product_cat","embeddable":true,"href":"https:\/\/educare.design\/de\/wp-json\/wp\/v2\/product_cat?post=29108"},{"taxonomy":"product_tag","embeddable":true,"href":"https:\/\/educare.design\/de\/wp-json\/wp\/v2\/product_tag?post=29108"}],"curies":[{"name":"wp","href":"https:\/\/api.w.org\/{rel}","templated":true}]}}