{"id":28207,"date":"2025-02-24T10:51:25","date_gmt":"2025-02-24T10:51:25","guid":{"rendered":"https:\/\/educare.design\/?post_type=product&#038;p=28207"},"modified":"2026-04-08T09:53:24","modified_gmt":"2026-04-08T09:53:24","slug":"vintage-thoracic-vertebrae","status":"publish","type":"product","link":"https:\/\/educare.design\/de\/shop\/vintage-thoracic-vertebrae\/","title":{"rendered":"Die Brustwirbel"},"content":{"rendered":"<div id=\"fws_6a00d78b206cf\"  data-column-margin=\"default\" data-midnight=\"dark\"  class=\"wpb_row vc_row-fluid vc_row\"  style=\"padding-top: 0px; padding-bottom: 0px; \"><div class=\"row-bg-wrap\" data-bg-animation=\"none\" data-bg-animation-delay=\"\" data-bg-overlay=\"false\"><div class=\"inner-wrap row-bg-layer\" ><div class=\"row-bg viewport-desktop\"  style=\"\"><\/div><\/div><\/div><div class=\"row_col_wrap_12 col span_12 dark left\">\n\t<div  class=\"vc_col-sm-12 wpb_column column_container vc_column_container col no-extra-padding inherit_tablet inherit_phone flex_gap_desktop_10px\"  data-padding-pos=\"all\" data-has-bg-color=\"false\" data-bg-color=\"\" data-bg-opacity=\"1\" data-animation=\"\" data-delay=\"0\" >\n\t\t<div class=\"vc_column-inner\" >\n\t\t\t<div class=\"wpb_wrapper\">\n\t\t\t\t\n<div class=\"wpb_text_column wpb_content_element\" >\n\t<p>Kategorie:<br \/>\n<em><a href=\"https:\/\/educare.design\/de\/cat\/vin\/\" target=\"_blank\" rel=\"noopener\">Vintage-Anatomie<\/a><\/em><br \/>\nSystem:<br \/>\n<em><a href=\"https:\/\/educare.design\/de\/item\/spine-structure\/\" target=\"_blank\" rel=\"noopener\">Wirbels\u00e4ule &amp; Struktur<\/a><\/em><\/p>\n<p>Erh\u00e4ltlich als <a href=\"https:\/\/educare.design\/de\/posters\/\" target=\"_blank\" rel=\"noopener\">Posterdrucke<\/a>, <a href=\"https:\/\/educare.design\/de\/leinwanddrucke\/\" target=\"_blank\" rel=\"noopener\">Leinwanddrucke<\/a> und <a href=\"https:\/\/educare.design\/de\/digital-pdf-files\/\" target=\"_blank\" rel=\"noopener\">PDF-Dateien<\/a>. Durchsuchen Sie die Bildergalerie und zoomen Sie hinein, um Details zu den verschiedenen Optionen f\u00fcr dieses Kunstwerk anzuzeigen, einschlie\u00dflich <a href=\"https:\/\/educare.design\/de\/sizes-types\/\" target=\"_blank\" rel=\"noopener\">Typen und Gr\u00f6\u00dfen<\/a>. \u26a0\ufe0f <em>Die Texte zu diesen Kunstwerken sind ausschlie\u00dflich auf Englisch und\/oder in medizinischem Latein verf\u00fcgbar.<\/em><\/p>\n<p><span style=\"color: #488693;\"><strong>\u2605\u2605\u2605\u2605\u2605<\/strong><\/span> <em>\u201c&#8230;the artwork is very sharp and informative at the same time.\u201d<\/em> - \ud83c\uddf3\ud83c\uddf1 <a href=\"https:\/\/www.avantgardechiropractie.nl\/\" target=\"_blank\" rel=\"noopener\">Avant-Garde Chiropractie<\/a><\/p>\n<\/div>\n\n\n\n\n\t\t\t<\/div> \n\t\t<\/div>\n\t<\/div> \n<\/div><\/div>","protected":false},"excerpt":{"rendered":"<p>Klassische Wirbelanatomie, Neu Interpretiert \u2013 Die Brustwirbel zeigen eine detaillierte anatomische Studie der kn\u00f6chernen Architektur der mittleren Wirbels\u00e4ule, inspiriert von der Pr\u00e4zision und Zur\u00fcckhaltung klassischer medizinischer Gravuren. Die strukturelle Beziehung zwischen Wirbelk\u00f6rper, Pedikeln, Laminae, Querforts\u00e4tzen und Dornfortsatz \u2014 zusammen mit den Gelenkfl\u00e4chen und der Zwischenwirbelverbindung \u2014 wird mit Klarheit, Proportion und disziplinierter Linienf\u00fchrung dargestellt.<\/p>\n<p>Nummerierte Referenzen sind direkt auf der Anatomie platziert und entsprechen einem kreisf\u00f6rmigen Index um die Figur. Diese radiale Struktur integriert die Nomenklatur in die Komposition selbst \u2014 sodass anatomische Beschriftung die visuelle Balance unterst\u00fctzt, anstatt sie zu st\u00f6ren.<\/p>\n<p>Historisch beruhte anatomische Illustration auf kontrollierter Schattierung und sorgf\u00e4ltiger Konturierung, um Tiefe und strukturelle Beziehungen lange vor dem Zeitalter der medizinischen Bildgebung zu vermitteln. Dieses Artwork ehrt diese Tradition und verbindet sie mit dem zeitgen\u00f6ssischen Rahmen von educare.design \u2014 verfeinerte Typografie, konsistente r\u00e4umliche Balance und eine zur\u00fcckhaltende Farbpalette gew\u00e4hrleisten eine nahtlose Integration in moderne wie Heritage-Kollektionen.<\/p>\n<p><strong>Erh\u00e4ltlich in heller und schwarzer Edition.<\/strong><br \/>\nDas Artwork wird in zwei Ausf\u00fchrungen angeboten:<br \/>\n<em>Eine sanfte, neutrale Edition, die sich m\u00fchelos in skandinavische und minimalistische Praxisr\u00e4ume integriert.<br \/>\nEine schwarze Edition, die starken Kontrast erzeugt und klassische Anatomie in ein ausdrucksstarkes Galerie-Statement verwandelt.<\/em><\/p>\n<p>Beide Versionen bewahren identische anatomische Pr\u00e4zision und Layoutstruktur und erm\u00f6glichen es Fachpersonen, die Atmosph\u00e4re ihres Raumes zu definieren, ohne die didaktische Klarheit zu beeintr\u00e4chtigen. Das Ergebnis ist weder rein vintage noch rein modern. Es ist anatomisches Erbe, kuratiert f\u00fcr zeitgem\u00e4sse klinische Umgebungen. Allein pr\u00e4sentiert, wirkt es als eleganter Blickfang. In Kombination mit minimalistischen Charts f\u00fcgt es historische Tiefe hinzu, ohne visuelle Konflikte zu erzeugen.<\/p>\n<p>Klassische Anatomie, neu ausbalanciert f\u00fcr moderne Praxis.<\/p>\n<p>\ud83d\udd25 Dieses Kunstwerk ist Teil eines Sets mit 25% Rabatt, sehen Sie es <a href=\"https:\/\/educare.design\/de\/shop\/vintage-anatomie-set\/\" target=\"_blank\" rel=\"noopener\">hier<\/a>.<\/p>\n<p><strong>Kostenlose Personalisierung mit dem Namen Ihrer Klinik.<\/strong><br \/>\nF\u00fcr dieses Kunstwerk bieten wir an, den Namen Ihrer Klinik (oder Ihre Website-Adresse) kostenlos hinzuzuf\u00fcgen! Der Name wird anstelle der aktuellen Unter\u00fcberschrift auf dem Kunstwerk angezeigt (das sind die lateinischen Namen f\u00fcr die Anatomie); eine Abbildung davon finden Sie in der Bildergalerie.<\/p>\n<p><a href=\"https:\/\/youtu.be\/Feq3r6lY7QQ\"><img loading=\"lazy\" decoding=\"async\" class=\"alignleft size-full wp-image-17589\" src=\"https:\/\/educare.design\/wp-content\/uploads\/2023\/12\/youtube-logo.png\" alt=\"\" width=\"55\" height=\"22\" \/><\/a>Dieses Diagramm anzeigen <a href=\"https:\/\/youtu.be\/Feq3r6lY7QQ\" target=\"_blank\" rel=\"noopener\">hier<\/a> auf YouTube an.<\/p>\n<p><strong>Integriere es in deine Praxis!<\/strong><br \/>\n<strong>\u2b07<\/strong> Hier bestellen.<\/p>","protected":false},"featured_media":28216,"template":"","meta":{"_acf_changed":false},"product_brand":[],"product_cat":[61],"product_tag":[504],"class_list":{"0":"post-28207","1":"product","2":"type-product","3":"status-publish","4":"has-post-thumbnail","6":"product_cat-vin","7":"product_tag-spine-structure","9":"first","10":"instock","11":"shipping-taxable","12":"purchasable","13":"product-type-variable","14":"has-default-attributes"},"acf":[],"jetpack_sharing_enabled":true,"_links":{"self":[{"href":"https:\/\/educare.design\/de\/wp-json\/wp\/v2\/product\/28207","targetHints":{"allow":["GET"]}}],"collection":[{"href":"https:\/\/educare.design\/de\/wp-json\/wp\/v2\/product"}],"about":[{"href":"https:\/\/educare.design\/de\/wp-json\/wp\/v2\/types\/product"}],"wp:featuredmedia":[{"embeddable":true,"href":"https:\/\/educare.design\/de\/wp-json\/wp\/v2\/media\/28216"}],"wp:attachment":[{"href":"https:\/\/educare.design\/de\/wp-json\/wp\/v2\/media?parent=28207"}],"wp:term":[{"taxonomy":"product_brand","embeddable":true,"href":"https:\/\/educare.design\/de\/wp-json\/wp\/v2\/product_brand?post=28207"},{"taxonomy":"product_cat","embeddable":true,"href":"https:\/\/educare.design\/de\/wp-json\/wp\/v2\/product_cat?post=28207"},{"taxonomy":"product_tag","embeddable":true,"href":"https:\/\/educare.design\/de\/wp-json\/wp\/v2\/product_tag?post=28207"}],"curies":[{"name":"wp","href":"https:\/\/api.w.org\/{rel}","templated":true}]}}