{"id":27535,"date":"2025-04-14T12:44:26","date_gmt":"2025-04-14T12:44:26","guid":{"rendered":"https:\/\/educare.design\/?post_type=product&#038;p=27535"},"modified":"2026-04-13T18:34:04","modified_gmt":"2026-04-13T18:34:04","slug":"anatomisches-poster-haltung","status":"publish","type":"product","link":"https:\/\/educare.design\/de\/shop\/the-posture-poster\/","title":{"rendered":"Das Haltungs-Chart"},"content":{"rendered":"<div id=\"fws_6a00bd77a4678\"  data-column-margin=\"default\" data-midnight=\"dark\"  class=\"wpb_row vc_row-fluid vc_row\"  style=\"padding-top: 0px; padding-bottom: 0px; \"><div class=\"row-bg-wrap\" data-bg-animation=\"none\" data-bg-animation-delay=\"\" data-bg-overlay=\"false\"><div class=\"inner-wrap row-bg-layer\" ><div class=\"row-bg viewport-desktop\"  style=\"\"><\/div><\/div><\/div><div class=\"row_col_wrap_12 col span_12 dark left\">\n\t<div  class=\"vc_col-sm-12 wpb_column column_container vc_column_container col no-extra-padding inherit_tablet inherit_phone flex_gap_desktop_10px\"  data-padding-pos=\"all\" data-has-bg-color=\"false\" data-bg-color=\"\" data-bg-opacity=\"1\" data-animation=\"\" data-delay=\"0\" >\n\t\t<div class=\"vc_column-inner\" >\n\t\t\t<div class=\"wpb_wrapper\">\n\t\t\t\t\n<div class=\"wpb_text_column wpb_content_element\" >\n\t<p>Teil von:<br \/>\n<a href=\"https:\/\/educare.design\/de\/item\/spine-structure\/\" target=\"_blank\" rel=\"noopener\"><em>Wirbels\u00e4ule &amp; Struktur<\/em><\/a><br \/>\nAuch relevant f\u00fcr:<br \/>\n<a href=\"https:\/\/educare.design\/de\/item\/musculoskeletal\/\" target=\"_blank\" rel=\"noopener\"><em>Bewegung &amp; Muskulatur<\/em><\/a><br \/>\nH\u00e4ufig kombiniert mit:<br \/>\n<em><a href=\"https:\/\/educare.design\/de\/shop\/anatomische-muskelsystem\/\" target=\"_blank\" rel=\"noopener\">Das Muskelsystem<\/a><\/em>, <a href=\"https:\/\/educare.design\/de\/shop\/posture-set-1\/\" target=\"_blank\" rel=\"noopener\"><em>Haltungsset (1)<\/em><\/a><\/p>\n<p>Erh\u00e4ltlich als <a href=\"https:\/\/educare.design\/de\/posters\/\" target=\"_blank\" rel=\"noopener\">Posterdrucke<\/a> (<em>Rahmen nicht enthalten<\/em>), <a href=\"https:\/\/educare.design\/de\/leinwanddrucke\/\" target=\"_blank\" rel=\"noopener\">Leinwanddrucke<\/a> (<em>mit integrierten Rahmen<\/em>), und zum Selbstdrucken <a href=\"https:\/\/educare.design\/de\/digital-pdf-files\/\" target=\"_blank\" rel=\"noopener\">PDF-Dateien<\/a>. Durchst\u00f6bere die Bildergalerie, um die verf\u00fcgbaren Optionen f\u00fcr dieses Motiv zu sehen, inkl. <a href=\"https:\/\/educare.design\/de\/sizes-types\/\" target=\"_blank\" rel=\"noopener\">Typen und Gr\u00f6\u00dfen<\/a>, optionale Platzierung von Name oder Website sowie die zehn Sprachversionen!<\/p>\n<p><span style=\"color: #488693;\"><strong>\u2605\u2605\u2605\u2605\u2605<\/strong><\/span> <em>\u201cSuper nice contact with Kasper. Great quality and fast delivery.\u201d<\/em> - \ud83c\udde9\ud83c\uddea <a href=\"http:\/\/www.rekert.de\/\" target=\"_blank\" rel=\"noopener\">PhysioConcept Rekert<\/a><\/p>\n<\/div>\n\n\n\n\n\t\t\t<\/div> \n\t\t<\/div>\n\t<\/div> \n<\/div><\/div>","protected":false},"excerpt":{"rendered":"<p>\u00dcberpr\u00fcfen Sie Ihre Haltung \u2013 Ein umfassendes klinisches Referenz-Chart f\u00fcr die Ausrichtung im Alltag. Ein strukturiertes, patientenorientiertes Chart zur verst\u00e4ndlichen Vermittlung von Prinzipien der Wirbels\u00e4ulen-Ausrichtung im t\u00e4glichen Leben.<\/p>\n<p>Das Body-Posture-Chart stellt Haltung nicht als abstraktes Konzept dar, sondern als Reihe realer Alltagssituationen. Stehen, Gehen, Laufen, Smartphone-Nutzung und Schlaf werden durch direkte visuelle Vergleiche zwischen ineffizienter und korrigierter Mechanik dargestellt. Ohne visuelle \u00dcberlastung vereinfacht das Layout Ausrichtung in sofort erkennbare Muster \u2014 sodass Patienten verstehen, wie kleine Gewohnheiten langfristig die Belastung der Wirbels\u00e4ule beeinflussen.<\/p>\n<p>Neben allt\u00e4glicher Haltungsmechanik identifiziert das Chart typische Wirbels\u00e4ulenmuster wie neutrale Ausrichtung, Lordose, Kyphose, Flachr\u00fccken, Hohlkreuz (Sway Back) und Skoliose. Durch die Verbindung struktureller Varianten mit funktionalen Lebensstil-Beispielen entsteht ein klarer Zusammenhang zwischen Struktur und Verhalten \u2014 wodurch Haltungsoptimierung praktisch und nachvollziehbar wird.<\/p>\n<p>Auch die Schlaf-Ergonomie wird ber\u00fccksichtigt, inklusive Hinweise zu Kissen- und Matratzenwahl, was die Bedeutung kontinuierlicher Wirbels\u00e4ulenunterst\u00fctzung au\u00dferhalb der Praxis unterstreicht. Die Integration von Geh- und Laufmechanik erweitert den p\u00e4dagogischen Rahmen und macht das Chart sowohl f\u00fcr inaktive als auch aktive Patienten relevant.<\/p>\n<p>Dies ist kein dekoratives Wellness-Poster. Es ist ein strukturiertes Kommunikationsinstrument. In der Praxis wird es zu einem dauerhaften visuellen Bezugspunkt f\u00fcr Gespr\u00e4che \u00fcber Ausrichtung, Lastverteilung, muskul\u00e4res Gleichgewicht und langfristige Wirbels\u00e4ulengesundheit. Patienten k\u00f6nnen es eigenst\u00e4ndig nutzen und so Bewusstsein und Therapietreue zwischen Terminen st\u00e4rken.<\/p>\n<p>Klar. Praktisch. Klinisch fundiert.<\/p>\n<p><strong>Kostenlose Personalisierung mit dem Namen Ihrer Klinik.<\/strong><br \/>\nF\u00fcr dieses Kunstwerk bieten wir an, den Namen Ihrer Klinik (oder Ihre Website-Adresse) kostenlos hinzuzuf\u00fcgen! Der Name wird anstelle der aktuellen Unter\u00fcberschrift auf dem Kunstwerk angezeigt. Eine Abbildung davon finden Sie in der Bildergalerie.<\/p>\n<p><a href=\"https:\/\/youtu.be\/SfMOFrUwhhg\"><img loading=\"lazy\" decoding=\"async\" class=\"alignleft size-full wp-image-17589\" src=\"https:\/\/educare.design\/wp-content\/uploads\/2023\/12\/youtube-logo.png\" alt=\"\" width=\"55\" height=\"22\" \/><\/a>Dieses Diagramm anzeigen <a href=\"https:\/\/youtu.be\/SfMOFrUwhhg\" target=\"_blank\" rel=\"noopener\">hier<\/a> auf YouTube oder <a href=\"https:\/\/educare.design\/de\/video-of-the-posture-poster\/\" target=\"_blank\" rel=\"noopener\">hier<\/a>.<\/p>\n<p><strong>Black Edition.<\/strong><br \/>\nDieses Chart ist auch in einer speziellen schwarzen Edition erh\u00e4ltlich, die in der Bildergalerie zu sehen ist.<\/p>\n<p>\ud83d\udd25 Dieses Kunstwerk ist Teil eines Sets mit 25% Rabatt, sehen Sie es <a href=\"https:\/\/educare.design\/de\/shop\/posture-set-1\/\" target=\"_blank\" rel=\"noopener\">hier<\/a>.<\/p>\n<p>\ud83c\uddec\ud83c\udde7 <a href=\"https:\/\/educare.design\/de\/kunstwerk\/anatomisches-poster-haltung\/\" target=\"_blank\" rel=\"noopener\">View more details of the English version.<\/a><br \/>\n\ud83c\uddee\ud83c\uddf9 <a href=\"https:\/\/educare.design\/de\/kunstwerk\/il-poster-della-postura\/\" target=\"_blank\" rel=\"noopener\">Vedi i dettagli della versione italiana.<\/a><br \/>\n\ud83c\uddea\ud83c\uddf8 <a href=\"https:\/\/educare.design\/de\/kunstwerk\/la-postura-poster\/\" target=\"_blank\" rel=\"noopener\">Ver detalles de la versi\u00f3n en espa\u00f1ol.<\/a><br \/>\n\ud83c\udde9\ud83c\uddea <a href=\"https:\/\/educare.design\/de\/kunstwerk\/das-haltungsposter\/\" target=\"_blank\" rel=\"noopener\">Details zur deutschen Version anzeigen.<\/a><br \/>\n\ud83c\uddeb\ud83c\uddf7 <a href=\"https:\/\/educare.design\/de\/kunstwerk\/laffiche-de-la-posture\/\" target=\"_blank\" rel=\"noopener\">Voir les d\u00e9tails de la version fran\u00e7aise.<\/a><br \/>\n\ud83c\uddf3\ud83c\uddf1 <a href=\"https:\/\/educare.design\/de\/kunstwerk\/de-lichaamsposter\/\" target=\"_blank\" rel=\"noopener\">Bekijk details van de Nederlandse versie.<\/a><br \/>\n\ud83c\uddf5\ud83c\uddf9 <a href=\"https:\/\/educare.design\/wp-content\/uploads\/2025\/02\/01_The-Body-Posture_portuguese.jpg\" target=\"_blank\" rel=\"noopener\">Veja mais detalhes da vers\u00e3o portuguesa.<\/a><br \/>\n\ud83c\uddf8\ud83c\uddea <a href=\"https:\/\/educare.design\/wp-content\/uploads\/2025\/02\/01_The-Body-Posture_svensk.jpg\" target=\"_blank\" rel=\"noopener\">Se fler detaljer om den svenska versionen.<\/a><br \/>\n\ud83c\uddf3\ud83c\uddf4 <a href=\"https:\/\/educare.design\/wp-content\/uploads\/2025\/02\/01_The-Body-Posture_norsk.jpg\" target=\"_blank\" rel=\"noopener\">Se flere detaljer om den norske versjonen.<\/a><br \/>\n\ud83c\udde9\ud83c\uddf0 <a href=\"https:\/\/educare.design\/wp-content\/uploads\/2025\/02\/01_The-Body-Posture_dansk.jpg\" target=\"_blank\" rel=\"noopener\">Se flere detaljer fra den danske version.<\/a><\/p>\n<p><strong>Integriere es in deine Praxis!<\/strong><br \/>\n<strong>\u2b07<\/strong> Hier bestellen.<\/p>","protected":false},"featured_media":27546,"template":"","meta":{"_acf_changed":false},"product_brand":[],"product_cat":[47],"product_tag":[501,504],"class_list":{"0":"post-27535","1":"product","2":"type-product","3":"status-publish","4":"has-post-thumbnail","6":"product_cat-anatomy","7":"product_tag-musculoskeletal","8":"product_tag-spine-structure","10":"first","11":"instock","12":"shipping-taxable","13":"purchasable","14":"product-type-variable","15":"has-default-attributes"},"acf":[],"jetpack_sharing_enabled":true,"_links":{"self":[{"href":"https:\/\/educare.design\/de\/wp-json\/wp\/v2\/product\/27535","targetHints":{"allow":["GET"]}}],"collection":[{"href":"https:\/\/educare.design\/de\/wp-json\/wp\/v2\/product"}],"about":[{"href":"https:\/\/educare.design\/de\/wp-json\/wp\/v2\/types\/product"}],"wp:featuredmedia":[{"embeddable":true,"href":"https:\/\/educare.design\/de\/wp-json\/wp\/v2\/media\/27546"}],"wp:attachment":[{"href":"https:\/\/educare.design\/de\/wp-json\/wp\/v2\/media?parent=27535"}],"wp:term":[{"taxonomy":"product_brand","embeddable":true,"href":"https:\/\/educare.design\/de\/wp-json\/wp\/v2\/product_brand?post=27535"},{"taxonomy":"product_cat","embeddable":true,"href":"https:\/\/educare.design\/de\/wp-json\/wp\/v2\/product_cat?post=27535"},{"taxonomy":"product_tag","embeddable":true,"href":"https:\/\/educare.design\/de\/wp-json\/wp\/v2\/product_tag?post=27535"}],"curies":[{"name":"wp","href":"https:\/\/api.w.org\/{rel}","templated":true}]}}