{"id":27256,"date":"2025-02-08T17:49:14","date_gmt":"2025-02-08T17:49:14","guid":{"rendered":"https:\/\/educare.design\/?post_type=product&#038;p=27256"},"modified":"2026-04-07T06:26:21","modified_gmt":"2026-04-07T06:26:21","slug":"anatomische-autonomes-nervensystem","status":"publish","type":"product","link":"https:\/\/educare.design\/de\/shop\/the-autonomic-nervous-system\/","title":{"rendered":"Das Autonome Nervensystem"},"content":{"rendered":"<div id=\"fws_69ff6314e153d\"  data-column-margin=\"default\" data-midnight=\"dark\"  class=\"wpb_row vc_row-fluid vc_row\"  style=\"padding-top: 0px; padding-bottom: 0px; \"><div class=\"row-bg-wrap\" data-bg-animation=\"none\" data-bg-animation-delay=\"\" data-bg-overlay=\"false\"><div class=\"inner-wrap row-bg-layer\" ><div class=\"row-bg viewport-desktop\"  style=\"\"><\/div><\/div><\/div><div class=\"row_col_wrap_12 col span_12 dark left\">\n\t<div  class=\"vc_col-sm-12 wpb_column column_container vc_column_container col no-extra-padding inherit_tablet inherit_phone flex_gap_desktop_10px\"  data-padding-pos=\"all\" data-has-bg-color=\"false\" data-bg-color=\"\" data-bg-opacity=\"1\" data-animation=\"\" data-delay=\"0\" >\n\t\t<div class=\"vc_column-inner\" >\n\t\t\t<div class=\"wpb_wrapper\">\n\t\t\t\t\n<div class=\"wpb_text_column wpb_content_element\" >\n\t<p>Teil von:<br \/>\n<a href=\"https:\/\/educare.design\/de\/item\/nervous-system\/\" target=\"_blank\" rel=\"noopener\"><em>Neuro &amp; Regulation<\/em><\/a><br \/>\nAuch relevant f\u00fcr:<br \/>\n<a href=\"https:\/\/educare.design\/de\/item\/spine-structure\/\" target=\"_blank\" rel=\"noopener\"><em>Wirbels\u00e4ule &amp; Struktur<\/em><\/a><br \/>\nH\u00e4ufig kombiniert mit:<br \/>\n<em><a href=\"https:\/\/educare.design\/de\/shop\/anatomische-spinalnerven\/\" target=\"_blank\" rel=\"noopener\">Die Spinalnerven<\/a><\/em>, <em><a href=\"https:\/\/educare.design\/de\/shop\/anatomische-tafel-bandscheibenvorfall\/\" target=\"_blank\" rel=\"noopener\">Der Bandscheibenvorfall<\/a><\/em><\/p>\n<p>Erh\u00e4ltlich als <a href=\"https:\/\/educare.design\/de\/posters\/\" target=\"_blank\" rel=\"noopener\">Posterdrucke<\/a> (<em>Rahmen nicht enthalten<\/em>), <a href=\"https:\/\/educare.design\/de\/leinwanddrucke\/\" target=\"_blank\" rel=\"noopener\">Leinwanddrucke<\/a> (<em>mit integrierten Rahmen<\/em>), und zum Selbstdrucken <a href=\"https:\/\/educare.design\/de\/digital-pdf-files\/\" target=\"_blank\" rel=\"noopener\">PDF-Dateien<\/a>. Durchst\u00f6bere die Bildergalerie, um die verf\u00fcgbaren Optionen f\u00fcr dieses Motiv zu sehen, inkl. <a href=\"https:\/\/educare.design\/de\/sizes-types\/\" target=\"_blank\" rel=\"noopener\">Typen und Gr\u00f6\u00dfen<\/a>, optionale Platzierung von Name oder Website sowie die zehn Sprachversionen!<\/p>\n<p>\ud83d\udca1 <strong>Besuchen Sie <a href=\"https:\/\/educare.design\/de\/insight\/\" target=\"_blank\" rel=\"noopener\">Insight<\/a> um den Artikel zu lesen:<\/strong><br \/>\n<a href=\"https:\/\/educare.design\/de\/understanding-the-autonomic-nervous-system\/\" target=\"_blank\" rel=\"noopener\">Understanding the Autonomic Nervous System<\/a>.<\/p>\n<p><span style=\"color: #488693;\"><strong>\u2605\u2605\u2605\u2605\u2605<\/strong><\/span> <em>\u201cVery happy with my purchase and the image! Greetings and all the best from Sao Paulo, Brazil.\u201d<\/em> \u2013 \ud83c\udde7\ud83c\uddf7 <a href=\"https:\/\/www.myquiro.com.br\/saiba-mais\" target=\"_blank\" rel=\"noopener\">DC Margareth Yamashita<\/a><\/p>\n<\/div>\n\n\n\n\n\t\t\t<\/div> \n\t\t<\/div>\n\t<\/div> \n<\/div><\/div>","protected":false},"excerpt":{"rendered":"<p>Dieses minimalistische Chart stellt das Autonome Nervensystem (ANS) als klar strukturierten Vergleich zwischen sympathischer und parasympathischer Funktion dar. Anstatt mit komplexer Neuroanatomie zu \u00fcberladen, konzentriert sich das Design auf die wesentlichen Regulationsbahnen und Organreaktionen \u2014 wodurch das autonome Gleichgewicht unmittelbar verst\u00e4ndlich wird.<\/p>\n<p>Im Zentrum dient die Wirbels\u00e4ule als vertikale Referenzlinie und trennt deutlich kranio\u2013sakrale parasympathische Bahnen vom thorako\u2013lumbalen sympathischen Ausfluss. Die beiden Seiten spiegeln einander und zeigen die entsprechenden Organwirkungen nebeneinander, sodass Aktivierungs- und Hemmungsmuster direkt verglichen werden k\u00f6nnen.<\/p>\n<p>Zentrale autonome Zielstrukturen sind in funktionelle Kategorien gegliedert, darunter Pupillenregulation, Speichelsekretion, Atemwegstonus, Herzfrequenz, Gef\u00e4\u00dftonus und Verdauungsaktivit\u00e4t sowie Gallenblasenfunktion, Darmmotilit\u00e4t, hepatische Glukosefreisetzung, Blasenkontrolle und reproduktiver Blutfluss. Das Ergebnis ist eine strukturierte \u00dcbersicht dar\u00fcber, wie das autonome Gleichgewicht grundlegende physiologische Prozesse beeinflusst.<\/p>\n<p>Anstatt das ANS als abstrakte Physiologie darzustellen, wird es als funktionelles Zwei-Kontroll-System visualisiert. Die sympathische Aktivit\u00e4t bereitet den K\u00f6rper auf Mobilisierung und erh\u00f6hte Wachsamkeit vor. Die parasympathische Aktivit\u00e4t unterst\u00fctzt Regeneration, Verdauung und Erholung. Der visuelle Kontrast verdeutlicht diese Dynamik ohne \u00fcberm\u00e4\u00dfigen Text.<\/p>\n<p>Dies ist kein umfassender Neuroanatomieatlas. Die Auswahl ist bewusst reduziert. Durch die Fokussierung auf zentrale Organreaktionen und spinale Verteilung dient das Chart als Einstieg in die autonome Regulation. Es unterst\u00fctzt die Patientenaufkl\u00e4rung ohne kognitive \u00dcberlastung \u2014 ideal f\u00fcr Behandlungsr\u00e4ume, in denen Klarheit entscheidend ist.<\/p>\n<p>In einem modernen Behandlungsraum wird dieses ANS-Chart zu einem subtilen, aber wirkungsvollen Instrument der Patientenaufkl\u00e4rung. Anstatt \u201eFight-or-Flight\u201c und \u201eRest-and-Digest\u201c abstrakt zu erkl\u00e4ren, k\u00f6nnen Sie direkt auf die Organwirkungen verweisen und erl\u00e4utern, wie eine autonome Dysregulation Symptome beeinflussen kann.<\/p>\n<p><strong>Kostenlose Personalisierung mit dem Namen Ihrer Klinik.<\/strong><br \/>\nF\u00fcr dieses Kunstwerk bieten wir an, den Namen Ihrer Klinik (oder Ihre Website-Adresse) kostenlos hinzuzuf\u00fcgen! Der Name wird anstelle der aktuellen Unter\u00fcberschrift auf dem Kunstwerk angezeigt. Eine Abbildung davon finden Sie in der Bildergalerie.<\/p>\n<p><a href=\"https:\/\/youtu.be\/Sr9sWT33zIA\"><img loading=\"lazy\" decoding=\"async\" class=\"alignleft size-full wp-image-17589\" src=\"https:\/\/educare.design\/wp-content\/uploads\/2023\/12\/youtube-logo.png\" alt=\"\" width=\"55\" height=\"22\" \/><\/a>Dieses Diagramm anzeigen <a href=\"https:\/\/youtu.be\/Sr9sWT33zIA\" target=\"_blank\" rel=\"noopener\">hier<\/a> auf YouTube oder <a href=\"https:\/\/educare.design\/de\/video-of-the-autonomic-nervous-system\/\" target=\"_blank\" rel=\"noopener\">hier<\/a>.<\/p>\n<p><strong>Black Edition.<\/strong><br \/>\nDieses Chart ist auch in einer speziellen schwarzen Edition erh\u00e4ltlich, die in der Bildergalerie zu sehen ist.<\/p>\n<p>\ud83c\uddec\ud83c\udde7 <a href=\"https:\/\/educare.design\/de\/kunstwerk\/anatomische-autonomes-nervensystem\/\" target=\"_blank\" rel=\"noopener\">View more details of the English version.<\/a><br \/>\n\ud83c\uddee\ud83c\uddf9 <a href=\"https:\/\/educare.design\/de\/kunstwerk\/il-sistema-nervoso-autonomo\/\" target=\"_blank\" rel=\"noopener\">Vedi i dettagli della versione italiana.<\/a><br \/>\n\ud83c\uddea\ud83c\uddf8 <a href=\"https:\/\/educare.design\/de\/kunstwerk\/el-sistema-nervioso-autonomo\/\" target=\"_blank\" rel=\"noopener\">Ver detalles de la versi\u00f3n en espa\u00f1ol.<\/a><br \/>\n\ud83c\udde9\ud83c\uddea <a href=\"https:\/\/educare.design\/de\/kunstwerk\/das-autonome-nervensystem\/\" target=\"_blank\" rel=\"noopener\">Details zur deutschen Version anzeigen.<\/a><br \/>\n\ud83c\uddeb\ud83c\uddf7 <a href=\"https:\/\/educare.design\/de\/kunstwerk\/le-systeme-nerveux-autonome\/\" target=\"_blank\" rel=\"noopener\">Voir les d\u00e9tails de la version fran\u00e7aise.<\/a><br \/>\n\ud83c\uddf3\ud83c\uddf1 <a href=\"https:\/\/educare.design\/de\/kunstwerk\/het-autonome-zenuwstelsel\/\" target=\"_blank\" rel=\"noopener\">Bekijk details van de Nederlandse versie.<\/a><br \/>\n\ud83c\uddf5\ud83c\uddf9 <a href=\"https:\/\/educare.design\/wp-content\/uploads\/2025\/02\/01_the-autonomic-nervous-system_portuguese.jpg\" target=\"_blank\" rel=\"noopener\">Veja mais detalhes da vers\u00e3o portuguesa.<\/a><br \/>\n\ud83c\uddf8\ud83c\uddea <a href=\"https:\/\/educare.design\/wp-content\/uploads\/2025\/02\/01_the-autonomic-nervous-system_svensk.jpg\" target=\"_blank\" rel=\"noopener\">Se fler detaljer om den svenska versionen.<\/a><br \/>\n\ud83c\uddf3\ud83c\uddf4 <a href=\"https:\/\/educare.design\/wp-content\/uploads\/2025\/02\/01_the-autonomic-nervous-system_norsk.jpg\" target=\"_blank\" rel=\"noopener\">Se flere detaljer om den norske versjonen.<\/a><br \/>\n\ud83c\udde9\ud83c\uddf0 <a href=\"https:\/\/educare.design\/wp-content\/uploads\/2025\/02\/01_the-autonomic-nervous-system_dansk.jpg\" target=\"_blank\" rel=\"noopener\">Se flere detaljer fra den danske version.<\/a><\/p>\n<p><strong>Integriere es in deine Praxis!<\/strong><br \/>\n<strong>\u2b07<\/strong> Hier bestellen.<\/p>","protected":false},"featured_media":27249,"template":"","meta":{"_acf_changed":false},"product_brand":[],"product_cat":[47],"product_tag":[502,504],"class_list":{"0":"post-27256","1":"product","2":"type-product","3":"status-publish","4":"has-post-thumbnail","6":"product_cat-anatomy","7":"product_tag-nervous-system","8":"product_tag-spine-structure","10":"first","11":"instock","12":"shipping-taxable","13":"purchasable","14":"product-type-variable","15":"has-default-attributes"},"acf":[],"jetpack_sharing_enabled":true,"_links":{"self":[{"href":"https:\/\/educare.design\/de\/wp-json\/wp\/v2\/product\/27256","targetHints":{"allow":["GET"]}}],"collection":[{"href":"https:\/\/educare.design\/de\/wp-json\/wp\/v2\/product"}],"about":[{"href":"https:\/\/educare.design\/de\/wp-json\/wp\/v2\/types\/product"}],"wp:featuredmedia":[{"embeddable":true,"href":"https:\/\/educare.design\/de\/wp-json\/wp\/v2\/media\/27249"}],"wp:attachment":[{"href":"https:\/\/educare.design\/de\/wp-json\/wp\/v2\/media?parent=27256"}],"wp:term":[{"taxonomy":"product_brand","embeddable":true,"href":"https:\/\/educare.design\/de\/wp-json\/wp\/v2\/product_brand?post=27256"},{"taxonomy":"product_cat","embeddable":true,"href":"https:\/\/educare.design\/de\/wp-json\/wp\/v2\/product_cat?post=27256"},{"taxonomy":"product_tag","embeddable":true,"href":"https:\/\/educare.design\/de\/wp-json\/wp\/v2\/product_tag?post=27256"}],"curies":[{"name":"wp","href":"https:\/\/api.w.org\/{rel}","templated":true}]}}