{"id":11838,"date":"2025-06-04T11:44:06","date_gmt":"2025-06-04T11:44:06","guid":{"rendered":"https:\/\/educare.design\/?post_type=product&#038;p=11838"},"modified":"2026-04-19T06:18:32","modified_gmt":"2026-04-19T06:18:32","slug":"organe-endokrines-system","status":"publish","type":"product","link":"https:\/\/educare.design\/de\/shop\/organs-and-endocrine-system\/","title":{"rendered":"Organe und Endokrines System"},"content":{"rendered":"<div id=\"fws_6a03705d49c0c\"  data-column-margin=\"default\" data-midnight=\"dark\"  class=\"wpb_row vc_row-fluid vc_row\"  style=\"padding-top: 0px; padding-bottom: 0px; \"><div class=\"row-bg-wrap\" data-bg-animation=\"none\" data-bg-animation-delay=\"\" data-bg-overlay=\"false\"><div class=\"inner-wrap row-bg-layer\" ><div class=\"row-bg viewport-desktop\"  style=\"\"><\/div><\/div><\/div><div class=\"row_col_wrap_12 col span_12 dark left\">\n\t<div  class=\"vc_col-sm-12 wpb_column column_container vc_column_container col no-extra-padding inherit_tablet inherit_phone flex_gap_desktop_10px\"  data-padding-pos=\"all\" data-has-bg-color=\"false\" data-bg-color=\"\" data-bg-opacity=\"1\" data-animation=\"\" data-delay=\"0\" >\n\t\t<div class=\"vc_column-inner\" >\n\t\t\t<div class=\"wpb_wrapper\">\n\t\t\t\t\n<div class=\"wpb_text_column wpb_content_element\" >\n\t<p>Teil von:<br \/>\n<a href=\"https:\/\/educare.design\/de\/item\/organs-physiology\/\" target=\"_blank\" rel=\"noopener\"><em>Organe &amp; Physiologie<\/em><\/a><br \/>\nAuch relevant f\u00fcr:<br \/>\n<a href=\"https:\/\/educare.design\/de\/item\/nervous-system\/\" target=\"_blank\" rel=\"noopener\"><em>Neuro &amp; Regulation<\/em><\/a><br \/>\nH\u00e4ufig kombiniert mit:<br \/>\n<a href=\"https:\/\/educare.design\/de\/shop\/anatomische-tafel-dermatome-nerveninnervation\/\" target=\"_blank\" rel=\"noopener\"><em>Dermatomes &amp; Cutaneous Innervation<\/em><\/a><em>, <a href=\"https:\/\/educare.design\/de\/shop\/autonomes-nervensystem-anatomie-tafel\/\" target=\"_blank\" rel=\"noopener\">Vegetatives Nervensystem<\/a><\/em><\/p>\n<p>Erh\u00e4ltlich als <a href=\"https:\/\/educare.design\/de\/posters\/\" target=\"_blank\" rel=\"noopener\">Posterdrucke<\/a> (<em>Rahmen nicht enthalten<\/em>), <a href=\"https:\/\/educare.design\/de\/leinwanddrucke\/\" target=\"_blank\" rel=\"noopener\">Leinwanddrucke<\/a> (<em>mit integrierten Rahmen<\/em>), <a href=\"https:\/\/educare.design\/de\/rollup-banners\/\" target=\"_blank\" rel=\"noopener\">Rollup Banner<\/a>, sowie zur Selbst\u00adausdruck-Version <a href=\"https:\/\/educare.design\/de\/digital-pdf-files\/\" target=\"_blank\" rel=\"noopener\">PDF-Dateien<\/a>. Durchst\u00f6bere die Bildergalerie, um die verf\u00fcgbaren Optionen f\u00fcr dieses Motiv zu sehen, inkl. <a href=\"https:\/\/educare.design\/de\/sizes-types\/\" target=\"_blank\" rel=\"noopener\">Typen und Gr\u00f6\u00dfen<\/a>, optionale Logoplatzierung und die zehn Sprachversionen!<\/p>\n<p>\ud83d\udca1 <strong>Besuchen Sie <a href=\"https:\/\/educare.design\/de\/insight\/\" target=\"_blank\" rel=\"noopener\">Insight<\/a> um den Artikel zu lesen:<\/strong><br \/>\n<a href=\"https:\/\/educare.design\/de\/understanding-organs-endocrine-system\/\" target=\"_blank\" rel=\"noopener\">Understanding the Organs &amp; Endocrine System<\/a>.<\/p>\n<p><span style=\"color: #488693;\"><strong>\u2605\u2605\u2605\u2605\u2605<\/strong><\/span> <em>\u201eDeine Arbeit ist wunderbar! Wirklich wunderbare Designs f\u00fcr Kliniken.\u201c<\/em> - \ud83c\uddfa\ud83c\uddf8 <a href=\"https:\/\/www.instagram.com\/michellevenezianodo\/?hl=en\" target=\"_blank\" rel=\"noopener\">DC Veneziano<\/a><\/p>\n<\/div>\n\n\n\n\n\t\t\t<\/div> \n\t\t<\/div>\n\t<\/div> \n<\/div><\/div>","protected":false},"excerpt":{"rendered":"<p>Struktur, hormonelle Regulation und Systemintegration. Das Organe und Endokrines System Anatomie Chart stellt den K\u00f6rper als integriertes Regulationsnetzwerk dar und nicht als Ansammlung isolierter Strukturen. Durch die Kombination innerer Organe mit zentralen endokrinen Dr\u00fcsen visualisiert das Artwork, wie hormonelle Signal\u00fcbertragung Stoffwechsel, Wachstum, Reproduktion, Immunmodulation und Energiehaushalt koordiniert.<\/p>\n<p>Das endokrine System ist f\u00fcr Patientinnen und Patienten oft schwer verst\u00e4ndlich, da es unsichtbar arbeitet. Hormone zirkulieren im Blutkreislauf und beeinflussen entfernte Gewebe ohne sichtbare mechanische Bewegung. Dieses Chart macht diese Regulation sichtbar. Hypophyse, Hypothalamus, Schilddr\u00fcse, Nebenschilddr\u00fcsen, Thymus, Pankreas, Nebennieren und Reproduktionsorgane sind klar im anatomischen Kontext positioniert und erm\u00f6glichen pr\u00e4zise Erkl\u00e4rungen von Kontrollhierarchien und R\u00fcckkopplungsmechanismen.<\/p>\n<p>Anstelle fragmentierter Erkl\u00e4rungen unterst\u00fctzt das Chart strukturierte Gespr\u00e4che. M\u00fcdigkeit kann im Zusammenhang mit Nebennierenregulation und Schilddr\u00fcsenaktivit\u00e4t erl\u00e4utert werden. Blutzuckerregulation wird \u00fcber die Pankreasfunktion visualisiert. Stressreaktion, reproduktive Gesundheit und metabolisches Gleichgewicht erscheinen als koordinierte Prozesse.<\/p>\n<p>Das mehrschichtige visuelle Design integriert zirkulatorische, nervale und lymphatische Elemente und verdeutlicht, dass endokrine Signalgebung nicht isoliert funktioniert. Besonders wertvoll in systembasierten Versorgungskonzepten.<\/p>\n<p>Kein akademisch \u00fcberladenes Diagramm, sondern ein klinisch nutzbares Kommunikationsinstrument, das Erkl\u00e4rungszeit reduziert, Patientenverst\u00e4ndnis st\u00e4rkt und die professionelle Au\u00dfenwirkung der Praxis unterst\u00fctzt.<\/p>\n<p><a href=\"https:\/\/youtu.be\/EMpTn1XMNgg\"><img loading=\"lazy\" decoding=\"async\" class=\"alignleft size-full wp-image-17589\" src=\"https:\/\/educare.design\/wp-content\/uploads\/2023\/12\/youtube-logo.png\" alt=\"\" width=\"55\" height=\"22\" \/><\/a>Dieses Diagramm anzeigen <a href=\"https:\/\/youtu.be\/EMpTn1XMNgg\" target=\"_blank\" rel=\"noopener\">hier<\/a> auf YouTube an.<\/p>\n<p>\ud83c\uddec\ud83c\udde7 <a href=\"https:\/\/educare.design\/wp-content\/uploads\/2023\/12\/english_organs-endocrines.jpg\" target=\"_blank\" rel=\"noopener\">View more details of the English version.<\/a><br \/>\n\ud83c\uddee\ud83c\uddf9 <a href=\"https:\/\/educare.design\/wp-content\/uploads\/2023\/12\/italian_organs-endocrines.jpg\" target=\"_blank\" rel=\"noopener\">Vedi i dettagli della versione italiana.<\/a><br \/>\n\ud83c\uddea\ud83c\uddf8 <a href=\"https:\/\/educare.design\/wp-content\/uploads\/2023\/12\/spanish_organs-endocrines.jpg\" target=\"_blank\" rel=\"noopener\">Ver detalles de la versi\u00f3n en espa\u00f1ol.<\/a><br \/>\n\ud83c\udde9\ud83c\uddea <a href=\"https:\/\/educare.design\/wp-content\/uploads\/2023\/12\/german_organs-endocrines.jpg\" target=\"_blank\" rel=\"noopener\">Details zur deutschen Version anzeigen.<\/a><br \/>\n\ud83c\uddeb\ud83c\uddf7 <a href=\"https:\/\/educare.design\/wp-content\/uploads\/2023\/12\/french_organs-endocrines.jpg\" target=\"_blank\" rel=\"noopener\">Voir les d\u00e9tails de la version fran\u00e7aise.<\/a><br \/>\n\ud83c\uddf3\ud83c\uddf1 <a href=\"https:\/\/educare.design\/wp-content\/uploads\/2023\/12\/dutch_organs-endocrines.jpg\" target=\"_blank\" rel=\"noopener\">Bekijk details van de Nederlandse versie.<\/a><br \/>\n\ud83c\uddf5\ud83c\uddf9 <a href=\"https:\/\/educare.design\/wp-content\/uploads\/2023\/12\/portuguese_organs-endocrines.jpg\" target=\"_blank\" rel=\"noopener\">Veja mais detalhes da vers\u00e3o portuguesa.<\/a><br \/>\n\ud83c\uddf8\ud83c\uddea <a href=\"https:\/\/educare.design\/wp-content\/uploads\/2023\/12\/svensk_organs-endocrines.jpg\" target=\"_blank\" rel=\"noopener\">Se fler detaljer om den svenska versionen.<\/a><br \/>\n\ud83c\uddf3\ud83c\uddf4 <a href=\"https:\/\/educare.design\/wp-content\/uploads\/2023\/12\/norsk_organs-endocrines.jpg\" target=\"_blank\" rel=\"noopener\">Se flere detaljer om den norske versjonen.<\/a><br \/>\n\ud83c\udde9\ud83c\uddf0 <a href=\"https:\/\/educare.design\/wp-content\/uploads\/2023\/12\/dansk_organs-endocrines.jpg\" target=\"_blank\" rel=\"noopener\">Se flere detaljer fra den danske version.<\/a><\/p>\n<p><strong>Integriere es in deine Praxis!<\/strong><br \/>\n<strong>\u2b07<\/strong> Hier bestellen.<\/p>","protected":false},"featured_media":11861,"template":"","meta":{"_acf_changed":false},"product_brand":[],"product_cat":[47],"product_tag":[531],"class_list":{"0":"post-11838","1":"product","2":"type-product","3":"status-publish","4":"has-post-thumbnail","6":"product_cat-anatomy","7":"product_tag-organs-physiology","9":"first","10":"instock","11":"shipping-taxable","12":"purchasable","13":"product-type-variable","14":"has-default-attributes"},"acf":[],"jetpack_sharing_enabled":true,"_links":{"self":[{"href":"https:\/\/educare.design\/de\/wp-json\/wp\/v2\/product\/11838","targetHints":{"allow":["GET"]}}],"collection":[{"href":"https:\/\/educare.design\/de\/wp-json\/wp\/v2\/product"}],"about":[{"href":"https:\/\/educare.design\/de\/wp-json\/wp\/v2\/types\/product"}],"wp:featuredmedia":[{"embeddable":true,"href":"https:\/\/educare.design\/de\/wp-json\/wp\/v2\/media\/11861"}],"wp:attachment":[{"href":"https:\/\/educare.design\/de\/wp-json\/wp\/v2\/media?parent=11838"}],"wp:term":[{"taxonomy":"product_brand","embeddable":true,"href":"https:\/\/educare.design\/de\/wp-json\/wp\/v2\/product_brand?post=11838"},{"taxonomy":"product_cat","embeddable":true,"href":"https:\/\/educare.design\/de\/wp-json\/wp\/v2\/product_cat?post=11838"},{"taxonomy":"product_tag","embeddable":true,"href":"https:\/\/educare.design\/de\/wp-json\/wp\/v2\/product_tag?post=11838"}],"curies":[{"name":"wp","href":"https:\/\/api.w.org\/{rel}","templated":true}]}}